{"id":536,"date":"2016-02-02T16:19:54","date_gmt":"2016-02-02T15:19:54","guid":{"rendered":"http:\/\/www.ashotels.it\/en\/?page_id=536"},"modified":"2021-07-27T12:47:49","modified_gmt":"2021-07-27T10:47:49","slug":"restaurants-2","status":"publish","type":"page","link":"https:\/\/www.ashotels.it\/en\/restaurants-2","title":{"rendered":"Restaurant suitable for any meeting"},"content":{"rendered":"<p class=\"sottotitolo\" style=\"text-align: center;\">Our restaurant is the ideal location for any corporate events, business breakfasts, lunches, dinners, large-scale conferences ad more. All guests can choose different type of menu, <strong>a la carte dishes or a personalized menu<\/strong> with <strong>vegetarian and gluten-free dishes<\/strong>, but also quick meals including <strong>room service<\/strong> from 7.00 a.m. to 11 p.m.&nbsp;for those who want to taste lunch or dinner in the privacy of their own room.<\/p>\n","protected":false},"excerpt":{"rendered":"<p>Our restaurant is the ideal location for any corporate events, business breakfasts, lunches, dinners, large-scale conferences ad more. All guests can choose different type of menu, a la carte dishes or a personalized menu with vegetarian and gluten-free dishes, but<span class=\"ellipsis\">&hellip;<\/span><\/p>\n<div class=\"read-more\"><a href=\"https:\/\/www.ashotels.it\/en\/restaurants-2\">Read more &#8250;<\/a><\/div>\n<p><!-- end of .read-more --><\/p>\n","protected":false},"author":2,"featured_media":0,"parent":0,"menu_order":0,"comment_status":"closed","ping_status":"closed","template":"duecolonne-page.php","meta":{"_acf_changed":false,"inline_featured_image":false,"ngg_post_thumbnail":0,"footnotes":""},"class_list":["post-536","page","type-page","status-publish","hentry"],"acf":[],"yoast_head":"<!-- This site is optimized with the Yoast SEO plugin v27.0 - https:\/\/yoast.com\/product\/yoast-seo-wordpress\/ -->\n<title>Restaurants f\u00fcr Veranstaltungen und Business Tagungen in der N\u00e4he von Mailand | AS Hotels<\/title>\n<meta name=\"description\" content=\"Unsere Restaurants sind ideal f\u00fcr Firmenveranstaltungen: Business-Fr\u00fchst\u00fcck, Mittag- und Abendessen und gro\u00dfe Konferenzen.\" \/>\n<meta name=\"robots\" content=\"index, follow, max-snippet:-1, max-image-preview:large, max-video-preview:-1\" \/>\n<link rel=\"canonical\" href=\"https:\/\/www.ashotels.it\/en\/restaurants-2\" \/>\n<meta property=\"og:locale\" content=\"en_US\" \/>\n<meta property=\"og:type\" content=\"article\" \/>\n<meta property=\"og:title\" content=\"Restaurants f\u00fcr Veranstaltungen und Business Tagungen in der N\u00e4he von Mailand | AS Hotels\" \/>\n<meta property=\"og:description\" content=\"Unsere Restaurants sind ideal f\u00fcr Firmenveranstaltungen: Business-Fr\u00fchst\u00fcck, Mittag- und Abendessen und gro\u00dfe Konferenzen.\" \/>\n<meta property=\"og:url\" content=\"https:\/\/www.ashotels.it\/en\/restaurants-2\" \/>\n<meta property=\"og:site_name\" content=\"AS Hotels\" \/>\n<meta property=\"article:publisher\" content=\"https:\/\/www.facebook.com\/AsHotels\" \/>\n<meta property=\"article:modified_time\" content=\"2021-07-27T10:47:49+00:00\" \/>\n<meta name=\"twitter:card\" content=\"summary_large_image\" \/>\n<meta name=\"twitter:site\" content=\"@ASHOTELS1\" \/>\n<script type=\"application\/ld+json\" class=\"yoast-schema-graph\">{\"@context\":\"https:\/\/schema.org\",\"@graph\":[{\"@type\":\"WebPage\",\"@id\":\"https:\/\/www.ashotels.it\/en\/restaurants-2\",\"url\":\"https:\/\/www.ashotels.it\/en\/restaurants-2\",\"name\":\"Restaurants f\u00fcr Veranstaltungen und Business Tagungen in der N\u00e4he von Mailand | AS Hotels\",\"isPartOf\":{\"@id\":\"https:\/\/www.ashotels.it\/en#website\"},\"datePublished\":\"2016-02-02T15:19:54+00:00\",\"dateModified\":\"2021-07-27T10:47:49+00:00\",\"description\":\"Unsere Restaurants sind ideal f\u00fcr Firmenveranstaltungen: Business-Fr\u00fchst\u00fcck, Mittag- und Abendessen und gro\u00dfe Konferenzen.\",\"breadcrumb\":{\"@id\":\"https:\/\/www.ashotels.it\/en\/restaurants-2#breadcrumb\"},\"inLanguage\":\"en-US\",\"potentialAction\":[{\"@type\":\"ReadAction\",\"target\":[\"https:\/\/www.ashotels.it\/en\/restaurants-2\"]}]},{\"@type\":\"BreadcrumbList\",\"@id\":\"https:\/\/www.ashotels.it\/en\/restaurants-2#breadcrumb\",\"itemListElement\":[{\"@type\":\"ListItem\",\"position\":1,\"name\":\"Home\",\"item\":\"https:\/\/www.ashotels.it\/en\"},{\"@type\":\"ListItem\",\"position\":2,\"name\":\"Restaurant suitable for any meeting\"}]},{\"@type\":\"WebSite\",\"@id\":\"https:\/\/www.ashotels.it\/en#website\",\"url\":\"https:\/\/www.ashotels.it\/en\",\"name\":\"AS Hotels\",\"description\":\"\",\"potentialAction\":[{\"@type\":\"SearchAction\",\"target\":{\"@type\":\"EntryPoint\",\"urlTemplate\":\"https:\/\/www.ashotels.it\/en?s={search_term_string}\"},\"query-input\":{\"@type\":\"PropertyValueSpecification\",\"valueRequired\":true,\"valueName\":\"search_term_string\"}}],\"inLanguage\":\"en-US\"}]}<\/script>\n<!-- \/ Yoast SEO plugin. -->","yoast_head_json":{"title":"Restaurants f\u00fcr Veranstaltungen und Business Tagungen in der N\u00e4he von Mailand | AS Hotels","description":"Unsere Restaurants sind ideal f\u00fcr Firmenveranstaltungen: Business-Fr\u00fchst\u00fcck, Mittag- und Abendessen und gro\u00dfe Konferenzen.","robots":{"index":"index","follow":"follow","max-snippet":"max-snippet:-1","max-image-preview":"max-image-preview:large","max-video-preview":"max-video-preview:-1"},"canonical":"https:\/\/www.ashotels.it\/en\/restaurants-2","og_locale":"en_US","og_type":"article","og_title":"Restaurants f\u00fcr Veranstaltungen und Business Tagungen in der N\u00e4he von Mailand | AS Hotels","og_description":"Unsere Restaurants sind ideal f\u00fcr Firmenveranstaltungen: Business-Fr\u00fchst\u00fcck, Mittag- und Abendessen und gro\u00dfe Konferenzen.","og_url":"https:\/\/www.ashotels.it\/en\/restaurants-2","og_site_name":"AS Hotels","article_publisher":"https:\/\/www.facebook.com\/AsHotels","article_modified_time":"2021-07-27T10:47:49+00:00","twitter_card":"summary_large_image","twitter_site":"@ASHOTELS1","schema":{"@context":"https:\/\/schema.org","@graph":[{"@type":"WebPage","@id":"https:\/\/www.ashotels.it\/en\/restaurants-2","url":"https:\/\/www.ashotels.it\/en\/restaurants-2","name":"Restaurants f\u00fcr Veranstaltungen und Business Tagungen in der N\u00e4he von Mailand | AS Hotels","isPartOf":{"@id":"https:\/\/www.ashotels.it\/en#website"},"datePublished":"2016-02-02T15:19:54+00:00","dateModified":"2021-07-27T10:47:49+00:00","description":"Unsere Restaurants sind ideal f\u00fcr Firmenveranstaltungen: Business-Fr\u00fchst\u00fcck, Mittag- und Abendessen und gro\u00dfe Konferenzen.","breadcrumb":{"@id":"https:\/\/www.ashotels.it\/en\/restaurants-2#breadcrumb"},"inLanguage":"en-US","potentialAction":[{"@type":"ReadAction","target":["https:\/\/www.ashotels.it\/en\/restaurants-2"]}]},{"@type":"BreadcrumbList","@id":"https:\/\/www.ashotels.it\/en\/restaurants-2#breadcrumb","itemListElement":[{"@type":"ListItem","position":1,"name":"Home","item":"https:\/\/www.ashotels.it\/en"},{"@type":"ListItem","position":2,"name":"Restaurant suitable for any meeting"}]},{"@type":"WebSite","@id":"https:\/\/www.ashotels.it\/en#website","url":"https:\/\/www.ashotels.it\/en","name":"AS Hotels","description":"","potentialAction":[{"@type":"SearchAction","target":{"@type":"EntryPoint","urlTemplate":"https:\/\/www.ashotels.it\/en?s={search_term_string}"},"query-input":{"@type":"PropertyValueSpecification","valueRequired":true,"valueName":"search_term_string"}}],"inLanguage":"en-US"}]}},"_links":{"self":[{"href":"https:\/\/www.ashotels.it\/en\/wp-json\/wp\/v2\/pages\/536","targetHints":{"allow":["GET"]}}],"collection":[{"href":"https:\/\/www.ashotels.it\/en\/wp-json\/wp\/v2\/pages"}],"about":[{"href":"https:\/\/www.ashotels.it\/en\/wp-json\/wp\/v2\/types\/page"}],"author":[{"embeddable":true,"href":"https:\/\/www.ashotels.it\/en\/wp-json\/wp\/v2\/users\/2"}],"replies":[{"embeddable":true,"href":"https:\/\/www.ashotels.it\/en\/wp-json\/wp\/v2\/comments?post=536"}],"version-history":[{"count":4,"href":"https:\/\/www.ashotels.it\/en\/wp-json\/wp\/v2\/pages\/536\/revisions"}],"predecessor-version":[{"id":15158,"href":"https:\/\/www.ashotels.it\/en\/wp-json\/wp\/v2\/pages\/536\/revisions\/15158"}],"wp:attachment":[{"href":"https:\/\/www.ashotels.it\/en\/wp-json\/wp\/v2\/media?parent=536"}],"curies":[{"name":"wp","href":"https:\/\/api.w.org\/{rel}","templated":true}]}}