{"id":1873,"date":"2016-03-03T17:01:09","date_gmt":"2016-03-03T16:01:09","guid":{"rendered":"http:\/\/www.ashotels.it\/es\/?page_id=1873"},"modified":"2017-08-23T10:19:49","modified_gmt":"2017-08-23T08:19:49","slug":"offerta-especiales","status":"publish","type":"page","link":"https:\/\/www.ashotels.it\/es\/as-hotel-dei-giovi\/offerta-especiales","title":{"rendered":"Ofertas especiales"},"content":{"rendered":"<p class=\"post-entry sottotitolo\" style=\"text-align: center;\">Obtener sus ofertas y propuestas pensadas para usted<\/p>\n<div id=\"filtro_eventi\">\r\n    <span id=\"filtro_eventi_btn\">\r\n\t\tFitra por        <span>&nbsp;<\/span>\r\n    <\/span>\r\n    <div id=\"filtro_eventi_container\">\r\n        <div>\r\n        \t<img loading=\"lazy\" decoding=\"async\" id=\"img_filtro1\" onclick=\"setFilto('categoria1')\" src=\"https:\/\/www.ashotels.it\/wp-content\/themes\/ashotels\/images\/filtro_off.png\" width=\"19\" height=\"19\" \/>\r\n        \t<input type=\"checkbox\" value=\"1\" onchange=\"javascript:filtraOfferte()\" id=\"categoria1\" \/> <label for=\"categoria1\">Negocios y ferias<\/label>\r\n        <\/div>\r\n        <div>\r\n        \t<img loading=\"lazy\" decoding=\"async\" id=\"img_filtro2\" onclick=\"setFilto('categoria2')\" src=\"https:\/\/www.ashotels.it\/wp-content\/themes\/ashotels\/images\/filtro_off.png\" width=\"19\" height=\"19\" \/>\r\n        \t<input type=\"checkbox\" value=\"2\" onchange=\"javascript:filtraOfferte()\" id=\"categoria2\" \/> <label for=\"categoria2\">Ideas fin de semana<\/label>\r\n        <\/div>\r\n        <div>\r\n        \t<img loading=\"lazy\" decoding=\"async\" id=\"img_filtro3\" onclick=\"setFilto('categoria3')\" src=\"https:\/\/www.ashotels.it\/wp-content\/themes\/ashotels\/images\/filtro_off.png\" width=\"19\" height=\"19\" \/>\r\n        \t<input type=\"checkbox\" value=\"3\" onchange=\"javascript:filtraOfferte()\" id=\"categoria3\" \/> <label for=\"categoria3\">Eventos y festividades<\/label>\r\n        <\/div>\r\n        <div class=\"clear\"><\/div>\r\n\t<\/div>\r\n<\/div>\r\n<script type=\"text\/javascript\">\r\nfunction filtraOfferte() {\r\n\tif(jQuery('#categoria1').prop('checked')) {\r\n\t\tjQuery('#img_filtro1').attr('src', 'https:\/\/www.ashotels.it\/wp-content\/themes\/ashotels\/images\/filtro_on.png');\r\n\t\tjQuery('.categoria1').show('fast');\r\n\t} else {\r\n\t\tjQuery('#img_filtro1').attr('src', 'https:\/\/www.ashotels.it\/wp-content\/themes\/ashotels\/images\/filtro_off.png');\r\n\t\tjQuery('.categoria1').hide('fast');\r\n\t}\r\n\tif(jQuery('#categoria2').prop('checked')) {\r\n\t\tjQuery('#img_filtro2').attr('src', 'https:\/\/www.ashotels.it\/wp-content\/themes\/ashotels\/images\/filtro_on.png');\r\n\t\tjQuery('.categoria2').show('fast');\r\n\t} else {\r\n\t\tjQuery('#img_filtro2').attr('src', 'https:\/\/www.ashotels.it\/wp-content\/themes\/ashotels\/images\/filtro_off.png');\r\n\t\tjQuery('.categoria2').hide('fast');\r\n\t}\r\n\tif(jQuery('#categoria3').prop('checked')) {\r\n\t\tjQuery('#img_filtro3').attr('src', 'https:\/\/www.ashotels.it\/wp-content\/themes\/ashotels\/images\/filtro_on.png');\r\n\t\tjQuery('.categoria3').show('fast');\r\n\t} else {\r\n\t\tjQuery('#img_filtro3').attr('src', 'https:\/\/www.ashotels.it\/wp-content\/themes\/ashotels\/images\/filtro_off.png');\r\n\t\tjQuery('.categoria3').hide('fast');\r\n\t}\r\n\t\/\/ se non \u00e8 selezionata nessuna categoria mostra tutte le offerte\r\n\tif(!jQuery('#categoria1').prop('checked') && !jQuery('#categoria2').prop('checked') && !jQuery('#categoria3').prop('checked')) {\r\n\t\tjQuery('.categoria1').show('fast');\r\n\t\tjQuery('.categoria2').show('fast');\r\n\t\tjQuery('.categoria3').show('fast');\r\n\t}\r\n}\r\n\r\nfunction setFilto(id) {\r\n\tjQuery('#'+id).prop('checked', jQuery('#'+id).prop('checked') ? false : true );\r\n\tfiltraOfferte();\r\n}\r\n\r\njQuery(function(){\r\n\tif(jQuery(window).width()<=650) {\r\n\t\tjQuery('#filtro_eventi_btn').click(function(){\r\n\t\t\tjQuery('#filtro_eventi_container').slideToggle(function(){\r\n\t\t\t\tif(jQuery(this).is(':visible')) {\r\n\t\t\t\t\tjQuery('#filtro_eventi_btn').css('backgroundImage','url(https:\/\/www.ashotels.it\/wp-content\/themes\/ashotels\/images\/meno_filtro.png)');\r\n\t\t\t\t} else {\r\n\t\t\t\t\tjQuery('#filtro_eventi_btn').css('backgroundImage','url(https:\/\/www.ashotels.it\/wp-content\/themes\/ashotels\/images\/piu_filtro.png)');\r\n\t\t\t\t}\r\n\t\t\t});\r\n\t\t});\r\n\t}\r\n});\r\n<\/script>\r\n\r\n<div>    <div id=\"post-24076\" class=\"box_offerta categoria1\"><a href=\"https:\/\/www.ashotels.it\/es\/ofertas\/salone-del-mobile-milano-2026\" title=\"SALONE DEL MOBILE21-26 April 2026\">\r\n\t\t<div class=\"relative\">\r\n        \t<img decoding=\"async\" src=\"https:\/\/www.ashotels.it\/wp-content\/uploads\/2026\/03\/570x380_SaloneDelMobile_21-26Aprile.jpg\" alt=\"SALONE DEL MOBILE21-26 April 2026\" \/>\r\n        \t<div class=\"hover\"><\/div>\r\n            <img decoding=\"async\" class=\"offerta_consigliata\" src=\"https:\/\/www.ashotels.it\/wp-content\/themes\/ashotels\/images\/offerta_consigliata_es.png\" alt=\"Oferta recomendada\" \/>\r\n                    <\/div>\r\n        <div class=\"descrizione\">\r\n        \t<h3>SALONE DEL MOBILE<br>21-26 &hellip;<\/h3>\r\n        \t<p>Between innovation and sustainability<\/p>\r\n    \t<\/div>\r\n    <\/a><\/div>\r\n    <div id=\"post-24115\" class=\"box_offerta categoria1\"><a href=\"https:\/\/www.ashotels.it\/es\/ofertas\/tutto-food-milano-2026\" title=\"TUTTO FOOD MILANO11-14 May 2026\">\r\n\t\t<div class=\"relative\">\r\n        \t<img decoding=\"async\" src=\"https:\/\/www.ashotels.it\/wp-content\/uploads\/2026\/03\/570x380_TuttoFood_11-14Maggio.jpg\" alt=\"TUTTO FOOD MILANO11-14 May 2026\" \/>\r\n        \t<div class=\"hover\"><\/div>\r\n            <img decoding=\"async\" class=\"offerta_consigliata\" src=\"https:\/\/www.ashotels.it\/wp-content\/themes\/ashotels\/images\/offerta_consigliata_es.png\" alt=\"Oferta recomendada\" \/>\r\n                    <\/div>\r\n        <div class=\"descrizione\">\r\n        \t<h3>TUTTO FOOD MILANO<br>11-14 May&hellip;<\/h3>\r\n        \t<p>The future of food in Milan<\/p>\r\n    \t<\/div>\r\n    <\/a><\/div>\r\n    <div id=\"post-24156\" class=\"box_offerta categoria1\"><a href=\"https:\/\/www.ashotels.it\/es\/ofertas\/ai-week-2026\" title=\"AI Week19-20 MAY 2026\">\r\n\t\t<div class=\"relative\">\r\n        \t<img decoding=\"async\" src=\"https:\/\/www.ashotels.it\/wp-content\/uploads\/2026\/03\/570x380_AIWeek_19-20Maggio.jpg\" alt=\"AI Week19-20 MAY 2026\" \/>\r\n        \t<div class=\"hover\"><\/div>\r\n            <img decoding=\"async\" class=\"offerta_consigliata\" src=\"https:\/\/www.ashotels.it\/wp-content\/themes\/ashotels\/images\/offerta_consigliata_es.png\" alt=\"Oferta recomendada\" \/>\r\n                    <\/div>\r\n        <div class=\"descrizione\">\r\n        \t<h3>AI Week<br>19-20 MAY 2026&hellip;<\/h3>\r\n        \t<p>The European benchmark event for Artificial Intelligence<\/p>\r\n    \t<\/div>\r\n    <\/a><\/div>\r\n    <div id=\"post-24576\" class=\"box_offerta categoria3\"><a href=\"https:\/\/www.ashotels.it\/es\/ofertas\/concerti-fiera-milano-live-2026\" title=\"FIERA MILANO LIVE CONCERTS 2026\">\r\n\t\t<div class=\"relative\">\r\n        \t<img decoding=\"async\" src=\"https:\/\/www.ashotels.it\/wp-content\/uploads\/2026\/04\/570x380_FieraLive26_1.jpg\" alt=\"FIERA MILANO LIVE CONCERTS 2026\" \/>\r\n        \t<div class=\"hover\"><\/div>\r\n            <img decoding=\"async\" class=\"offerta_consigliata\" src=\"https:\/\/www.ashotels.it\/wp-content\/themes\/ashotels\/images\/offerta_consigliata_es.png\" alt=\"Oferta recomendada\" \/>\r\n                    <\/div>\r\n        <div class=\"descrizione\">\r\n        \t<h3>FIERA MILANO LIVE CONCERTS &hellip;<\/h3>\r\n        \t<p>Another unforgettable season!<\/p>\r\n    \t<\/div>\r\n    <\/a><\/div>\r\n    <div id=\"post-24151\" class=\"box_offerta categoria1\"><a href=\"https:\/\/www.ashotels.it\/es\/ofertas\/anteprimadestate-artigianoinfiera2026\" title=\"ARTIGIANO IN FIERA29 May &#8211; 2 June 2026\">\r\n\t\t<div class=\"relative\">\r\n        \t<img decoding=\"async\" src=\"https:\/\/www.ashotels.it\/wp-content\/uploads\/2026\/03\/570x380_ArtigianoInFiera_29mag2giu.jpg\" alt=\"ARTIGIANO IN FIERA29 May &#8211; 2 June 2026\" \/>\r\n        \t<div class=\"hover\"><\/div>\r\n            <img decoding=\"async\" class=\"offerta_consigliata\" src=\"https:\/\/www.ashotels.it\/wp-content\/themes\/ashotels\/images\/offerta_consigliata_es.png\" alt=\"Oferta recomendada\" \/>\r\n                    <\/div>\r\n        <div class=\"descrizione\">\r\n        \t<h3>ARTIGIANO IN FIERA<br>29 May &hellip;<\/h3>\r\n        \t<p>Traditions, creativity, and flavors from around the world<\/p>\r\n    \t<\/div>\r\n    <\/a><\/div>\r\n    <div id=\"post-24580\" class=\"box_offerta categoria3\"><a href=\"https:\/\/www.ashotels.it\/es\/ofertas\/summer-2026-concerts-milan-san-siro\" title=\"Summer 2026 ConcertsMilan San Siro\">\r\n\t\t<div class=\"relative\">\r\n        \t<img decoding=\"async\" src=\"https:\/\/www.ashotels.it\/wp-content\/uploads\/2026\/04\/570x380_SANSIRO26_1-1.jpg\" alt=\"Summer 2026 ConcertsMilan San Siro\" \/>\r\n        \t<div class=\"hover\"><\/div>\r\n            <img decoding=\"async\" class=\"offerta_consigliata\" src=\"https:\/\/www.ashotels.it\/wp-content\/themes\/ashotels\/images\/offerta_consigliata_es.png\" alt=\"Oferta recomendada\" \/>\r\n                    <\/div>\r\n        <div class=\"descrizione\">\r\n        \t<h3>Summer 2026 Concerts<br>Milan &hellip;<\/h3>\r\n        \t<p>A summer of concerts at San Siro!<\/p>\r\n    \t<\/div>\r\n    <\/a><\/div>\r\n    <div id=\"post-24170\" class=\"box_offerta categoria3\"><a href=\"https:\/\/www.ashotels.it\/es\/ofertas\/monza-aci-racing-weekend-2026\" title=\"ACI RACING WEEKEND 2026MONZA 19-21 JUNE\">\r\n\t\t<div class=\"relative\">\r\n        \t<img decoding=\"async\" src=\"https:\/\/www.ashotels.it\/wp-content\/uploads\/2026\/03\/570x380_ACIRacing_2026.jpg\" alt=\"ACI RACING WEEKEND 2026MONZA 19-21 JUNE\" \/>\r\n        \t<div class=\"hover\"><\/div>\r\n            <img decoding=\"async\" class=\"offerta_consigliata\" src=\"https:\/\/www.ashotels.it\/wp-content\/themes\/ashotels\/images\/offerta_consigliata_es.png\" alt=\"Oferta recomendada\" \/>\r\n                    <\/div>\r\n        <div class=\"descrizione\">\r\n        \t<h3>ACI RACING WEEKEND &hellip;<\/h3>\r\n        \t<p>Speed, emotions and comfort in Monza<\/p>\r\n    \t<\/div>\r\n    <\/a><\/div>\r\n    <div id=\"post-24584\" class=\"box_offerta categoria3\"><a href=\"https:\/\/www.ashotels.it\/es\/ofertas\/idays-2026-racecourses-san-siro-la-maura-milano\" title=\"I-DAYS 2026SNAI RacecoursesSan Siro &#038; La Maura\">\r\n\t\t<div class=\"relative\">\r\n        \t<img decoding=\"async\" src=\"https:\/\/www.ashotels.it\/wp-content\/uploads\/2026\/04\/570x380_I-DAYS26_1.jpg\" alt=\"I-DAYS 2026SNAI RacecoursesSan Siro &#038; La Maura\" \/>\r\n        \t<div class=\"hover\"><\/div>\r\n            <img decoding=\"async\" class=\"offerta_consigliata\" src=\"https:\/\/www.ashotels.it\/wp-content\/themes\/ashotels\/images\/offerta_consigliata_es.png\" alt=\"Oferta recomendada\" \/>\r\n                    <\/div>\r\n        <div class=\"descrizione\">\r\n        \t<h3>I-DAYS 2026<br>SNAI &hellip;<\/h3>\r\n        \t<p>Indipendent Days Festival 2026<\/p>\r\n    \t<\/div>\r\n    <\/a><\/div>\r\n    <div id=\"post-24183\" class=\"box_offerta categoria3\"><a href=\"https:\/\/www.ashotels.it\/es\/ofertas\/mimo-2026-autodromo-monza\" title=\"MIMO 2026 Monza 26-28 JUNE\">\r\n\t\t<div class=\"relative\">\r\n        \t<img decoding=\"async\" src=\"https:\/\/www.ashotels.it\/wp-content\/uploads\/2026\/03\/570x380_MIMO-2026.jpg\" alt=\"MIMO 2026 Monza 26-28 JUNE\" \/>\r\n        \t<div class=\"hover\"><\/div>\r\n            <img decoding=\"async\" class=\"offerta_consigliata\" src=\"https:\/\/www.ashotels.it\/wp-content\/themes\/ashotels\/images\/offerta_consigliata_es.png\" alt=\"Oferta recomendada\" \/>\r\n                    <\/div>\r\n        <div class=\"descrizione\">\r\n        \t<h3>MIMO 2026 <br>Monza 26-28 JUNE&hellip;<\/h3>\r\n        \t<p>The great motor festival<\/p>\r\n    \t<\/div>\r\n    <\/a><\/div>\r\n    <div id=\"post-24204\" class=\"box_offerta categoria1\"><a href=\"https:\/\/www.ashotels.it\/es\/ofertas\/milano-unica-july-2026\" title=\"MILANO UNICA7-9 July 2026\">\r\n\t\t<div class=\"relative\">\r\n        \t<img decoding=\"async\" src=\"https:\/\/www.ashotels.it\/wp-content\/uploads\/2026\/03\/570x380_MU_7-9Luglio.jpg\" alt=\"MILANO UNICA7-9 July 2026\" \/>\r\n        \t<div class=\"hover\"><\/div>\r\n            <img decoding=\"async\" class=\"offerta_consigliata\" src=\"https:\/\/www.ashotels.it\/wp-content\/themes\/ashotels\/images\/offerta_consigliata_es.png\" alt=\"Oferta recomendada\" \/>\r\n                    <\/div>\r\n        <div class=\"descrizione\">\r\n        \t<h3>MILANO UNICA<br>7-9 July 2026&hellip;<\/h3>\r\n        \t<p>The heart of the global textile supply chain<\/p>\r\n    \t<\/div>\r\n    <\/a><\/div>\r\n    <div id=\"post-24217\" class=\"box_offerta categoria3\"><a href=\"https:\/\/www.ashotels.it\/es\/ofertas\/grand-prix-f1-4-6-september-2026\" title=\"Grand Prix F1  4-6 September 2026\">\r\n\t\t<div class=\"relative\">\r\n        \t<img decoding=\"async\" src=\"https:\/\/www.ashotels.it\/wp-content\/uploads\/2026\/03\/570x380_GPF1-2026.jpg\" alt=\"Grand Prix F1  4-6 September 2026\" \/>\r\n        \t<div class=\"hover\"><\/div>\r\n            <img decoding=\"async\" class=\"offerta_consigliata\" src=\"https:\/\/www.ashotels.it\/wp-content\/themes\/ashotels\/images\/offerta_consigliata_es.png\" alt=\"Oferta recomendada\" \/>\r\n                    <\/div>\r\n        <div class=\"descrizione\">\r\n        \t<h3>Grand Prix F1 <br> 4-6 &hellip;<\/h3>\r\n        \t<p>Live the legend!<\/p>\r\n    \t<\/div>\r\n    <\/a><\/div>\r\n    <div id=\"post-2829\" class=\"box_offerta categoria2\"><a href=\"https:\/\/www.ashotels.it\/es\/ofertas\/fuera-a-cena\" title=\"Fuera a cena\">\r\n\t\t<div class=\"relative\">\r\n        \t<img decoding=\"async\" src=\"http:\/\/www.ashotels.it\/wp-content\/uploads\/2016\/05\/Fotolia_21538795_Subscription_L.jpg\" alt=\"Fuera a cena\" \/>\r\n        \t<div class=\"hover\"><\/div>\r\n            <img decoding=\"async\" class=\"offerta_consigliata\" src=\"https:\/\/www.ashotels.it\/wp-content\/themes\/ashotels\/images\/offerta_consigliata_es.png\" alt=\"Oferta recomendada\" \/>\r\n            <div class=\"prezzo_minimo\"><span>de &euro;30<\/span><br \/>(por persona)<\/div>        <\/div>\r\n        <div class=\"descrizione\">\r\n        \t<h3>Fuera a cena&hellip;<\/h3>\r\n        \t<p>Para una experiencia en el gusto\u2026 inolvidable!<\/p>\r\n    \t<\/div>\r\n    <\/a><\/div>\r\n    <div id=\"post-2828\" class=\"box_offerta categoria2\"><a href=\"https:\/\/www.ashotels.it\/es\/ofertas\/ganas-de-delicias-para-dos\" title=\"Ganas de delicias para dos\">\r\n\t\t<div class=\"relative\">\r\n        \t<img decoding=\"async\" src=\"http:\/\/www.ashotels.it\/wp-content\/uploads\/2016\/05\/coppia_degustazione.jpg\" alt=\"Ganas de delicias para dos\" \/>\r\n        \t<div class=\"hover\"><\/div>\r\n            <img decoding=\"async\" class=\"offerta_consigliata\" src=\"https:\/\/www.ashotels.it\/wp-content\/themes\/ashotels\/images\/offerta_consigliata_es.png\" alt=\"Oferta recomendada\" \/>\r\n            <div class=\"prezzo_minimo\"><span>de &euro;16<\/span><br \/>(por persona)<\/div>        <\/div>\r\n        <div class=\"descrizione\">\r\n        \t<h3>Ganas de delicias para dos&hellip;<\/h3>\r\n        \t<p>Reg\u00e1late un peque\u00f1o par\u00e9ntesis enogastron\u00f3mico!<\/p>\r\n    \t<\/div>\r\n    <\/a><\/div>\r\n<div class=\"clear\"><\/div><\/div>\n","protected":false},"excerpt":{"rendered":"<p>Obtener sus ofertas y propuestas pensadas para usted<\/p>\n","protected":false},"author":6,"featured_media":0,"parent":732,"menu_order":0,"comment_status":"closed","ping_status":"closed","template":"deigiovi-page.php","meta":{"_acf_changed":false,"inline_featured_image":false,"ngg_post_thumbnail":0,"footnotes":""},"class_list":["post-1873","page","type-page","status-publish","hentry"],"acf":[],"yoast_head":"<!-- This site is optimized with the Yoast SEO plugin v27.0 - https:\/\/yoast.com\/product\/yoast-seo-wordpress\/ -->\n<title>Ofertas del hotel para eventos business y vacaciones fuera de Monza al norte de Mil\u00e1n.<\/title>\n<meta name=\"description\" content=\"Las ofertas y promociones de AS Hotel dei Giovi: ahorrar en su estancia para las ferias y los principales eventos programados en Mil\u00e1n y en Brianza!\" \/>\n<meta name=\"robots\" content=\"index, follow, max-snippet:-1, max-image-preview:large, max-video-preview:-1\" \/>\n<link rel=\"canonical\" href=\"https:\/\/www.ashotels.it\/es\/as-hotel-dei-giovi\/offerta-especiales\" \/>\n<meta property=\"og:locale\" content=\"es_ES\" \/>\n<meta property=\"og:type\" content=\"article\" \/>\n<meta property=\"og:title\" content=\"Ofertas del hotel para eventos business y vacaciones fuera de Monza al norte de Mil\u00e1n.\" \/>\n<meta property=\"og:description\" content=\"Las ofertas y promociones de AS Hotel dei Giovi: ahorrar en su estancia para las ferias y los principales eventos programados en Mil\u00e1n y en Brianza!\" \/>\n<meta property=\"og:url\" content=\"https:\/\/www.ashotels.it\/es\/as-hotel-dei-giovi\/offerta-especiales\" \/>\n<meta property=\"og:site_name\" content=\"AS Hotels\" \/>\n<meta property=\"article:publisher\" content=\"https:\/\/www.facebook.com\/AsHotels\" \/>\n<meta property=\"article:modified_time\" content=\"2017-08-23T08:19:49+00:00\" \/>\n<meta name=\"twitter:card\" content=\"summary_large_image\" \/>\n<meta name=\"twitter:site\" content=\"@ASHOTELS1\" \/>\n<script type=\"application\/ld+json\" class=\"yoast-schema-graph\">{\"@context\":\"https:\/\/schema.org\",\"@graph\":[{\"@type\":\"WebPage\",\"@id\":\"https:\/\/www.ashotels.it\/es\/as-hotel-dei-giovi\/offerta-especiales\",\"url\":\"https:\/\/www.ashotels.it\/es\/as-hotel-dei-giovi\/offerta-especiales\",\"name\":\"Ofertas del hotel para eventos business y vacaciones fuera de Monza al norte de Mil\u00e1n.\",\"isPartOf\":{\"@id\":\"https:\/\/www.ashotels.it\/es#website\"},\"datePublished\":\"2016-03-03T16:01:09+00:00\",\"dateModified\":\"2017-08-23T08:19:49+00:00\",\"description\":\"Las ofertas y promociones de AS Hotel dei Giovi: ahorrar en su estancia para las ferias y los principales eventos programados en Mil\u00e1n y en Brianza!\",\"breadcrumb\":{\"@id\":\"https:\/\/www.ashotels.it\/es\/as-hotel-dei-giovi\/offerta-especiales#breadcrumb\"},\"inLanguage\":\"es\",\"potentialAction\":[{\"@type\":\"ReadAction\",\"target\":[\"https:\/\/www.ashotels.it\/es\/as-hotel-dei-giovi\/offerta-especiales\"]}]},{\"@type\":\"BreadcrumbList\",\"@id\":\"https:\/\/www.ashotels.it\/es\/as-hotel-dei-giovi\/offerta-especiales#breadcrumb\",\"itemListElement\":[{\"@type\":\"ListItem\",\"position\":1,\"name\":\"Home\",\"item\":\"https:\/\/www.ashotels.it\/es\"},{\"@type\":\"ListItem\",\"position\":2,\"name\":\"Un moderno hotel al norte de Mil\u00e1n\",\"item\":\"https:\/\/www.ashotels.it\/es\/as-hotel-dei-giovi\"},{\"@type\":\"ListItem\",\"position\":3,\"name\":\"Ofertas especiales\"}]},{\"@type\":\"WebSite\",\"@id\":\"https:\/\/www.ashotels.it\/es#website\",\"url\":\"https:\/\/www.ashotels.it\/es\",\"name\":\"AS Hotels\",\"description\":\"\",\"potentialAction\":[{\"@type\":\"SearchAction\",\"target\":{\"@type\":\"EntryPoint\",\"urlTemplate\":\"https:\/\/www.ashotels.it\/es?s={search_term_string}\"},\"query-input\":{\"@type\":\"PropertyValueSpecification\",\"valueRequired\":true,\"valueName\":\"search_term_string\"}}],\"inLanguage\":\"es\"}]}<\/script>\n<!-- \/ Yoast SEO plugin. -->","yoast_head_json":{"title":"Ofertas del hotel para eventos business y vacaciones fuera de Monza al norte de Mil\u00e1n.","description":"Las ofertas y promociones de AS Hotel dei Giovi: ahorrar en su estancia para las ferias y los principales eventos programados en Mil\u00e1n y en Brianza!","robots":{"index":"index","follow":"follow","max-snippet":"max-snippet:-1","max-image-preview":"max-image-preview:large","max-video-preview":"max-video-preview:-1"},"canonical":"https:\/\/www.ashotels.it\/es\/as-hotel-dei-giovi\/offerta-especiales","og_locale":"es_ES","og_type":"article","og_title":"Ofertas del hotel para eventos business y vacaciones fuera de Monza al norte de Mil\u00e1n.","og_description":"Las ofertas y promociones de AS Hotel dei Giovi: ahorrar en su estancia para las ferias y los principales eventos programados en Mil\u00e1n y en Brianza!","og_url":"https:\/\/www.ashotels.it\/es\/as-hotel-dei-giovi\/offerta-especiales","og_site_name":"AS Hotels","article_publisher":"https:\/\/www.facebook.com\/AsHotels","article_modified_time":"2017-08-23T08:19:49+00:00","twitter_card":"summary_large_image","twitter_site":"@ASHOTELS1","schema":{"@context":"https:\/\/schema.org","@graph":[{"@type":"WebPage","@id":"https:\/\/www.ashotels.it\/es\/as-hotel-dei-giovi\/offerta-especiales","url":"https:\/\/www.ashotels.it\/es\/as-hotel-dei-giovi\/offerta-especiales","name":"Ofertas del hotel para eventos business y vacaciones fuera de Monza al norte de Mil\u00e1n.","isPartOf":{"@id":"https:\/\/www.ashotels.it\/es#website"},"datePublished":"2016-03-03T16:01:09+00:00","dateModified":"2017-08-23T08:19:49+00:00","description":"Las ofertas y promociones de AS Hotel dei Giovi: ahorrar en su estancia para las ferias y los principales eventos programados en Mil\u00e1n y en Brianza!","breadcrumb":{"@id":"https:\/\/www.ashotels.it\/es\/as-hotel-dei-giovi\/offerta-especiales#breadcrumb"},"inLanguage":"es","potentialAction":[{"@type":"ReadAction","target":["https:\/\/www.ashotels.it\/es\/as-hotel-dei-giovi\/offerta-especiales"]}]},{"@type":"BreadcrumbList","@id":"https:\/\/www.ashotels.it\/es\/as-hotel-dei-giovi\/offerta-especiales#breadcrumb","itemListElement":[{"@type":"ListItem","position":1,"name":"Home","item":"https:\/\/www.ashotels.it\/es"},{"@type":"ListItem","position":2,"name":"Un moderno hotel al norte de Mil\u00e1n","item":"https:\/\/www.ashotels.it\/es\/as-hotel-dei-giovi"},{"@type":"ListItem","position":3,"name":"Ofertas especiales"}]},{"@type":"WebSite","@id":"https:\/\/www.ashotels.it\/es#website","url":"https:\/\/www.ashotels.it\/es","name":"AS Hotels","description":"","potentialAction":[{"@type":"SearchAction","target":{"@type":"EntryPoint","urlTemplate":"https:\/\/www.ashotels.it\/es?s={search_term_string}"},"query-input":{"@type":"PropertyValueSpecification","valueRequired":true,"valueName":"search_term_string"}}],"inLanguage":"es"}]}},"_links":{"self":[{"href":"https:\/\/www.ashotels.it\/es\/wp-json\/wp\/v2\/pages\/1873","targetHints":{"allow":["GET"]}}],"collection":[{"href":"https:\/\/www.ashotels.it\/es\/wp-json\/wp\/v2\/pages"}],"about":[{"href":"https:\/\/www.ashotels.it\/es\/wp-json\/wp\/v2\/types\/page"}],"author":[{"embeddable":true,"href":"https:\/\/www.ashotels.it\/es\/wp-json\/wp\/v2\/users\/6"}],"replies":[{"embeddable":true,"href":"https:\/\/www.ashotels.it\/es\/wp-json\/wp\/v2\/comments?post=1873"}],"version-history":[{"count":2,"href":"https:\/\/www.ashotels.it\/es\/wp-json\/wp\/v2\/pages\/1873\/revisions"}],"predecessor-version":[{"id":4935,"href":"https:\/\/www.ashotels.it\/es\/wp-json\/wp\/v2\/pages\/1873\/revisions\/4935"}],"up":[{"embeddable":true,"href":"https:\/\/www.ashotels.it\/es\/wp-json\/wp\/v2\/pages\/732"}],"wp:attachment":[{"href":"https:\/\/www.ashotels.it\/es\/wp-json\/wp\/v2\/media?parent=1873"}],"curies":[{"name":"wp","href":"https:\/\/api.w.org\/{rel}","templated":true}]}}