{"id":553,"date":"2016-02-02T16:58:03","date_gmt":"2016-02-02T15:58:03","guid":{"rendered":"http:\/\/www.ashotels.it\/es\/?page_id=553"},"modified":"2017-07-25T13:39:13","modified_gmt":"2017-07-25T11:39:13","slug":"hotel-con-15-salas-de-conferencias-para-eventos","status":"publish","type":"page","link":"https:\/\/www.ashotels.it\/es\/hotel-con-15-salas-de-conferencias-para-eventos","title":{"rendered":"15 salas de conferencias para eventos grandes y peque\u00f1os"},"content":{"rendered":"<p class=\"sottotitolo\" style=\"text-align: center;\">Usted puede contar con <strong>15 salas modulares y de usos m\u00faltiples<\/strong> de tama\u00f1o variable, luminosas y est\u00e1n equipadas con la \u00faltima tecnolog\u00eda, con capacidad para m\u00e1s de <strong>600 personas<\/strong>, para lograr su conferencia, una mesa redonda, una reuni\u00f3n, un curso de formaci\u00f3n, un equipo edificio o una fiesta de empresa.<br \/>\nUsted tiene una \u00fanica <strong>central de reservaciones, s\u00f3lo una de las partes puede orientarle en la mejor soluci\u00f3n para usted de acuerdo a sus necesidades, en precios muy competitivos.<br \/>\n<\/strong>Usted puede <strong>contar<\/strong> con un <strong>negocio completo y altamente especializado<\/strong>, que tambi\u00e9n incluye un <strong>restaurante curado y flexible<\/strong>, con pausas de caf\u00e9 personalizadas, men\u00fas de empresa y una variedad y <strong>disponibilidad de habitaciones y suites<\/strong> para todos los gustos.<\/p>\n","protected":false},"excerpt":{"rendered":"<p>Usted puede contar con 15 salas modulares y de usos m\u00faltiples de tama\u00f1o variable, luminosas y est\u00e1n equipadas con la \u00faltima tecnolog\u00eda, con capacidad para m\u00e1s de 600 personas, para lograr su conferencia, una mesa redonda, una reuni\u00f3n, un curso<span class=\"ellipsis\">&hellip;<\/span><\/p>\n<div class=\"read-more\"><a href=\"https:\/\/www.ashotels.it\/es\/hotel-con-15-salas-de-conferencias-para-eventos\">Leer todo &#8250;<\/a><\/div>\n<p><!-- end of .read-more --><\/p>\n","protected":false},"author":2,"featured_media":0,"parent":0,"menu_order":0,"comment_status":"closed","ping_status":"closed","template":"duecolonne-page.php","meta":{"_acf_changed":false,"inline_featured_image":false,"ngg_post_thumbnail":0,"footnotes":""},"class_list":["post-553","page","type-page","status-publish","hentry"],"acf":[],"yoast_head":"<!-- This site is optimized with the Yoast SEO plugin v27.0 - https:\/\/yoast.com\/product\/yoast-seo-wordpress\/ -->\n<title>Hoteles Business con 15 salas meeting y conferencias | AS Hotels<\/title>\n<meta name=\"description\" content=\"AS Hotels ofrece 15 salas modulables para conferencias, riunione lavorales, cursos de formaci\u00f3n, con capacidad de alojar a m\u00e1s de 600 personas.\" \/>\n<meta name=\"robots\" content=\"index, follow, max-snippet:-1, max-image-preview:large, max-video-preview:-1\" \/>\n<link rel=\"canonical\" href=\"https:\/\/www.ashotels.it\/es\/hotel-con-15-salas-de-conferencias-para-eventos\" \/>\n<meta property=\"og:locale\" content=\"es_ES\" \/>\n<meta property=\"og:type\" content=\"article\" \/>\n<meta property=\"og:title\" content=\"Hoteles Business con 15 salas meeting y conferencias | AS Hotels\" \/>\n<meta property=\"og:description\" content=\"AS Hotels ofrece 15 salas modulables para conferencias, riunione lavorales, cursos de formaci\u00f3n, con capacidad de alojar a m\u00e1s de 600 personas.\" \/>\n<meta property=\"og:url\" content=\"https:\/\/www.ashotels.it\/es\/hotel-con-15-salas-de-conferencias-para-eventos\" \/>\n<meta property=\"og:site_name\" content=\"AS Hotels\" \/>\n<meta property=\"article:publisher\" content=\"https:\/\/www.facebook.com\/AsHotels\" \/>\n<meta property=\"article:modified_time\" content=\"2017-07-25T11:39:13+00:00\" \/>\n<meta name=\"twitter:card\" content=\"summary_large_image\" \/>\n<meta name=\"twitter:site\" content=\"@ASHOTELS1\" \/>\n<meta name=\"twitter:label1\" content=\"Tiempo de lectura\" \/>\n\t<meta name=\"twitter:data1\" content=\"1 minuto\" \/>\n<script type=\"application\/ld+json\" class=\"yoast-schema-graph\">{\"@context\":\"https:\/\/schema.org\",\"@graph\":[{\"@type\":\"WebPage\",\"@id\":\"https:\/\/www.ashotels.it\/es\/hotel-con-15-salas-de-conferencias-para-eventos\",\"url\":\"https:\/\/www.ashotels.it\/es\/hotel-con-15-salas-de-conferencias-para-eventos\",\"name\":\"Hoteles Business con 15 salas meeting y conferencias | AS Hotels\",\"isPartOf\":{\"@id\":\"https:\/\/www.ashotels.it\/es#website\"},\"datePublished\":\"2016-02-02T15:58:03+00:00\",\"dateModified\":\"2017-07-25T11:39:13+00:00\",\"description\":\"AS Hotels ofrece 15 salas modulables para conferencias, riunione lavorales, cursos de formaci\u00f3n, con capacidad de alojar a m\u00e1s de 600 personas.\",\"breadcrumb\":{\"@id\":\"https:\/\/www.ashotels.it\/es\/hotel-con-15-salas-de-conferencias-para-eventos#breadcrumb\"},\"inLanguage\":\"es\",\"potentialAction\":[{\"@type\":\"ReadAction\",\"target\":[\"https:\/\/www.ashotels.it\/es\/hotel-con-15-salas-de-conferencias-para-eventos\"]}]},{\"@type\":\"BreadcrumbList\",\"@id\":\"https:\/\/www.ashotels.it\/es\/hotel-con-15-salas-de-conferencias-para-eventos#breadcrumb\",\"itemListElement\":[{\"@type\":\"ListItem\",\"position\":1,\"name\":\"Home\",\"item\":\"https:\/\/www.ashotels.it\/es\"},{\"@type\":\"ListItem\",\"position\":2,\"name\":\"15 salas de conferencias para eventos grandes y peque\u00f1os\"}]},{\"@type\":\"WebSite\",\"@id\":\"https:\/\/www.ashotels.it\/es#website\",\"url\":\"https:\/\/www.ashotels.it\/es\",\"name\":\"AS Hotels\",\"description\":\"\",\"potentialAction\":[{\"@type\":\"SearchAction\",\"target\":{\"@type\":\"EntryPoint\",\"urlTemplate\":\"https:\/\/www.ashotels.it\/es?s={search_term_string}\"},\"query-input\":{\"@type\":\"PropertyValueSpecification\",\"valueRequired\":true,\"valueName\":\"search_term_string\"}}],\"inLanguage\":\"es\"}]}<\/script>\n<!-- \/ Yoast SEO plugin. -->","yoast_head_json":{"title":"Hoteles Business con 15 salas meeting y conferencias | AS Hotels","description":"AS Hotels ofrece 15 salas modulables para conferencias, riunione lavorales, cursos de formaci\u00f3n, con capacidad de alojar a m\u00e1s de 600 personas.","robots":{"index":"index","follow":"follow","max-snippet":"max-snippet:-1","max-image-preview":"max-image-preview:large","max-video-preview":"max-video-preview:-1"},"canonical":"https:\/\/www.ashotels.it\/es\/hotel-con-15-salas-de-conferencias-para-eventos","og_locale":"es_ES","og_type":"article","og_title":"Hoteles Business con 15 salas meeting y conferencias | AS Hotels","og_description":"AS Hotels ofrece 15 salas modulables para conferencias, riunione lavorales, cursos de formaci\u00f3n, con capacidad de alojar a m\u00e1s de 600 personas.","og_url":"https:\/\/www.ashotels.it\/es\/hotel-con-15-salas-de-conferencias-para-eventos","og_site_name":"AS Hotels","article_publisher":"https:\/\/www.facebook.com\/AsHotels","article_modified_time":"2017-07-25T11:39:13+00:00","twitter_card":"summary_large_image","twitter_site":"@ASHOTELS1","twitter_misc":{"Tiempo de lectura":"1 minuto"},"schema":{"@context":"https:\/\/schema.org","@graph":[{"@type":"WebPage","@id":"https:\/\/www.ashotels.it\/es\/hotel-con-15-salas-de-conferencias-para-eventos","url":"https:\/\/www.ashotels.it\/es\/hotel-con-15-salas-de-conferencias-para-eventos","name":"Hoteles Business con 15 salas meeting y conferencias | AS Hotels","isPartOf":{"@id":"https:\/\/www.ashotels.it\/es#website"},"datePublished":"2016-02-02T15:58:03+00:00","dateModified":"2017-07-25T11:39:13+00:00","description":"AS Hotels ofrece 15 salas modulables para conferencias, riunione lavorales, cursos de formaci\u00f3n, con capacidad de alojar a m\u00e1s de 600 personas.","breadcrumb":{"@id":"https:\/\/www.ashotels.it\/es\/hotel-con-15-salas-de-conferencias-para-eventos#breadcrumb"},"inLanguage":"es","potentialAction":[{"@type":"ReadAction","target":["https:\/\/www.ashotels.it\/es\/hotel-con-15-salas-de-conferencias-para-eventos"]}]},{"@type":"BreadcrumbList","@id":"https:\/\/www.ashotels.it\/es\/hotel-con-15-salas-de-conferencias-para-eventos#breadcrumb","itemListElement":[{"@type":"ListItem","position":1,"name":"Home","item":"https:\/\/www.ashotels.it\/es"},{"@type":"ListItem","position":2,"name":"15 salas de conferencias para eventos grandes y peque\u00f1os"}]},{"@type":"WebSite","@id":"https:\/\/www.ashotels.it\/es#website","url":"https:\/\/www.ashotels.it\/es","name":"AS Hotels","description":"","potentialAction":[{"@type":"SearchAction","target":{"@type":"EntryPoint","urlTemplate":"https:\/\/www.ashotels.it\/es?s={search_term_string}"},"query-input":{"@type":"PropertyValueSpecification","valueRequired":true,"valueName":"search_term_string"}}],"inLanguage":"es"}]}},"_links":{"self":[{"href":"https:\/\/www.ashotels.it\/es\/wp-json\/wp\/v2\/pages\/553","targetHints":{"allow":["GET"]}}],"collection":[{"href":"https:\/\/www.ashotels.it\/es\/wp-json\/wp\/v2\/pages"}],"about":[{"href":"https:\/\/www.ashotels.it\/es\/wp-json\/wp\/v2\/types\/page"}],"author":[{"embeddable":true,"href":"https:\/\/www.ashotels.it\/es\/wp-json\/wp\/v2\/users\/2"}],"replies":[{"embeddable":true,"href":"https:\/\/www.ashotels.it\/es\/wp-json\/wp\/v2\/comments?post=553"}],"version-history":[{"count":3,"href":"https:\/\/www.ashotels.it\/es\/wp-json\/wp\/v2\/pages\/553\/revisions"}],"predecessor-version":[{"id":5424,"href":"https:\/\/www.ashotels.it\/es\/wp-json\/wp\/v2\/pages\/553\/revisions\/5424"}],"wp:attachment":[{"href":"https:\/\/www.ashotels.it\/es\/wp-json\/wp\/v2\/media?parent=553"}],"curies":[{"name":"wp","href":"https:\/\/api.w.org\/{rel}","templated":true}]}}