{"id":555,"date":"2016-02-02T16:59:19","date_gmt":"2016-02-02T15:59:19","guid":{"rendered":"http:\/\/www.ashotels.it\/es\/?page_id=555"},"modified":"2017-08-25T15:49:11","modified_gmt":"2017-08-25T13:49:11","slug":"restaurantes-para-eventos-y-meetings-de-empresa","status":"publish","type":"page","link":"https:\/\/www.ashotels.it\/es\/restaurantes-para-eventos-y-meetings-de-empresa","title":{"rendered":"Cocina apta para reuni\u00f3n"},"content":{"rendered":"<p class=\"sottotitolo\" style=\"text-align: center;\">Nuestro restaurante de calidad es ideal para cualquier evento de negocios, desde el desayuno de negocios, almuerzos y cenas, las conferencias de gran escala.&nbsp;Ofrecemos men\u00fa de <strong>la cena corporativa a <\/strong>platos a la carta y un toque personalizado con servicio de <strong>comida vegetariana<\/strong> y <strong>libre de gluten<\/strong>, pero tambi\u00e9n comida r\u00e1pida<strong> y servicio de habitaci\u00f3n<\/strong> desde las 7h00 a las 23h00, platos a la carta y fast food, para aquellos que quieren disfrutar de un almuerzo o cena en la intimidad de su propia habitaci\u00f3n.<\/p>\n","protected":false},"excerpt":{"rendered":"<p>Nuestro restaurante de calidad es ideal para cualquier evento de negocios, desde el desayuno de negocios, almuerzos y cenas, las conferencias de gran escala.&nbsp;Ofrecemos men\u00fa de la cena corporativa a platos a la carta y un toque personalizado con servicio<span class=\"ellipsis\">&hellip;<\/span><\/p>\n<div class=\"read-more\"><a href=\"https:\/\/www.ashotels.it\/es\/restaurantes-para-eventos-y-meetings-de-empresa\">Leer todo &#8250;<\/a><\/div>\n<p><!-- end of .read-more --><\/p>\n","protected":false},"author":2,"featured_media":0,"parent":0,"menu_order":0,"comment_status":"closed","ping_status":"closed","template":"duecolonne-page.php","meta":{"_acf_changed":false,"inline_featured_image":false,"ngg_post_thumbnail":0,"footnotes":""},"class_list":["post-555","page","type-page","status-publish","hentry"],"acf":[],"yoast_head":"<!-- This site is optimized with the Yoast SEO plugin v27.0 - https:\/\/yoast.com\/product\/yoast-seo-wordpress\/ -->\n<title>Restaurantes para eventos y meetings de empresa cerca de Mil\u00e1n<\/title>\n<meta name=\"description\" content=\"Los restaurantes de nuestros hoteles son ideales para cualquier evento de empresa: desayunos de trabajo, comidas y cenas de empresa y conferencias.\" \/>\n<meta name=\"robots\" content=\"index, follow, max-snippet:-1, max-image-preview:large, max-video-preview:-1\" \/>\n<link rel=\"canonical\" href=\"https:\/\/www.ashotels.it\/es\/restaurantes-para-eventos-y-meetings-de-empresa\" \/>\n<meta property=\"og:locale\" content=\"es_ES\" \/>\n<meta property=\"og:type\" content=\"article\" \/>\n<meta property=\"og:title\" content=\"Restaurantes para eventos y meetings de empresa cerca de Mil\u00e1n\" \/>\n<meta property=\"og:description\" content=\"Los restaurantes de nuestros hoteles son ideales para cualquier evento de empresa: desayunos de trabajo, comidas y cenas de empresa y conferencias.\" \/>\n<meta property=\"og:url\" content=\"https:\/\/www.ashotels.it\/es\/restaurantes-para-eventos-y-meetings-de-empresa\" \/>\n<meta property=\"og:site_name\" content=\"AS Hotels\" \/>\n<meta property=\"article:publisher\" content=\"https:\/\/www.facebook.com\/AsHotels\" \/>\n<meta property=\"article:modified_time\" content=\"2017-08-25T13:49:11+00:00\" \/>\n<meta name=\"twitter:card\" content=\"summary_large_image\" \/>\n<meta name=\"twitter:site\" content=\"@ASHOTELS1\" \/>\n<script type=\"application\/ld+json\" class=\"yoast-schema-graph\">{\"@context\":\"https:\/\/schema.org\",\"@graph\":[{\"@type\":\"WebPage\",\"@id\":\"https:\/\/www.ashotels.it\/es\/restaurantes-para-eventos-y-meetings-de-empresa\",\"url\":\"https:\/\/www.ashotels.it\/es\/restaurantes-para-eventos-y-meetings-de-empresa\",\"name\":\"Restaurantes para eventos y meetings de empresa cerca de Mil\u00e1n\",\"isPartOf\":{\"@id\":\"https:\/\/www.ashotels.it\/es#website\"},\"datePublished\":\"2016-02-02T15:59:19+00:00\",\"dateModified\":\"2017-08-25T13:49:11+00:00\",\"description\":\"Los restaurantes de nuestros hoteles son ideales para cualquier evento de empresa: desayunos de trabajo, comidas y cenas de empresa y conferencias.\",\"breadcrumb\":{\"@id\":\"https:\/\/www.ashotels.it\/es\/restaurantes-para-eventos-y-meetings-de-empresa#breadcrumb\"},\"inLanguage\":\"es\",\"potentialAction\":[{\"@type\":\"ReadAction\",\"target\":[\"https:\/\/www.ashotels.it\/es\/restaurantes-para-eventos-y-meetings-de-empresa\"]}]},{\"@type\":\"BreadcrumbList\",\"@id\":\"https:\/\/www.ashotels.it\/es\/restaurantes-para-eventos-y-meetings-de-empresa#breadcrumb\",\"itemListElement\":[{\"@type\":\"ListItem\",\"position\":1,\"name\":\"Home\",\"item\":\"https:\/\/www.ashotels.it\/es\"},{\"@type\":\"ListItem\",\"position\":2,\"name\":\"Cocina apta para reuni\u00f3n\"}]},{\"@type\":\"WebSite\",\"@id\":\"https:\/\/www.ashotels.it\/es#website\",\"url\":\"https:\/\/www.ashotels.it\/es\",\"name\":\"AS Hotels\",\"description\":\"\",\"potentialAction\":[{\"@type\":\"SearchAction\",\"target\":{\"@type\":\"EntryPoint\",\"urlTemplate\":\"https:\/\/www.ashotels.it\/es?s={search_term_string}\"},\"query-input\":{\"@type\":\"PropertyValueSpecification\",\"valueRequired\":true,\"valueName\":\"search_term_string\"}}],\"inLanguage\":\"es\"}]}<\/script>\n<!-- \/ Yoast SEO plugin. -->","yoast_head_json":{"title":"Restaurantes para eventos y meetings de empresa cerca de Mil\u00e1n","description":"Los restaurantes de nuestros hoteles son ideales para cualquier evento de empresa: desayunos de trabajo, comidas y cenas de empresa y conferencias.","robots":{"index":"index","follow":"follow","max-snippet":"max-snippet:-1","max-image-preview":"max-image-preview:large","max-video-preview":"max-video-preview:-1"},"canonical":"https:\/\/www.ashotels.it\/es\/restaurantes-para-eventos-y-meetings-de-empresa","og_locale":"es_ES","og_type":"article","og_title":"Restaurantes para eventos y meetings de empresa cerca de Mil\u00e1n","og_description":"Los restaurantes de nuestros hoteles son ideales para cualquier evento de empresa: desayunos de trabajo, comidas y cenas de empresa y conferencias.","og_url":"https:\/\/www.ashotels.it\/es\/restaurantes-para-eventos-y-meetings-de-empresa","og_site_name":"AS Hotels","article_publisher":"https:\/\/www.facebook.com\/AsHotels","article_modified_time":"2017-08-25T13:49:11+00:00","twitter_card":"summary_large_image","twitter_site":"@ASHOTELS1","schema":{"@context":"https:\/\/schema.org","@graph":[{"@type":"WebPage","@id":"https:\/\/www.ashotels.it\/es\/restaurantes-para-eventos-y-meetings-de-empresa","url":"https:\/\/www.ashotels.it\/es\/restaurantes-para-eventos-y-meetings-de-empresa","name":"Restaurantes para eventos y meetings de empresa cerca de Mil\u00e1n","isPartOf":{"@id":"https:\/\/www.ashotels.it\/es#website"},"datePublished":"2016-02-02T15:59:19+00:00","dateModified":"2017-08-25T13:49:11+00:00","description":"Los restaurantes de nuestros hoteles son ideales para cualquier evento de empresa: desayunos de trabajo, comidas y cenas de empresa y conferencias.","breadcrumb":{"@id":"https:\/\/www.ashotels.it\/es\/restaurantes-para-eventos-y-meetings-de-empresa#breadcrumb"},"inLanguage":"es","potentialAction":[{"@type":"ReadAction","target":["https:\/\/www.ashotels.it\/es\/restaurantes-para-eventos-y-meetings-de-empresa"]}]},{"@type":"BreadcrumbList","@id":"https:\/\/www.ashotels.it\/es\/restaurantes-para-eventos-y-meetings-de-empresa#breadcrumb","itemListElement":[{"@type":"ListItem","position":1,"name":"Home","item":"https:\/\/www.ashotels.it\/es"},{"@type":"ListItem","position":2,"name":"Cocina apta para reuni\u00f3n"}]},{"@type":"WebSite","@id":"https:\/\/www.ashotels.it\/es#website","url":"https:\/\/www.ashotels.it\/es","name":"AS Hotels","description":"","potentialAction":[{"@type":"SearchAction","target":{"@type":"EntryPoint","urlTemplate":"https:\/\/www.ashotels.it\/es?s={search_term_string}"},"query-input":{"@type":"PropertyValueSpecification","valueRequired":true,"valueName":"search_term_string"}}],"inLanguage":"es"}]}},"_links":{"self":[{"href":"https:\/\/www.ashotels.it\/es\/wp-json\/wp\/v2\/pages\/555","targetHints":{"allow":["GET"]}}],"collection":[{"href":"https:\/\/www.ashotels.it\/es\/wp-json\/wp\/v2\/pages"}],"about":[{"href":"https:\/\/www.ashotels.it\/es\/wp-json\/wp\/v2\/types\/page"}],"author":[{"embeddable":true,"href":"https:\/\/www.ashotels.it\/es\/wp-json\/wp\/v2\/users\/2"}],"replies":[{"embeddable":true,"href":"https:\/\/www.ashotels.it\/es\/wp-json\/wp\/v2\/comments?post=555"}],"version-history":[{"count":2,"href":"https:\/\/www.ashotels.it\/es\/wp-json\/wp\/v2\/pages\/555\/revisions"}],"predecessor-version":[{"id":5449,"href":"https:\/\/www.ashotels.it\/es\/wp-json\/wp\/v2\/pages\/555\/revisions\/5449"}],"wp:attachment":[{"href":"https:\/\/www.ashotels.it\/es\/wp-json\/wp\/v2\/media?parent=555"}],"curies":[{"name":"wp","href":"https:\/\/api.w.org\/{rel}","templated":true}]}}