{"id":5554,"date":"2017-07-04T10:46:16","date_gmt":"2017-07-04T08:46:16","guid":{"rendered":"http:\/\/www.ashotels.it\/camere"},"modified":"2019-09-20T10:47:27","modified_gmt":"2019-09-20T08:47:27","slug":"habitaciones-y-suites-2","status":"publish","type":"page","link":"https:\/\/www.ashotels.it\/es\/as-hotel-sempione-fiera\/habitaciones-y-suites-2","title":{"rendered":"Elegancia y confort a 20 minutos del centro de Milan"},"content":{"rendered":"<p class=\"sottotitolo\" style=\"text-align: center;\">82 habitaciones perfectamente insonorizadas, amuebladas en estilo cl\u00e1sico y con tonos c\u00e1lidos, en una mezcla de finura, funcionalidad e intimidad. Perfectas para clientes de negocios y para quien desea vivir un fin de semana de shopping y sofisticaci\u00f3n en Milan y alrededores.<\/p>\n<div class=\"container_slidercamere\">\r\n    <div class=\"sliderCamere\">\r\n        <div class=\"largeContainer\">\r\n            <div class=\"cycle-slideshow\" data-cycle-fx=\"carousel\" data-cycle-timeout=\"2000\" data-cycle-speed=\"1000\"\r\n                data-cycle-carousel-slide-dimension=\"1030\" data-cycle-carousel-offset=\"1030\"\r\n                data-cycle-pause-on-hover=\"true\" data-cycle-swipe=\"true\" >\r\n               \t<img loading=\"lazy\" decoding=\"async\" src=\"https:\/\/www.ashotels.it\/wp-content\/uploads\/2019\/07\/1030x530.jpg\" width=\"1030\" height=\"530\" \/><img loading=\"lazy\" decoding=\"async\" src=\"https:\/\/www.ashotels.it\/wp-content\/uploads\/2019\/07\/1030x530-4.jpg\" width=\"1030\" height=\"530\" \/><img loading=\"lazy\" decoding=\"async\" src=\"https:\/\/www.ashotels.it\/wp-content\/uploads\/2019\/07\/1030x530-3.jpg\" width=\"1030\" height=\"530\" \/><img loading=\"lazy\" decoding=\"async\" src=\"https:\/\/www.ashotels.it\/wp-content\/uploads\/2019\/07\/1030x530-5.jpg\" width=\"1030\" height=\"530\" \/><img loading=\"lazy\" decoding=\"async\" src=\"https:\/\/www.ashotels.it\/wp-content\/uploads\/2019\/07\/1030x530-2.jpg\" width=\"1030\" height=\"530\" \/><img loading=\"lazy\" decoding=\"async\" src=\"https:\/\/www.ashotels.it\/wp-content\/uploads\/2019\/07\/sempione-business-5.jpg\" width=\"1030\" height=\"530\" \/><img loading=\"lazy\" decoding=\"async\" src=\"https:\/\/www.ashotels.it\/wp-content\/uploads\/2019\/07\/5-l.jpg\" width=\"1030\" height=\"530\" \/>            <\/div>\r\n        <\/div>\r\n        <div class=\"corniceCamere_lato1\"><\/div>\r\n        <div class=\"corniceCamere_lato2\"><\/div>\r\n    <\/div>\r\n    <div class=\"sliderCamereMobile\">\r\n        <div class=\"largeContainer\">\r\n            <div class=\"cycle-slideshow\" data-cycle-fx=\"fade\" data-cycle-timeout=\"2000\" data-cycle-speed=\"1000\" data-cycle-swipe=\"true\" ><img loading=\"lazy\" decoding=\"async\" src=\"https:\/\/www.ashotels.it\/wp-content\/uploads\/2019\/07\/1030x530.jpg\" width=\"1030\" height=\"530\" \/><img loading=\"lazy\" decoding=\"async\" src=\"https:\/\/www.ashotels.it\/wp-content\/uploads\/2019\/07\/1030x530-4.jpg\" width=\"1030\" height=\"530\" \/><img loading=\"lazy\" decoding=\"async\" src=\"https:\/\/www.ashotels.it\/wp-content\/uploads\/2019\/07\/1030x530-3.jpg\" width=\"1030\" height=\"530\" \/><img loading=\"lazy\" decoding=\"async\" src=\"https:\/\/www.ashotels.it\/wp-content\/uploads\/2019\/07\/1030x530-5.jpg\" width=\"1030\" height=\"530\" \/><img loading=\"lazy\" decoding=\"async\" src=\"https:\/\/www.ashotels.it\/wp-content\/uploads\/2019\/07\/1030x530-2.jpg\" width=\"1030\" height=\"530\" \/><img loading=\"lazy\" decoding=\"async\" src=\"https:\/\/www.ashotels.it\/wp-content\/uploads\/2019\/07\/sempione-business-5.jpg\" width=\"1030\" height=\"530\" \/><img loading=\"lazy\" decoding=\"async\" src=\"https:\/\/www.ashotels.it\/wp-content\/uploads\/2019\/07\/5-l.jpg\" width=\"1030\" height=\"530\" \/><\/div>\r\n        <\/div>\r\n    <\/div>\r\n    <div class=\"nome_camera\">\r\n        <h3>Business<\/h3>\r\n                <a class=\"bottoncino\" href=\"https:\/\/www.simplebooking.it\/ibe\/hotelbooking\/search?hid=3965&lang=ES&cur=EUR\" target=\"_blank\">Reserva esta habitaci\u00f3n<\/a>\r\n                    <\/div>\r\n<\/div>\r\n<div class=\"container_daticamere\">\r\n\t<table width=\"100%\" border=\"0\" cellpadding=\"0\" cellspacing=\"0\"><tr>\r\n    <td class=\"sinistra\"><p><strong style=\"text-align: justify;\">HABITACI\u00d3N BUSINESS<\/strong><br style=\"text-align: justify;\" \/><span style=\"text-align: justify;\">Ambientes decorados en estilo cl\u00e1sico, formados por una cama matrimonial o dos camas individuales, con parquet y tejidos de color envolvente y la posibilidad de agregar una tercera cama, amplio escritorio, mesa con sill\u00f3n, ba\u00f1o con grande jacuzzi y ducha. La elecci\u00f3n ideal para la clientela business que desea espacio y comodidad. A disposici\u00f3n de los clientes, adem\u00e1s, un c\u00f3modo garaje.<\/span><\/p>\n<hr \/><table class=\"dimensioni\"><tr><td><p><strong>DIMENSI\u00d3N HABITACI\u00d3N:<\/strong>31 m\u00b2<\/p>\n<\/td><\/tr><\/table><\/td>\r\n    <td class=\"destra\">\r\n        <p><strong>SERVICIOS HABITACI\u00d3N BUSINESS<\/strong><\/p>\n<ul>\n<li>Pernoctaci\u00f3n en habitaci\u00f3n a\u00fan m\u00e1s amplia<\/li>\n<li>Wi-fi gratis<\/li>\n<li>Completo kit de tocador<\/li>\n<li>Jacuzzi con ducha<\/li>\n<li>Escritorio y mesa con sill\u00f3n<\/li>\n<li>SMART TV LCD con canales internacionales y listo para conectarse a su cuenta de Netfilx o You Tube<\/li>\n<li>Luces LED<\/li>\n<li>Toma para ordenador y tablet<\/li>\n<li>Estacionamiento gratis<\/li>\n<li>Cafetera con diferentes sabores de caf\u00e9 y t\u00e9<\/li>\n<\/ul>\n   \t<\/td>\r\n    <\/tr><\/table>\r\n<\/div>\r\n\n<div class=\"container_slidercamere\">\r\n    <div class=\"sliderCamere\">\r\n        <div class=\"largeContainer\">\r\n            <div class=\"cycle-slideshow\" data-cycle-fx=\"carousel\" data-cycle-timeout=\"2000\" data-cycle-speed=\"1000\"\r\n                data-cycle-carousel-slide-dimension=\"1030\" data-cycle-carousel-offset=\"1030\"\r\n                data-cycle-pause-on-hover=\"true\" data-cycle-swipe=\"true\" >\r\n               \t<img loading=\"lazy\" decoding=\"async\" src=\"https:\/\/www.ashotels.it\/wp-content\/uploads\/2019\/08\/1030x530_SEMPIONE-STANDARD-6.jpg\" width=\"1030\" height=\"530\" \/><img loading=\"lazy\" decoding=\"async\" src=\"https:\/\/www.ashotels.it\/wp-content\/uploads\/2019\/08\/1030x530_SEMPIONE-STANDARD-12.jpg\" width=\"1030\" height=\"530\" \/><img loading=\"lazy\" decoding=\"async\" src=\"https:\/\/www.ashotels.it\/wp-content\/uploads\/2019\/08\/1030x530_SEMPIONE-STANDARD-13.jpg\" width=\"1030\" height=\"530\" \/><img loading=\"lazy\" decoding=\"async\" src=\"https:\/\/www.ashotels.it\/wp-content\/uploads\/2019\/08\/1030x530_SEMPIONE-STANDARD-9.jpg\" width=\"1030\" height=\"530\" \/><img loading=\"lazy\" decoding=\"async\" src=\"https:\/\/www.ashotels.it\/wp-content\/uploads\/2019\/08\/1030x530_SEMPIONE-STANDARD-2.jpg\" width=\"1030\" height=\"530\" \/><img loading=\"lazy\" decoding=\"async\" src=\"https:\/\/www.ashotels.it\/wp-content\/uploads\/2019\/08\/1030x530_SEMPIONE-STANDARD-15.jpg\" width=\"1030\" height=\"530\" \/><img loading=\"lazy\" decoding=\"async\" src=\"https:\/\/www.ashotels.it\/wp-content\/uploads\/2019\/08\/1030x530_SEMPIONE-STANDARD-14.jpg\" width=\"1030\" height=\"530\" \/><img loading=\"lazy\" decoding=\"async\" src=\"https:\/\/www.ashotels.it\/wp-content\/uploads\/2019\/09\/1030x530_SEMPIONE-STANDARD-17.jpg\" width=\"1030\" height=\"530\" \/><img loading=\"lazy\" decoding=\"async\" src=\"https:\/\/www.ashotels.it\/wp-content\/uploads\/2019\/08\/sempione.standard-7.jpg\" width=\"1030\" height=\"530\" \/><img loading=\"lazy\" decoding=\"async\" src=\"https:\/\/www.ashotels.it\/wp-content\/uploads\/2019\/08\/SEMPIONE-STANDARD.jpg\" width=\"1030\" height=\"530\" \/>            <\/div>\r\n        <\/div>\r\n        <div class=\"corniceCamere_lato1\"><\/div>\r\n        <div class=\"corniceCamere_lato2\"><\/div>\r\n    <\/div>\r\n    <div class=\"sliderCamereMobile\">\r\n        <div class=\"largeContainer\">\r\n            <div class=\"cycle-slideshow\" data-cycle-fx=\"fade\" data-cycle-timeout=\"2000\" data-cycle-speed=\"1000\" data-cycle-swipe=\"true\" ><img loading=\"lazy\" decoding=\"async\" src=\"https:\/\/www.ashotels.it\/wp-content\/uploads\/2019\/08\/1030x530_SEMPIONE-STANDARD-6.jpg\" width=\"1030\" height=\"530\" \/><img loading=\"lazy\" decoding=\"async\" src=\"https:\/\/www.ashotels.it\/wp-content\/uploads\/2019\/08\/1030x530_SEMPIONE-STANDARD-12.jpg\" width=\"1030\" height=\"530\" \/><img loading=\"lazy\" decoding=\"async\" src=\"https:\/\/www.ashotels.it\/wp-content\/uploads\/2019\/08\/1030x530_SEMPIONE-STANDARD-13.jpg\" width=\"1030\" height=\"530\" \/><img loading=\"lazy\" decoding=\"async\" src=\"https:\/\/www.ashotels.it\/wp-content\/uploads\/2019\/08\/1030x530_SEMPIONE-STANDARD-9.jpg\" width=\"1030\" height=\"530\" \/><img loading=\"lazy\" decoding=\"async\" src=\"https:\/\/www.ashotels.it\/wp-content\/uploads\/2019\/08\/1030x530_SEMPIONE-STANDARD-2.jpg\" width=\"1030\" height=\"530\" \/><img loading=\"lazy\" decoding=\"async\" src=\"https:\/\/www.ashotels.it\/wp-content\/uploads\/2019\/08\/1030x530_SEMPIONE-STANDARD-15.jpg\" width=\"1030\" height=\"530\" \/><img loading=\"lazy\" decoding=\"async\" src=\"https:\/\/www.ashotels.it\/wp-content\/uploads\/2019\/08\/1030x530_SEMPIONE-STANDARD-14.jpg\" width=\"1030\" height=\"530\" \/><img loading=\"lazy\" decoding=\"async\" src=\"https:\/\/www.ashotels.it\/wp-content\/uploads\/2019\/09\/1030x530_SEMPIONE-STANDARD-17.jpg\" width=\"1030\" height=\"530\" \/><img loading=\"lazy\" decoding=\"async\" src=\"https:\/\/www.ashotels.it\/wp-content\/uploads\/2019\/08\/sempione.standard-7.jpg\" width=\"1030\" height=\"530\" \/><img loading=\"lazy\" decoding=\"async\" src=\"https:\/\/www.ashotels.it\/wp-content\/uploads\/2019\/08\/SEMPIONE-STANDARD.jpg\" width=\"1030\" height=\"530\" \/><\/div>\r\n        <\/div>\r\n    <\/div>\r\n    <div class=\"nome_camera\">\r\n        <h3>Standard<\/h3>\r\n                <a class=\"bottoncino\" href=\"https:\/\/www.simplebooking.it\/ibe\/hotelbooking\/search?hid=3965&lang=ES&cur=EUR\" target=\"_blank\">Reserva esta habitaci\u00f3n<\/a>\r\n                    <\/div>\r\n<\/div>\r\n<div class=\"container_daticamere\">\r\n\t<table width=\"100%\" border=\"0\" cellpadding=\"0\" cellspacing=\"0\"><tr>\r\n    <td class=\"sinistra\"><p style=\"text-align: JUSTIFY;\"><strong>HABITACI\u00d3N STANDARD<\/strong><\/p>\n<p>Habitaci\u00f3n doble o matrimonial en estilo cl\u00e1sico, con muebles de color c\u00e1lido en tonalidad de rojo, verde y lila, con escritorio, sill\u00f3n y ba\u00f1o muy luminoso con amplia ducha. Parqu\u00e9 enriquecen el ambiente.<br \/>\nLas habitaciones est\u00e1n situadas en el primer piso o dentro de la estructura en la planta baja, con doble acceso, uno interno al hotel y uno externo, con c\u00f3modo estacionamiento frente a la habitaci\u00f3n. A disposici\u00f3n de los clientes, adem\u00e1s, un c\u00f3modo garaje. La elecci\u00f3n perfecta para clientela de negocios que desea libertad de movimiento y una soluci\u00f3n mas practica y econ\u00f3mica.<\/p>\n<hr \/><table class=\"dimensioni\"><tr><td><p><strong>DIMENSI\u00d3N HABITACI\u00d3N:<\/strong> 22 m\u00b2<\/p>\n<\/td><\/tr><\/table><\/td>\r\n    <td class=\"destra\">\r\n        <p><strong>SERVICIOS HABITACI\u00d3N STANDARD<\/strong><\/p>\n<ul>\n<li>Wi-fi gratis<\/li>\n<li>Ducha doble<\/li>\n<li>Completo kit de tocador<\/li>\n<li>Escritorio y mesa con sill\u00f3n<\/li>\n<li>SMART TV LCD con canales internacionales y listo para conectarse a su cuenta de Netfilx o You Tube<\/li>\n<li>Luces LED<\/li>\n<li>Toma para ordenador y tablet<\/li>\n<li>Estacionamiento gratis<\/li>\n<\/ul>\n   \t<\/td>\r\n    <\/tr><\/table>\r\n<\/div>\r\n\n<p>&nbsp;<\/p>\n","protected":false},"excerpt":{"rendered":"<p>82 habitaciones perfectamente insonorizadas, amuebladas en estilo cl\u00e1sico y con tonos c\u00e1lidos, en una mezcla de finura, funcionalidad e intimidad. Perfectas para clientes de negocios y para quien desea vivir un fin de semana de shopping y sofisticaci\u00f3n en Milan<span class=\"ellipsis\">&hellip;<\/span><\/p>\n<div class=\"read-more\"><a href=\"https:\/\/www.ashotels.it\/es\/as-hotel-sempione-fiera\/habitaciones-y-suites-2\">Leer todo &#8250;<\/a><\/div>\n<p><!-- end of .read-more --><\/p>\n","protected":false},"author":6,"featured_media":0,"parent":5550,"menu_order":0,"comment_status":"closed","ping_status":"closed","template":"camere-sempione-page.php","meta":{"_acf_changed":false,"inline_featured_image":false,"ngg_post_thumbnail":0,"footnotes":""},"class_list":["post-5554","page","type-page","status-publish","hentry"],"acf":[],"yoast_head":"<!-- This site is optimized with the Yoast SEO plugin v27.0 - https:\/\/yoast.com\/product\/yoast-seo-wordpress\/ -->\n<title>Habitaciones y Suite | AS Hotel Sempione Fiera<\/title>\n<meta name=\"description\" content=\"La descripci\u00f3n y fotos de las habitaciones y suites de AS Hotel Sempione Fiera, todas ellas equipadas con Wi-Fi y TV LCD con Canales Internacionales\" \/>\n<meta name=\"robots\" content=\"index, follow, max-snippet:-1, max-image-preview:large, max-video-preview:-1\" \/>\n<link rel=\"canonical\" href=\"https:\/\/www.ashotels.it\/es\/as-hotel-sempione-fiera\/habitaciones-y-suites-2\" \/>\n<meta property=\"og:locale\" content=\"es_ES\" \/>\n<meta property=\"og:type\" content=\"article\" \/>\n<meta property=\"og:title\" content=\"Habitaciones y Suite | AS Hotel Sempione Fiera\" \/>\n<meta property=\"og:description\" content=\"La descripci\u00f3n y fotos de las habitaciones y suites de AS Hotel Sempione Fiera, todas ellas equipadas con Wi-Fi y TV LCD con Canales Internacionales\" \/>\n<meta property=\"og:url\" content=\"https:\/\/www.ashotels.it\/es\/as-hotel-sempione-fiera\/habitaciones-y-suites-2\" \/>\n<meta property=\"og:site_name\" content=\"AS Hotels\" \/>\n<meta property=\"article:publisher\" content=\"https:\/\/www.facebook.com\/AsHotels\" \/>\n<meta property=\"article:modified_time\" content=\"2019-09-20T08:47:27+00:00\" \/>\n<meta name=\"twitter:card\" content=\"summary_large_image\" \/>\n<meta name=\"twitter:site\" content=\"@ASHOTELS1\" \/>\n<script type=\"application\/ld+json\" class=\"yoast-schema-graph\">{\"@context\":\"https:\/\/schema.org\",\"@graph\":[{\"@type\":\"WebPage\",\"@id\":\"https:\/\/www.ashotels.it\/es\/as-hotel-sempione-fiera\/habitaciones-y-suites-2\",\"url\":\"https:\/\/www.ashotels.it\/es\/as-hotel-sempione-fiera\/habitaciones-y-suites-2\",\"name\":\"Habitaciones y Suite | AS Hotel Sempione Fiera\",\"isPartOf\":{\"@id\":\"https:\/\/www.ashotels.it\/es#website\"},\"datePublished\":\"2017-07-04T08:46:16+00:00\",\"dateModified\":\"2019-09-20T08:47:27+00:00\",\"description\":\"La descripci\u00f3n y fotos de las habitaciones y suites de AS Hotel Sempione Fiera, todas ellas equipadas con Wi-Fi y TV LCD con Canales Internacionales\",\"breadcrumb\":{\"@id\":\"https:\/\/www.ashotels.it\/es\/as-hotel-sempione-fiera\/habitaciones-y-suites-2#breadcrumb\"},\"inLanguage\":\"es\",\"potentialAction\":[{\"@type\":\"ReadAction\",\"target\":[\"https:\/\/www.ashotels.it\/es\/as-hotel-sempione-fiera\/habitaciones-y-suites-2\"]}]},{\"@type\":\"BreadcrumbList\",\"@id\":\"https:\/\/www.ashotels.it\/es\/as-hotel-sempione-fiera\/habitaciones-y-suites-2#breadcrumb\",\"itemListElement\":[{\"@type\":\"ListItem\",\"position\":1,\"name\":\"Home\",\"item\":\"https:\/\/www.ashotels.it\/es\"},{\"@type\":\"ListItem\",\"position\":2,\"name\":\"Moderno 4 estrellas a solo 10 minutos de la Feria de Milan Rho-Pero, a 20 de Milan y de Malpensa\",\"item\":\"https:\/\/www.ashotels.it\/es\/as-hotel-sempione-fiera\"},{\"@type\":\"ListItem\",\"position\":3,\"name\":\"Elegancia y confort a 20 minutos del centro de Milan\"}]},{\"@type\":\"WebSite\",\"@id\":\"https:\/\/www.ashotels.it\/es#website\",\"url\":\"https:\/\/www.ashotels.it\/es\",\"name\":\"AS Hotels\",\"description\":\"\",\"potentialAction\":[{\"@type\":\"SearchAction\",\"target\":{\"@type\":\"EntryPoint\",\"urlTemplate\":\"https:\/\/www.ashotels.it\/es?s={search_term_string}\"},\"query-input\":{\"@type\":\"PropertyValueSpecification\",\"valueRequired\":true,\"valueName\":\"search_term_string\"}}],\"inLanguage\":\"es\"}]}<\/script>\n<!-- \/ Yoast SEO plugin. -->","yoast_head_json":{"title":"Habitaciones y Suite | AS Hotel Sempione Fiera","description":"La descripci\u00f3n y fotos de las habitaciones y suites de AS Hotel Sempione Fiera, todas ellas equipadas con Wi-Fi y TV LCD con Canales Internacionales","robots":{"index":"index","follow":"follow","max-snippet":"max-snippet:-1","max-image-preview":"max-image-preview:large","max-video-preview":"max-video-preview:-1"},"canonical":"https:\/\/www.ashotels.it\/es\/as-hotel-sempione-fiera\/habitaciones-y-suites-2","og_locale":"es_ES","og_type":"article","og_title":"Habitaciones y Suite | AS Hotel Sempione Fiera","og_description":"La descripci\u00f3n y fotos de las habitaciones y suites de AS Hotel Sempione Fiera, todas ellas equipadas con Wi-Fi y TV LCD con Canales Internacionales","og_url":"https:\/\/www.ashotels.it\/es\/as-hotel-sempione-fiera\/habitaciones-y-suites-2","og_site_name":"AS Hotels","article_publisher":"https:\/\/www.facebook.com\/AsHotels","article_modified_time":"2019-09-20T08:47:27+00:00","twitter_card":"summary_large_image","twitter_site":"@ASHOTELS1","schema":{"@context":"https:\/\/schema.org","@graph":[{"@type":"WebPage","@id":"https:\/\/www.ashotels.it\/es\/as-hotel-sempione-fiera\/habitaciones-y-suites-2","url":"https:\/\/www.ashotels.it\/es\/as-hotel-sempione-fiera\/habitaciones-y-suites-2","name":"Habitaciones y Suite | AS Hotel Sempione Fiera","isPartOf":{"@id":"https:\/\/www.ashotels.it\/es#website"},"datePublished":"2017-07-04T08:46:16+00:00","dateModified":"2019-09-20T08:47:27+00:00","description":"La descripci\u00f3n y fotos de las habitaciones y suites de AS Hotel Sempione Fiera, todas ellas equipadas con Wi-Fi y TV LCD con Canales Internacionales","breadcrumb":{"@id":"https:\/\/www.ashotels.it\/es\/as-hotel-sempione-fiera\/habitaciones-y-suites-2#breadcrumb"},"inLanguage":"es","potentialAction":[{"@type":"ReadAction","target":["https:\/\/www.ashotels.it\/es\/as-hotel-sempione-fiera\/habitaciones-y-suites-2"]}]},{"@type":"BreadcrumbList","@id":"https:\/\/www.ashotels.it\/es\/as-hotel-sempione-fiera\/habitaciones-y-suites-2#breadcrumb","itemListElement":[{"@type":"ListItem","position":1,"name":"Home","item":"https:\/\/www.ashotels.it\/es"},{"@type":"ListItem","position":2,"name":"Moderno 4 estrellas a solo 10 minutos de la Feria de Milan Rho-Pero, a 20 de Milan y de Malpensa","item":"https:\/\/www.ashotels.it\/es\/as-hotel-sempione-fiera"},{"@type":"ListItem","position":3,"name":"Elegancia y confort a 20 minutos del centro de Milan"}]},{"@type":"WebSite","@id":"https:\/\/www.ashotels.it\/es#website","url":"https:\/\/www.ashotels.it\/es","name":"AS Hotels","description":"","potentialAction":[{"@type":"SearchAction","target":{"@type":"EntryPoint","urlTemplate":"https:\/\/www.ashotels.it\/es?s={search_term_string}"},"query-input":{"@type":"PropertyValueSpecification","valueRequired":true,"valueName":"search_term_string"}}],"inLanguage":"es"}]}},"_links":{"self":[{"href":"https:\/\/www.ashotels.it\/es\/wp-json\/wp\/v2\/pages\/5554","targetHints":{"allow":["GET"]}}],"collection":[{"href":"https:\/\/www.ashotels.it\/es\/wp-json\/wp\/v2\/pages"}],"about":[{"href":"https:\/\/www.ashotels.it\/es\/wp-json\/wp\/v2\/types\/page"}],"author":[{"embeddable":true,"href":"https:\/\/www.ashotels.it\/es\/wp-json\/wp\/v2\/users\/6"}],"replies":[{"embeddable":true,"href":"https:\/\/www.ashotels.it\/es\/wp-json\/wp\/v2\/comments?post=5554"}],"version-history":[{"count":5,"href":"https:\/\/www.ashotels.it\/es\/wp-json\/wp\/v2\/pages\/5554\/revisions"}],"predecessor-version":[{"id":10694,"href":"https:\/\/www.ashotels.it\/es\/wp-json\/wp\/v2\/pages\/5554\/revisions\/10694"}],"up":[{"embeddable":true,"href":"https:\/\/www.ashotels.it\/es\/wp-json\/wp\/v2\/pages\/5550"}],"wp:attachment":[{"href":"https:\/\/www.ashotels.it\/es\/wp-json\/wp\/v2\/media?parent=5554"}],"curies":[{"name":"wp","href":"https:\/\/api.w.org\/{rel}","templated":true}]}}