{"id":561,"date":"2016-02-02T17:16:12","date_gmt":"2016-02-02T16:16:12","guid":{"rendered":"http:\/\/www.ashotels.it\/es\/?page_id=561"},"modified":"2017-08-22T09:07:18","modified_gmt":"2017-08-22T07:07:18","slug":"as-hotel-limbiate-fiera","status":"publish","type":"page","link":"https:\/\/www.ashotels.it\/es\/as-hotel-limbiate-fiera","title":{"rendered":"Un moderno hotel de 4 estrellas a s\u00f3lo 10 minutos de Mil\u00e1n"},"content":{"rendered":"<p class=\"sottotitolo\" style=\"text-align: center;\">Un lugar f\u00e1cil de llegar a Mil\u00e1n en pocos minutos , la pista de carreras de Monza y la feria Rho &#8211; Pero. El hotel dispone de un moderno centro de conferencias para eventos de hasta 400 personas, un amplio aparcamiento, un restaurante y bar sal\u00f3n, habitaciones y suites de dise\u00f1o con wi-fi en cada rinc\u00f2n. Servicio de transporte desde y hacia la estaci\u00f3n de Bovisio a 700 metros y hacia la feria de Rho. Usted est\u00e1 a 20 minutos del aeropuerto de Linate , a 40 minutos del aeropuerto de Malpensa ya 45 minutos de Orio al Serio.<\/p>\n","protected":false},"excerpt":{"rendered":"<p>Un lugar f\u00e1cil de llegar a Mil\u00e1n en pocos minutos , la pista de carreras de Monza y la feria Rho &#8211; Pero. El hotel dispone de un moderno centro de conferencias para eventos de hasta 400 personas, un amplio<span class=\"ellipsis\">&hellip;<\/span><\/p>\n<div class=\"read-more\"><a href=\"https:\/\/www.ashotels.it\/es\/as-hotel-limbiate-fiera\">Leer todo &#8250;<\/a><\/div>\n<p><!-- end of .read-more --><\/p>\n","protected":false},"author":2,"featured_media":0,"parent":0,"menu_order":0,"comment_status":"closed","ping_status":"closed","template":"home-limbiate-page.php","meta":{"_acf_changed":false,"inline_featured_image":false,"ngg_post_thumbnail":0,"footnotes":""},"class_list":["post-561","page","type-page","status-publish","hentry"],"acf":[],"yoast_head":"<!-- This site is optimized with the Yoast SEO plugin v27.0 - https:\/\/yoast.com\/product\/yoast-seo-wordpress\/ -->\n<title>AS Hotel Limbiate Fiera: Hotel 4 estrellas en Limbiate Mil\u00e1n<\/title>\n<meta name=\"description\" content=\"Hotel con centro de convenciones para hasta 400 personas, amplio parking, restaurante y lounge bar, habitaciones y suites de dise\u00f1o y wi-fi gratuito.\" \/>\n<meta name=\"robots\" content=\"index, follow, max-snippet:-1, max-image-preview:large, max-video-preview:-1\" \/>\n<link rel=\"canonical\" href=\"https:\/\/www.ashotels.it\/es\/as-hotel-limbiate-fiera\" \/>\n<meta property=\"og:locale\" content=\"es_ES\" \/>\n<meta property=\"og:type\" content=\"article\" \/>\n<meta property=\"og:title\" content=\"AS Hotel Limbiate Fiera: Hotel 4 estrellas en Limbiate Mil\u00e1n\" \/>\n<meta property=\"og:description\" content=\"Hotel con centro de convenciones para hasta 400 personas, amplio parking, restaurante y lounge bar, habitaciones y suites de dise\u00f1o y wi-fi gratuito.\" \/>\n<meta property=\"og:url\" content=\"https:\/\/www.ashotels.it\/es\/as-hotel-limbiate-fiera\" \/>\n<meta property=\"og:site_name\" content=\"AS Hotels\" \/>\n<meta property=\"article:publisher\" content=\"https:\/\/www.facebook.com\/AsHotels\" \/>\n<meta property=\"article:modified_time\" content=\"2017-08-22T07:07:18+00:00\" \/>\n<meta name=\"twitter:card\" content=\"summary_large_image\" \/>\n<meta name=\"twitter:site\" content=\"@ASHOTELS1\" \/>\n<script type=\"application\/ld+json\" class=\"yoast-schema-graph\">{\"@context\":\"https:\/\/schema.org\",\"@graph\":[{\"@type\":\"WebPage\",\"@id\":\"https:\/\/www.ashotels.it\/es\/as-hotel-limbiate-fiera\",\"url\":\"https:\/\/www.ashotels.it\/es\/as-hotel-limbiate-fiera\",\"name\":\"AS Hotel Limbiate Fiera: Hotel 4 estrellas en Limbiate Mil\u00e1n\",\"isPartOf\":{\"@id\":\"https:\/\/www.ashotels.it\/es#website\"},\"datePublished\":\"2016-02-02T16:16:12+00:00\",\"dateModified\":\"2017-08-22T07:07:18+00:00\",\"description\":\"Hotel con centro de convenciones para hasta 400 personas, amplio parking, restaurante y lounge bar, habitaciones y suites de dise\u00f1o y wi-fi gratuito.\",\"breadcrumb\":{\"@id\":\"https:\/\/www.ashotels.it\/es\/as-hotel-limbiate-fiera#breadcrumb\"},\"inLanguage\":\"es\",\"potentialAction\":[{\"@type\":\"ReadAction\",\"target\":[\"https:\/\/www.ashotels.it\/es\/as-hotel-limbiate-fiera\"]}]},{\"@type\":\"BreadcrumbList\",\"@id\":\"https:\/\/www.ashotels.it\/es\/as-hotel-limbiate-fiera#breadcrumb\",\"itemListElement\":[{\"@type\":\"ListItem\",\"position\":1,\"name\":\"Home\",\"item\":\"https:\/\/www.ashotels.it\/es\"},{\"@type\":\"ListItem\",\"position\":2,\"name\":\"Un moderno hotel de 4 estrellas a s\u00f3lo 10 minutos de Mil\u00e1n\"}]},{\"@type\":\"WebSite\",\"@id\":\"https:\/\/www.ashotels.it\/es#website\",\"url\":\"https:\/\/www.ashotels.it\/es\",\"name\":\"AS Hotels\",\"description\":\"\",\"potentialAction\":[{\"@type\":\"SearchAction\",\"target\":{\"@type\":\"EntryPoint\",\"urlTemplate\":\"https:\/\/www.ashotels.it\/es?s={search_term_string}\"},\"query-input\":{\"@type\":\"PropertyValueSpecification\",\"valueRequired\":true,\"valueName\":\"search_term_string\"}}],\"inLanguage\":\"es\"}]}<\/script>\n<!-- \/ Yoast SEO plugin. -->","yoast_head_json":{"title":"AS Hotel Limbiate Fiera: Hotel 4 estrellas en Limbiate Mil\u00e1n","description":"Hotel con centro de convenciones para hasta 400 personas, amplio parking, restaurante y lounge bar, habitaciones y suites de dise\u00f1o y wi-fi gratuito.","robots":{"index":"index","follow":"follow","max-snippet":"max-snippet:-1","max-image-preview":"max-image-preview:large","max-video-preview":"max-video-preview:-1"},"canonical":"https:\/\/www.ashotels.it\/es\/as-hotel-limbiate-fiera","og_locale":"es_ES","og_type":"article","og_title":"AS Hotel Limbiate Fiera: Hotel 4 estrellas en Limbiate Mil\u00e1n","og_description":"Hotel con centro de convenciones para hasta 400 personas, amplio parking, restaurante y lounge bar, habitaciones y suites de dise\u00f1o y wi-fi gratuito.","og_url":"https:\/\/www.ashotels.it\/es\/as-hotel-limbiate-fiera","og_site_name":"AS Hotels","article_publisher":"https:\/\/www.facebook.com\/AsHotels","article_modified_time":"2017-08-22T07:07:18+00:00","twitter_card":"summary_large_image","twitter_site":"@ASHOTELS1","schema":{"@context":"https:\/\/schema.org","@graph":[{"@type":"WebPage","@id":"https:\/\/www.ashotels.it\/es\/as-hotel-limbiate-fiera","url":"https:\/\/www.ashotels.it\/es\/as-hotel-limbiate-fiera","name":"AS Hotel Limbiate Fiera: Hotel 4 estrellas en Limbiate Mil\u00e1n","isPartOf":{"@id":"https:\/\/www.ashotels.it\/es#website"},"datePublished":"2016-02-02T16:16:12+00:00","dateModified":"2017-08-22T07:07:18+00:00","description":"Hotel con centro de convenciones para hasta 400 personas, amplio parking, restaurante y lounge bar, habitaciones y suites de dise\u00f1o y wi-fi gratuito.","breadcrumb":{"@id":"https:\/\/www.ashotels.it\/es\/as-hotel-limbiate-fiera#breadcrumb"},"inLanguage":"es","potentialAction":[{"@type":"ReadAction","target":["https:\/\/www.ashotels.it\/es\/as-hotel-limbiate-fiera"]}]},{"@type":"BreadcrumbList","@id":"https:\/\/www.ashotels.it\/es\/as-hotel-limbiate-fiera#breadcrumb","itemListElement":[{"@type":"ListItem","position":1,"name":"Home","item":"https:\/\/www.ashotels.it\/es"},{"@type":"ListItem","position":2,"name":"Un moderno hotel de 4 estrellas a s\u00f3lo 10 minutos de Mil\u00e1n"}]},{"@type":"WebSite","@id":"https:\/\/www.ashotels.it\/es#website","url":"https:\/\/www.ashotels.it\/es","name":"AS Hotels","description":"","potentialAction":[{"@type":"SearchAction","target":{"@type":"EntryPoint","urlTemplate":"https:\/\/www.ashotels.it\/es?s={search_term_string}"},"query-input":{"@type":"PropertyValueSpecification","valueRequired":true,"valueName":"search_term_string"}}],"inLanguage":"es"}]}},"_links":{"self":[{"href":"https:\/\/www.ashotels.it\/es\/wp-json\/wp\/v2\/pages\/561","targetHints":{"allow":["GET"]}}],"collection":[{"href":"https:\/\/www.ashotels.it\/es\/wp-json\/wp\/v2\/pages"}],"about":[{"href":"https:\/\/www.ashotels.it\/es\/wp-json\/wp\/v2\/types\/page"}],"author":[{"embeddable":true,"href":"https:\/\/www.ashotels.it\/es\/wp-json\/wp\/v2\/users\/2"}],"replies":[{"embeddable":true,"href":"https:\/\/www.ashotels.it\/es\/wp-json\/wp\/v2\/comments?post=561"}],"version-history":[{"count":1,"href":"https:\/\/www.ashotels.it\/es\/wp-json\/wp\/v2\/pages\/561\/revisions"}],"predecessor-version":[{"id":3947,"href":"https:\/\/www.ashotels.it\/es\/wp-json\/wp\/v2\/pages\/561\/revisions\/3947"}],"wp:attachment":[{"href":"https:\/\/www.ashotels.it\/es\/wp-json\/wp\/v2\/media?parent=561"}],"curies":[{"name":"wp","href":"https:\/\/api.w.org\/{rel}","templated":true}]}}