{"id":565,"date":"2016-02-02T17:21:33","date_gmt":"2016-02-02T16:21:33","guid":{"rendered":"http:\/\/www.ashotels.it\/es\/?page_id=565"},"modified":"2017-08-22T10:14:20","modified_gmt":"2017-08-22T08:14:20","slug":"restaurante","status":"publish","type":"page","link":"https:\/\/www.ashotels.it\/es\/as-hotel-limbiate-fiera\/restaurante","title":{"rendered":"Corso Como 52 Restaurante y Lounge Bar"},"content":{"rendered":"","protected":false},"excerpt":{"rendered":"","protected":false},"author":2,"featured_media":0,"parent":561,"menu_order":0,"comment_status":"closed","ping_status":"closed","template":"duecolonne-limbiate-page.php","meta":{"_acf_changed":false,"inline_featured_image":false,"ngg_post_thumbnail":0,"footnotes":""},"class_list":["post-565","page","type-page","status-publish","hentry"],"acf":[],"yoast_head":"<!-- This site is optimized with the Yoast SEO plugin v27.0 - https:\/\/yoast.com\/product\/yoast-seo-wordpress\/ -->\n<title>Restaurante Corso Como 52 en Limbiate, a las puertas de Mil\u00e1n<\/title>\n<meta name=\"description\" content=\"En nuestro restaurante podr\u00e9is degustar platos de cocina mediterr\u00e1nea y propuestas de los diferentes tipos de cocinas internacionales.\" \/>\n<meta name=\"robots\" content=\"index, follow, max-snippet:-1, max-image-preview:large, max-video-preview:-1\" \/>\n<link rel=\"canonical\" href=\"https:\/\/www.ashotels.it\/es\/as-hotel-limbiate-fiera\/restaurante\" \/>\n<meta property=\"og:locale\" content=\"es_ES\" \/>\n<meta property=\"og:type\" content=\"article\" \/>\n<meta property=\"og:title\" content=\"Restaurante Corso Como 52 en Limbiate, a las puertas de Mil\u00e1n\" \/>\n<meta property=\"og:description\" content=\"En nuestro restaurante podr\u00e9is degustar platos de cocina mediterr\u00e1nea y propuestas de los diferentes tipos de cocinas internacionales.\" \/>\n<meta property=\"og:url\" content=\"https:\/\/www.ashotels.it\/es\/as-hotel-limbiate-fiera\/restaurante\" \/>\n<meta property=\"og:site_name\" content=\"AS Hotels\" \/>\n<meta property=\"article:publisher\" content=\"https:\/\/www.facebook.com\/AsHotels\" \/>\n<meta property=\"article:modified_time\" content=\"2017-08-22T08:14:20+00:00\" \/>\n<meta name=\"twitter:card\" content=\"summary_large_image\" \/>\n<meta name=\"twitter:site\" content=\"@ASHOTELS1\" \/>\n<script type=\"application\/ld+json\" class=\"yoast-schema-graph\">{\"@context\":\"https:\/\/schema.org\",\"@graph\":[{\"@type\":\"WebPage\",\"@id\":\"https:\/\/www.ashotels.it\/es\/as-hotel-limbiate-fiera\/restaurante\",\"url\":\"https:\/\/www.ashotels.it\/es\/as-hotel-limbiate-fiera\/restaurante\",\"name\":\"Restaurante Corso Como 52 en Limbiate, a las puertas de Mil\u00e1n\",\"isPartOf\":{\"@id\":\"https:\/\/www.ashotels.it\/es#website\"},\"datePublished\":\"2016-02-02T16:21:33+00:00\",\"dateModified\":\"2017-08-22T08:14:20+00:00\",\"description\":\"En nuestro restaurante podr\u00e9is degustar platos de cocina mediterr\u00e1nea y propuestas de los diferentes tipos de cocinas internacionales.\",\"breadcrumb\":{\"@id\":\"https:\/\/www.ashotels.it\/es\/as-hotel-limbiate-fiera\/restaurante#breadcrumb\"},\"inLanguage\":\"es\",\"potentialAction\":[{\"@type\":\"ReadAction\",\"target\":[\"https:\/\/www.ashotels.it\/es\/as-hotel-limbiate-fiera\/restaurante\"]}]},{\"@type\":\"BreadcrumbList\",\"@id\":\"https:\/\/www.ashotels.it\/es\/as-hotel-limbiate-fiera\/restaurante#breadcrumb\",\"itemListElement\":[{\"@type\":\"ListItem\",\"position\":1,\"name\":\"Home\",\"item\":\"https:\/\/www.ashotels.it\/es\"},{\"@type\":\"ListItem\",\"position\":2,\"name\":\"Un moderno hotel de 4 estrellas a s\u00f3lo 10 minutos de Mil\u00e1n\",\"item\":\"https:\/\/www.ashotels.it\/es\/as-hotel-limbiate-fiera\"},{\"@type\":\"ListItem\",\"position\":3,\"name\":\"Corso Como 52 Restaurante y Lounge Bar\"}]},{\"@type\":\"WebSite\",\"@id\":\"https:\/\/www.ashotels.it\/es#website\",\"url\":\"https:\/\/www.ashotels.it\/es\",\"name\":\"AS Hotels\",\"description\":\"\",\"potentialAction\":[{\"@type\":\"SearchAction\",\"target\":{\"@type\":\"EntryPoint\",\"urlTemplate\":\"https:\/\/www.ashotels.it\/es?s={search_term_string}\"},\"query-input\":{\"@type\":\"PropertyValueSpecification\",\"valueRequired\":true,\"valueName\":\"search_term_string\"}}],\"inLanguage\":\"es\"}]}<\/script>\n<!-- \/ Yoast SEO plugin. -->","yoast_head_json":{"title":"Restaurante Corso Como 52 en Limbiate, a las puertas de Mil\u00e1n","description":"En nuestro restaurante podr\u00e9is degustar platos de cocina mediterr\u00e1nea y propuestas de los diferentes tipos de cocinas internacionales.","robots":{"index":"index","follow":"follow","max-snippet":"max-snippet:-1","max-image-preview":"max-image-preview:large","max-video-preview":"max-video-preview:-1"},"canonical":"https:\/\/www.ashotels.it\/es\/as-hotel-limbiate-fiera\/restaurante","og_locale":"es_ES","og_type":"article","og_title":"Restaurante Corso Como 52 en Limbiate, a las puertas de Mil\u00e1n","og_description":"En nuestro restaurante podr\u00e9is degustar platos de cocina mediterr\u00e1nea y propuestas de los diferentes tipos de cocinas internacionales.","og_url":"https:\/\/www.ashotels.it\/es\/as-hotel-limbiate-fiera\/restaurante","og_site_name":"AS Hotels","article_publisher":"https:\/\/www.facebook.com\/AsHotels","article_modified_time":"2017-08-22T08:14:20+00:00","twitter_card":"summary_large_image","twitter_site":"@ASHOTELS1","schema":{"@context":"https:\/\/schema.org","@graph":[{"@type":"WebPage","@id":"https:\/\/www.ashotels.it\/es\/as-hotel-limbiate-fiera\/restaurante","url":"https:\/\/www.ashotels.it\/es\/as-hotel-limbiate-fiera\/restaurante","name":"Restaurante Corso Como 52 en Limbiate, a las puertas de Mil\u00e1n","isPartOf":{"@id":"https:\/\/www.ashotels.it\/es#website"},"datePublished":"2016-02-02T16:21:33+00:00","dateModified":"2017-08-22T08:14:20+00:00","description":"En nuestro restaurante podr\u00e9is degustar platos de cocina mediterr\u00e1nea y propuestas de los diferentes tipos de cocinas internacionales.","breadcrumb":{"@id":"https:\/\/www.ashotels.it\/es\/as-hotel-limbiate-fiera\/restaurante#breadcrumb"},"inLanguage":"es","potentialAction":[{"@type":"ReadAction","target":["https:\/\/www.ashotels.it\/es\/as-hotel-limbiate-fiera\/restaurante"]}]},{"@type":"BreadcrumbList","@id":"https:\/\/www.ashotels.it\/es\/as-hotel-limbiate-fiera\/restaurante#breadcrumb","itemListElement":[{"@type":"ListItem","position":1,"name":"Home","item":"https:\/\/www.ashotels.it\/es"},{"@type":"ListItem","position":2,"name":"Un moderno hotel de 4 estrellas a s\u00f3lo 10 minutos de Mil\u00e1n","item":"https:\/\/www.ashotels.it\/es\/as-hotel-limbiate-fiera"},{"@type":"ListItem","position":3,"name":"Corso Como 52 Restaurante y Lounge Bar"}]},{"@type":"WebSite","@id":"https:\/\/www.ashotels.it\/es#website","url":"https:\/\/www.ashotels.it\/es","name":"AS Hotels","description":"","potentialAction":[{"@type":"SearchAction","target":{"@type":"EntryPoint","urlTemplate":"https:\/\/www.ashotels.it\/es?s={search_term_string}"},"query-input":{"@type":"PropertyValueSpecification","valueRequired":true,"valueName":"search_term_string"}}],"inLanguage":"es"}]}},"_links":{"self":[{"href":"https:\/\/www.ashotels.it\/es\/wp-json\/wp\/v2\/pages\/565","targetHints":{"allow":["GET"]}}],"collection":[{"href":"https:\/\/www.ashotels.it\/es\/wp-json\/wp\/v2\/pages"}],"about":[{"href":"https:\/\/www.ashotels.it\/es\/wp-json\/wp\/v2\/types\/page"}],"author":[{"embeddable":true,"href":"https:\/\/www.ashotels.it\/es\/wp-json\/wp\/v2\/users\/2"}],"replies":[{"embeddable":true,"href":"https:\/\/www.ashotels.it\/es\/wp-json\/wp\/v2\/comments?post=565"}],"version-history":[{"count":2,"href":"https:\/\/www.ashotels.it\/es\/wp-json\/wp\/v2\/pages\/565\/revisions"}],"predecessor-version":[{"id":1060,"href":"https:\/\/www.ashotels.it\/es\/wp-json\/wp\/v2\/pages\/565\/revisions\/1060"}],"up":[{"embeddable":true,"href":"https:\/\/www.ashotels.it\/es\/wp-json\/wp\/v2\/pages\/561"}],"wp:attachment":[{"href":"https:\/\/www.ashotels.it\/es\/wp-json\/wp\/v2\/media?parent=565"}],"curies":[{"name":"wp","href":"https:\/\/api.w.org\/{rel}","templated":true}]}}