{"id":6008,"date":"2017-07-28T09:05:45","date_gmt":"2017-07-28T07:05:45","guid":{"rendered":"http:\/\/www.ashotels.it\/hotel-vicino-universita-liuc-castellanza"},"modified":"2017-08-28T10:34:51","modified_gmt":"2017-08-28T08:34:51","slug":"hotel-cerca-de-la-universidad-liuc","status":"publish","type":"page","link":"https:\/\/www.ashotels.it\/es\/hotel-cerca-de-la-universidad-liuc","title":{"rendered":"LIUC"},"content":{"rendered":"<p style=\"text-align: justify;\"><img loading=\"lazy\" decoding=\"async\" class=\"alignleft wp-image-4390 size-full\" src=\"http:\/\/www.ashotels.it\/wp-content\/uploads\/2017\/07\/liuc-box-1.png\" alt=\"hotel vicino universita liuc - hotel cerca de la universidad LIUC\" width=\"570\" height=\"380\"><\/p>\n<p>&nbsp;<\/p>\n<p style=\"text-align: justify;\"><strong>LIUC<\/strong> (<strong>Libera Universit\u00e0 degli studi Carlo Cattaneo<\/strong>) es la \u00fanica universidad en Italia fundada y dirigida por una asociaci\u00f3n de empresarios (provenientes de la provincia de Varese y de el Alto Milanese), con el objetivo de ofrecer una formaci\u00f3n excelente y lo m\u00e1s posible cercana a las necesidades de las empresas del territorio.<\/p>\n<p style=\"text-align: justify;\">La <strong>LIUC<\/strong> ha sido indicada por CENSIS (clasifica 2017-2018) al segundo puesto entre las Universidades no estatales de peque\u00f1a dimensi\u00f3n (hasta 5.000 inscritos).<\/p>\n<p style=\"text-align: justify;\">La universidad, con sede en Castellanza, ofrece numerosas carreras, posee en su interior un campus y es sede de numerosos congresos de importancia internacional en el trascurso del a\u00f1o acad\u00e9mico.<\/p>\n<p>Reserva ahorra tu <strong>hotel cerca de la Universidad LIUC!<\/strong><\/p>\n","protected":false},"excerpt":{"rendered":"<p>&nbsp; LIUC (Libera Universit\u00e0 degli studi Carlo Cattaneo) es la \u00fanica universidad en Italia fundada y dirigida por una asociaci\u00f3n de empresarios (provenientes de la provincia de Varese y de el Alto Milanese), con el objetivo de ofrecer una formaci\u00f3n<span class=\"ellipsis\">&hellip;<\/span><\/p>\n<div class=\"read-more\"><a href=\"https:\/\/www.ashotels.it\/es\/hotel-cerca-de-la-universidad-liuc\">Leer todo &#8250;<\/a><\/div>\n<p><!-- end of .read-more --><\/p>\n","protected":false},"author":12,"featured_media":0,"parent":0,"menu_order":0,"comment_status":"closed","ping_status":"closed","template":"landing-page.php","meta":{"_acf_changed":false,"inline_featured_image":false,"ngg_post_thumbnail":0,"footnotes":""},"class_list":["post-6008","page","type-page","status-publish","hentry"],"acf":[],"yoast_head":"<!-- This site is optimized with the Yoast SEO plugin v27.0 - https:\/\/yoast.com\/product\/yoast-seo-wordpress\/ -->\n<title>Hotel cerca de la Universidad LIUC Castellanza | AS Hotels<\/title>\n<meta name=\"description\" content=\"La universidad, con sede en Castellanza, ofrece numerosas carreras y es sede de numerosos congresos: reserva ahora tu hotel cerca de la Universidad LIUC!\" \/>\n<meta name=\"robots\" content=\"index, follow, max-snippet:-1, max-image-preview:large, max-video-preview:-1\" \/>\n<link rel=\"canonical\" href=\"https:\/\/www.ashotels.it\/es\/hotel-cerca-de-la-universidad-liuc\" \/>\n<meta property=\"og:locale\" content=\"es_ES\" \/>\n<meta property=\"og:type\" content=\"article\" \/>\n<meta property=\"og:title\" content=\"Hotel cerca de la Universidad LIUC Castellanza | AS Hotels\" \/>\n<meta property=\"og:description\" content=\"La universidad, con sede en Castellanza, ofrece numerosas carreras y es sede de numerosos congresos: reserva ahora tu hotel cerca de la Universidad LIUC!\" \/>\n<meta property=\"og:url\" content=\"https:\/\/www.ashotels.it\/es\/hotel-cerca-de-la-universidad-liuc\" \/>\n<meta property=\"og:site_name\" content=\"AS Hotels\" \/>\n<meta property=\"article:publisher\" content=\"https:\/\/www.facebook.com\/AsHotels\" \/>\n<meta property=\"article:modified_time\" content=\"2017-08-28T08:34:51+00:00\" \/>\n<meta property=\"og:image\" content=\"http:\/\/www.ashotels.it\/wp-content\/uploads\/2017\/07\/liuc-box-1.png\" \/>\n<meta name=\"twitter:card\" content=\"summary_large_image\" \/>\n<meta name=\"twitter:site\" content=\"@ASHOTELS1\" \/>\n<meta name=\"twitter:label1\" content=\"Tiempo de lectura\" \/>\n\t<meta name=\"twitter:data1\" content=\"1 minuto\" \/>\n<script type=\"application\/ld+json\" class=\"yoast-schema-graph\">{\"@context\":\"https:\/\/schema.org\",\"@graph\":[{\"@type\":\"WebPage\",\"@id\":\"https:\/\/www.ashotels.it\/es\/hotel-cerca-de-la-universidad-liuc\",\"url\":\"https:\/\/www.ashotels.it\/es\/hotel-cerca-de-la-universidad-liuc\",\"name\":\"Hotel cerca de la Universidad LIUC Castellanza | AS Hotels\",\"isPartOf\":{\"@id\":\"https:\/\/www.ashotels.it\/es#website\"},\"primaryImageOfPage\":{\"@id\":\"https:\/\/www.ashotels.it\/es\/hotel-cerca-de-la-universidad-liuc#primaryimage\"},\"image\":{\"@id\":\"https:\/\/www.ashotels.it\/es\/hotel-cerca-de-la-universidad-liuc#primaryimage\"},\"thumbnailUrl\":\"http:\/\/www.ashotels.it\/wp-content\/uploads\/2017\/07\/liuc-box-1.png\",\"datePublished\":\"2017-07-28T07:05:45+00:00\",\"dateModified\":\"2017-08-28T08:34:51+00:00\",\"description\":\"La universidad, con sede en Castellanza, ofrece numerosas carreras y es sede de numerosos congresos: reserva ahora tu hotel cerca de la Universidad LIUC!\",\"breadcrumb\":{\"@id\":\"https:\/\/www.ashotels.it\/es\/hotel-cerca-de-la-universidad-liuc#breadcrumb\"},\"inLanguage\":\"es\",\"potentialAction\":[{\"@type\":\"ReadAction\",\"target\":[\"https:\/\/www.ashotels.it\/es\/hotel-cerca-de-la-universidad-liuc\"]}]},{\"@type\":\"ImageObject\",\"inLanguage\":\"es\",\"@id\":\"https:\/\/www.ashotels.it\/es\/hotel-cerca-de-la-universidad-liuc#primaryimage\",\"url\":\"http:\/\/www.ashotels.it\/wp-content\/uploads\/2017\/07\/liuc-box-1.png\",\"contentUrl\":\"http:\/\/www.ashotels.it\/wp-content\/uploads\/2017\/07\/liuc-box-1.png\"},{\"@type\":\"BreadcrumbList\",\"@id\":\"https:\/\/www.ashotels.it\/es\/hotel-cerca-de-la-universidad-liuc#breadcrumb\",\"itemListElement\":[{\"@type\":\"ListItem\",\"position\":1,\"name\":\"Home\",\"item\":\"https:\/\/www.ashotels.it\/es\"},{\"@type\":\"ListItem\",\"position\":2,\"name\":\"LIUC\"}]},{\"@type\":\"WebSite\",\"@id\":\"https:\/\/www.ashotels.it\/es#website\",\"url\":\"https:\/\/www.ashotels.it\/es\",\"name\":\"AS Hotels\",\"description\":\"\",\"potentialAction\":[{\"@type\":\"SearchAction\",\"target\":{\"@type\":\"EntryPoint\",\"urlTemplate\":\"https:\/\/www.ashotels.it\/es?s={search_term_string}\"},\"query-input\":{\"@type\":\"PropertyValueSpecification\",\"valueRequired\":true,\"valueName\":\"search_term_string\"}}],\"inLanguage\":\"es\"}]}<\/script>\n<!-- \/ Yoast SEO plugin. -->","yoast_head_json":{"title":"Hotel cerca de la Universidad LIUC Castellanza | AS Hotels","description":"La universidad, con sede en Castellanza, ofrece numerosas carreras y es sede de numerosos congresos: reserva ahora tu hotel cerca de la Universidad LIUC!","robots":{"index":"index","follow":"follow","max-snippet":"max-snippet:-1","max-image-preview":"max-image-preview:large","max-video-preview":"max-video-preview:-1"},"canonical":"https:\/\/www.ashotels.it\/es\/hotel-cerca-de-la-universidad-liuc","og_locale":"es_ES","og_type":"article","og_title":"Hotel cerca de la Universidad LIUC Castellanza | AS Hotels","og_description":"La universidad, con sede en Castellanza, ofrece numerosas carreras y es sede de numerosos congresos: reserva ahora tu hotel cerca de la Universidad LIUC!","og_url":"https:\/\/www.ashotels.it\/es\/hotel-cerca-de-la-universidad-liuc","og_site_name":"AS Hotels","article_publisher":"https:\/\/www.facebook.com\/AsHotels","article_modified_time":"2017-08-28T08:34:51+00:00","og_image":[{"url":"http:\/\/www.ashotels.it\/wp-content\/uploads\/2017\/07\/liuc-box-1.png","type":"","width":"","height":""}],"twitter_card":"summary_large_image","twitter_site":"@ASHOTELS1","twitter_misc":{"Tiempo de lectura":"1 minuto"},"schema":{"@context":"https:\/\/schema.org","@graph":[{"@type":"WebPage","@id":"https:\/\/www.ashotels.it\/es\/hotel-cerca-de-la-universidad-liuc","url":"https:\/\/www.ashotels.it\/es\/hotel-cerca-de-la-universidad-liuc","name":"Hotel cerca de la Universidad LIUC Castellanza | AS Hotels","isPartOf":{"@id":"https:\/\/www.ashotels.it\/es#website"},"primaryImageOfPage":{"@id":"https:\/\/www.ashotels.it\/es\/hotel-cerca-de-la-universidad-liuc#primaryimage"},"image":{"@id":"https:\/\/www.ashotels.it\/es\/hotel-cerca-de-la-universidad-liuc#primaryimage"},"thumbnailUrl":"http:\/\/www.ashotels.it\/wp-content\/uploads\/2017\/07\/liuc-box-1.png","datePublished":"2017-07-28T07:05:45+00:00","dateModified":"2017-08-28T08:34:51+00:00","description":"La universidad, con sede en Castellanza, ofrece numerosas carreras y es sede de numerosos congresos: reserva ahora tu hotel cerca de la Universidad LIUC!","breadcrumb":{"@id":"https:\/\/www.ashotels.it\/es\/hotel-cerca-de-la-universidad-liuc#breadcrumb"},"inLanguage":"es","potentialAction":[{"@type":"ReadAction","target":["https:\/\/www.ashotels.it\/es\/hotel-cerca-de-la-universidad-liuc"]}]},{"@type":"ImageObject","inLanguage":"es","@id":"https:\/\/www.ashotels.it\/es\/hotel-cerca-de-la-universidad-liuc#primaryimage","url":"http:\/\/www.ashotels.it\/wp-content\/uploads\/2017\/07\/liuc-box-1.png","contentUrl":"http:\/\/www.ashotels.it\/wp-content\/uploads\/2017\/07\/liuc-box-1.png"},{"@type":"BreadcrumbList","@id":"https:\/\/www.ashotels.it\/es\/hotel-cerca-de-la-universidad-liuc#breadcrumb","itemListElement":[{"@type":"ListItem","position":1,"name":"Home","item":"https:\/\/www.ashotels.it\/es"},{"@type":"ListItem","position":2,"name":"LIUC"}]},{"@type":"WebSite","@id":"https:\/\/www.ashotels.it\/es#website","url":"https:\/\/www.ashotels.it\/es","name":"AS Hotels","description":"","potentialAction":[{"@type":"SearchAction","target":{"@type":"EntryPoint","urlTemplate":"https:\/\/www.ashotels.it\/es?s={search_term_string}"},"query-input":{"@type":"PropertyValueSpecification","valueRequired":true,"valueName":"search_term_string"}}],"inLanguage":"es"}]}},"_links":{"self":[{"href":"https:\/\/www.ashotels.it\/es\/wp-json\/wp\/v2\/pages\/6008","targetHints":{"allow":["GET"]}}],"collection":[{"href":"https:\/\/www.ashotels.it\/es\/wp-json\/wp\/v2\/pages"}],"about":[{"href":"https:\/\/www.ashotels.it\/es\/wp-json\/wp\/v2\/types\/page"}],"author":[{"embeddable":true,"href":"https:\/\/www.ashotels.it\/es\/wp-json\/wp\/v2\/users\/12"}],"replies":[{"embeddable":true,"href":"https:\/\/www.ashotels.it\/es\/wp-json\/wp\/v2\/comments?post=6008"}],"version-history":[{"count":6,"href":"https:\/\/www.ashotels.it\/es\/wp-json\/wp\/v2\/pages\/6008\/revisions"}],"predecessor-version":[{"id":6014,"href":"https:\/\/www.ashotels.it\/es\/wp-json\/wp\/v2\/pages\/6008\/revisions\/6014"}],"wp:attachment":[{"href":"https:\/\/www.ashotels.it\/es\/wp-json\/wp\/v2\/media?parent=6008"}],"curies":[{"name":"wp","href":"https:\/\/api.w.org\/{rel}","templated":true}]}}