{"id":683,"date":"2016-02-04T16:57:28","date_gmt":"2016-02-04T15:57:28","guid":{"rendered":"http:\/\/www.ashotels.it\/en\/?page_id=683"},"modified":"2018-09-26T11:59:57","modified_gmt":"2018-09-26T09:59:57","slug":"ubicacion","status":"publish","type":"page","link":"https:\/\/www.ashotels.it\/es\/as-hotel-limbiate-fiera\/ubicacion","title":{"rendered":"Ubicaci\u00f3n conveniente para llegar r\u00e1pidamente a ferias y aeropuertos"},"content":{"rendered":"<p class=\"sottotitolo\" style=\"text-align: center;\">El prestigioso hotel est\u00e1 situado en el coraz\u00f3n de Brianza al norte de Mil\u00e1n, carrettera&nbsp;Monza-Saronno (SP 527) a pocos minutos del centro de Mil\u00e1n, Lago de Como y los aeropuertos de Linate y Malpensa.<br \/>\nEn las inmediaciones se encuentran el circuito de carreras de Monza, el recinto ferial de Rho-Pero y Milano. El hotel se encuentra a 700 metros de la estaci\u00f3n de trenes de Bovisio Masciago (en 20 minutos se puede llegar a Mil\u00e1n) y a s\u00f3lo 15 kil\u00f3metros del lago de Como.<\/p>\n","protected":false},"excerpt":{"rendered":"<p>El prestigioso hotel est\u00e1 situado en el coraz\u00f3n de Brianza al norte de Mil\u00e1n, carrettera&nbsp;Monza-Saronno (SP 527) a pocos minutos del centro de Mil\u00e1n, Lago de Como y los aeropuertos de Linate y Malpensa. En las inmediaciones se encuentran el<span class=\"ellipsis\">&hellip;<\/span><\/p>\n<div class=\"read-more\"><a href=\"https:\/\/www.ashotels.it\/es\/as-hotel-limbiate-fiera\/ubicacion\">Leer todo &#8250;<\/a><\/div>\n<p><!-- end of .read-more --><\/p>\n","protected":false},"author":2,"featured_media":0,"parent":561,"menu_order":0,"comment_status":"closed","ping_status":"closed","template":"duecolonne-limbiate-page.php","meta":{"_acf_changed":false,"inline_featured_image":false,"ngg_post_thumbnail":0,"footnotes":""},"class_list":["post-683","page","type-page","status-publish","hentry"],"acf":[],"yoast_head":"<!-- This site is optimized with the Yoast SEO plugin v27.0 - https:\/\/yoast.com\/product\/yoast-seo-wordpress\/ -->\n<title>Hotel en Limbiate a 10 minutos de Mil\u00e1n | AS Hotel Limbiate Fiera<\/title>\n<meta name=\"description\" content=\"El hotel se sit\u00faa a las afueras de Mil\u00e1n, en la Provincial Monza-Saronno (sp 527) a pocos minutes del centro de Mil\u00e1n y de Linate y Malpensa.\" \/>\n<meta name=\"robots\" content=\"index, follow, max-snippet:-1, max-image-preview:large, max-video-preview:-1\" \/>\n<link rel=\"canonical\" href=\"https:\/\/www.ashotels.it\/es\/as-hotel-limbiate-fiera\/ubicacion\" \/>\n<meta property=\"og:locale\" content=\"es_ES\" \/>\n<meta property=\"og:type\" content=\"article\" \/>\n<meta property=\"og:title\" content=\"Hotel en Limbiate a 10 minutos de Mil\u00e1n | AS Hotel Limbiate Fiera\" \/>\n<meta property=\"og:description\" content=\"El hotel se sit\u00faa a las afueras de Mil\u00e1n, en la Provincial Monza-Saronno (sp 527) a pocos minutes del centro de Mil\u00e1n y de Linate y Malpensa.\" \/>\n<meta property=\"og:url\" content=\"https:\/\/www.ashotels.it\/es\/as-hotel-limbiate-fiera\/ubicacion\" \/>\n<meta property=\"og:site_name\" content=\"AS Hotels\" \/>\n<meta property=\"article:publisher\" content=\"https:\/\/www.facebook.com\/AsHotels\" \/>\n<meta property=\"article:modified_time\" content=\"2018-09-26T09:59:57+00:00\" \/>\n<meta name=\"twitter:card\" content=\"summary_large_image\" \/>\n<meta name=\"twitter:site\" content=\"@ASHOTELS1\" \/>\n<script type=\"application\/ld+json\" class=\"yoast-schema-graph\">{\"@context\":\"https:\/\/schema.org\",\"@graph\":[{\"@type\":\"WebPage\",\"@id\":\"https:\/\/www.ashotels.it\/es\/as-hotel-limbiate-fiera\/ubicacion\",\"url\":\"https:\/\/www.ashotels.it\/es\/as-hotel-limbiate-fiera\/ubicacion\",\"name\":\"Hotel en Limbiate a 10 minutos de Mil\u00e1n | AS Hotel Limbiate Fiera\",\"isPartOf\":{\"@id\":\"https:\/\/www.ashotels.it\/es#website\"},\"datePublished\":\"2016-02-04T15:57:28+00:00\",\"dateModified\":\"2018-09-26T09:59:57+00:00\",\"description\":\"El hotel se sit\u00faa a las afueras de Mil\u00e1n, en la Provincial Monza-Saronno (sp 527) a pocos minutes del centro de Mil\u00e1n y de Linate y Malpensa.\",\"breadcrumb\":{\"@id\":\"https:\/\/www.ashotels.it\/es\/as-hotel-limbiate-fiera\/ubicacion#breadcrumb\"},\"inLanguage\":\"es\",\"potentialAction\":[{\"@type\":\"ReadAction\",\"target\":[\"https:\/\/www.ashotels.it\/es\/as-hotel-limbiate-fiera\/ubicacion\"]}]},{\"@type\":\"BreadcrumbList\",\"@id\":\"https:\/\/www.ashotels.it\/es\/as-hotel-limbiate-fiera\/ubicacion#breadcrumb\",\"itemListElement\":[{\"@type\":\"ListItem\",\"position\":1,\"name\":\"Home\",\"item\":\"https:\/\/www.ashotels.it\/es\"},{\"@type\":\"ListItem\",\"position\":2,\"name\":\"Un moderno hotel de 4 estrellas a s\u00f3lo 10 minutos de Mil\u00e1n\",\"item\":\"https:\/\/www.ashotels.it\/es\/as-hotel-limbiate-fiera\"},{\"@type\":\"ListItem\",\"position\":3,\"name\":\"Ubicaci\u00f3n conveniente para llegar r\u00e1pidamente a ferias y aeropuertos\"}]},{\"@type\":\"WebSite\",\"@id\":\"https:\/\/www.ashotels.it\/es#website\",\"url\":\"https:\/\/www.ashotels.it\/es\",\"name\":\"AS Hotels\",\"description\":\"\",\"potentialAction\":[{\"@type\":\"SearchAction\",\"target\":{\"@type\":\"EntryPoint\",\"urlTemplate\":\"https:\/\/www.ashotels.it\/es?s={search_term_string}\"},\"query-input\":{\"@type\":\"PropertyValueSpecification\",\"valueRequired\":true,\"valueName\":\"search_term_string\"}}],\"inLanguage\":\"es\"}]}<\/script>\n<!-- \/ Yoast SEO plugin. -->","yoast_head_json":{"title":"Hotel en Limbiate a 10 minutos de Mil\u00e1n | AS Hotel Limbiate Fiera","description":"El hotel se sit\u00faa a las afueras de Mil\u00e1n, en la Provincial Monza-Saronno (sp 527) a pocos minutes del centro de Mil\u00e1n y de Linate y Malpensa.","robots":{"index":"index","follow":"follow","max-snippet":"max-snippet:-1","max-image-preview":"max-image-preview:large","max-video-preview":"max-video-preview:-1"},"canonical":"https:\/\/www.ashotels.it\/es\/as-hotel-limbiate-fiera\/ubicacion","og_locale":"es_ES","og_type":"article","og_title":"Hotel en Limbiate a 10 minutos de Mil\u00e1n | AS Hotel Limbiate Fiera","og_description":"El hotel se sit\u00faa a las afueras de Mil\u00e1n, en la Provincial Monza-Saronno (sp 527) a pocos minutes del centro de Mil\u00e1n y de Linate y Malpensa.","og_url":"https:\/\/www.ashotels.it\/es\/as-hotel-limbiate-fiera\/ubicacion","og_site_name":"AS Hotels","article_publisher":"https:\/\/www.facebook.com\/AsHotels","article_modified_time":"2018-09-26T09:59:57+00:00","twitter_card":"summary_large_image","twitter_site":"@ASHOTELS1","schema":{"@context":"https:\/\/schema.org","@graph":[{"@type":"WebPage","@id":"https:\/\/www.ashotels.it\/es\/as-hotel-limbiate-fiera\/ubicacion","url":"https:\/\/www.ashotels.it\/es\/as-hotel-limbiate-fiera\/ubicacion","name":"Hotel en Limbiate a 10 minutos de Mil\u00e1n | AS Hotel Limbiate Fiera","isPartOf":{"@id":"https:\/\/www.ashotels.it\/es#website"},"datePublished":"2016-02-04T15:57:28+00:00","dateModified":"2018-09-26T09:59:57+00:00","description":"El hotel se sit\u00faa a las afueras de Mil\u00e1n, en la Provincial Monza-Saronno (sp 527) a pocos minutes del centro de Mil\u00e1n y de Linate y Malpensa.","breadcrumb":{"@id":"https:\/\/www.ashotels.it\/es\/as-hotel-limbiate-fiera\/ubicacion#breadcrumb"},"inLanguage":"es","potentialAction":[{"@type":"ReadAction","target":["https:\/\/www.ashotels.it\/es\/as-hotel-limbiate-fiera\/ubicacion"]}]},{"@type":"BreadcrumbList","@id":"https:\/\/www.ashotels.it\/es\/as-hotel-limbiate-fiera\/ubicacion#breadcrumb","itemListElement":[{"@type":"ListItem","position":1,"name":"Home","item":"https:\/\/www.ashotels.it\/es"},{"@type":"ListItem","position":2,"name":"Un moderno hotel de 4 estrellas a s\u00f3lo 10 minutos de Mil\u00e1n","item":"https:\/\/www.ashotels.it\/es\/as-hotel-limbiate-fiera"},{"@type":"ListItem","position":3,"name":"Ubicaci\u00f3n conveniente para llegar r\u00e1pidamente a ferias y aeropuertos"}]},{"@type":"WebSite","@id":"https:\/\/www.ashotels.it\/es#website","url":"https:\/\/www.ashotels.it\/es","name":"AS Hotels","description":"","potentialAction":[{"@type":"SearchAction","target":{"@type":"EntryPoint","urlTemplate":"https:\/\/www.ashotels.it\/es?s={search_term_string}"},"query-input":{"@type":"PropertyValueSpecification","valueRequired":true,"valueName":"search_term_string"}}],"inLanguage":"es"}]}},"_links":{"self":[{"href":"https:\/\/www.ashotels.it\/es\/wp-json\/wp\/v2\/pages\/683","targetHints":{"allow":["GET"]}}],"collection":[{"href":"https:\/\/www.ashotels.it\/es\/wp-json\/wp\/v2\/pages"}],"about":[{"href":"https:\/\/www.ashotels.it\/es\/wp-json\/wp\/v2\/types\/page"}],"author":[{"embeddable":true,"href":"https:\/\/www.ashotels.it\/es\/wp-json\/wp\/v2\/users\/2"}],"replies":[{"embeddable":true,"href":"https:\/\/www.ashotels.it\/es\/wp-json\/wp\/v2\/comments?post=683"}],"version-history":[{"count":2,"href":"https:\/\/www.ashotels.it\/es\/wp-json\/wp\/v2\/pages\/683\/revisions"}],"predecessor-version":[{"id":4286,"href":"https:\/\/www.ashotels.it\/es\/wp-json\/wp\/v2\/pages\/683\/revisions\/4286"}],"up":[{"embeddable":true,"href":"https:\/\/www.ashotels.it\/es\/wp-json\/wp\/v2\/pages\/561"}],"wp:attachment":[{"href":"https:\/\/www.ashotels.it\/es\/wp-json\/wp\/v2\/media?parent=683"}],"curies":[{"name":"wp","href":"https:\/\/api.w.org\/{rel}","templated":true}]}}