{"id":691,"date":"2016-02-04T17:43:31","date_gmt":"2016-02-04T16:43:31","guid":{"rendered":"http:\/\/www.ashotels.it\/?page_id=691"},"modified":"2018-05-04T14:10:17","modified_gmt":"2018-05-04T12:10:17","slug":"tu-negocio-a-pocos-minutos-de-milan","status":"publish","type":"page","link":"https:\/\/www.ashotels.it\/es\/as-hotel-cambiago\/tu-negocio-a-pocos-minutos-de-milan","title":{"rendered":"Tu negocio a pocos minutos de Mil\u00e1n"},"content":{"rendered":"<p class=\"sottotitolo\" style=\"text-align: center;\">Nuestros espacios est\u00e1n dise\u00f1ados para hacer peque\u00f1as conferencias y eventos corporativos. Usted est\u00e1 a s\u00f3lo 20 km de Mil\u00e1n ya 30 km de la Fiera Rho-Pero. Ofrecemos un servicio de traslado por un suplemento de exposiciones y los aeropuertos. Para sus momentos de relax, puede utilizar nuestro Centro Wellness &amp; Fitness \u00abArmon\u00eda\u00bb.<\/p>\n","protected":false},"excerpt":{"rendered":"<p>Nuestros espacios est\u00e1n dise\u00f1ados para hacer peque\u00f1as conferencias y eventos corporativos. Usted est\u00e1 a s\u00f3lo 20 km de Mil\u00e1n ya 30 km de la Fiera Rho-Pero. Ofrecemos un servicio de traslado por un suplemento de exposiciones y los aeropuertos. Para<span class=\"ellipsis\">&hellip;<\/span><\/p>\n<div class=\"read-more\"><a href=\"https:\/\/www.ashotels.it\/es\/as-hotel-cambiago\/tu-negocio-a-pocos-minutos-de-milan\">Leer todo &#8250;<\/a><\/div>\n<p><!-- end of .read-more --><\/p>\n","protected":false},"author":2,"featured_media":0,"parent":687,"menu_order":0,"comment_status":"closed","ping_status":"closed","template":"duecolonne-cambiago-page.php","meta":{"_acf_changed":false,"inline_featured_image":false,"ngg_post_thumbnail":0,"footnotes":""},"class_list":["post-691","page","type-page","status-publish","hentry"],"acf":[],"yoast_head":"<!-- This site is optimized with the Yoast SEO plugin v27.0 - https:\/\/yoast.com\/product\/yoast-seo-wordpress\/ -->\n<title>Hotel business en Cambiago con sala conferencias y meetings<\/title>\n<meta name=\"description\" content=\"AS Hotel Cambiago tiene espacios organizados para conferencias y eventos empresariales a las afueras de Mil\u00e1n y a 30km de la feria Rho-Pero.\" \/>\n<meta name=\"robots\" content=\"index, follow, max-snippet:-1, max-image-preview:large, max-video-preview:-1\" \/>\n<link rel=\"canonical\" href=\"https:\/\/www.ashotels.it\/es\/as-hotel-cambiago\/tu-negocio-a-pocos-minutos-de-milan\" \/>\n<meta property=\"og:locale\" content=\"es_ES\" \/>\n<meta property=\"og:type\" content=\"article\" \/>\n<meta property=\"og:title\" content=\"Hotel business en Cambiago con sala conferencias y meetings\" \/>\n<meta property=\"og:description\" content=\"AS Hotel Cambiago tiene espacios organizados para conferencias y eventos empresariales a las afueras de Mil\u00e1n y a 30km de la feria Rho-Pero.\" \/>\n<meta property=\"og:url\" content=\"https:\/\/www.ashotels.it\/es\/as-hotel-cambiago\/tu-negocio-a-pocos-minutos-de-milan\" \/>\n<meta property=\"og:site_name\" content=\"AS Hotels\" \/>\n<meta property=\"article:publisher\" content=\"https:\/\/www.facebook.com\/AsHotels\" \/>\n<meta property=\"article:modified_time\" content=\"2018-05-04T12:10:17+00:00\" \/>\n<meta name=\"twitter:card\" content=\"summary_large_image\" \/>\n<meta name=\"twitter:site\" content=\"@ASHOTELS1\" \/>\n<script type=\"application\/ld+json\" class=\"yoast-schema-graph\">{\"@context\":\"https:\/\/schema.org\",\"@graph\":[{\"@type\":\"WebPage\",\"@id\":\"https:\/\/www.ashotels.it\/es\/as-hotel-cambiago\/tu-negocio-a-pocos-minutos-de-milan\",\"url\":\"https:\/\/www.ashotels.it\/es\/as-hotel-cambiago\/tu-negocio-a-pocos-minutos-de-milan\",\"name\":\"Hotel business en Cambiago con sala conferencias y meetings\",\"isPartOf\":{\"@id\":\"https:\/\/www.ashotels.it\/es#website\"},\"datePublished\":\"2016-02-04T16:43:31+00:00\",\"dateModified\":\"2018-05-04T12:10:17+00:00\",\"description\":\"AS Hotel Cambiago tiene espacios organizados para conferencias y eventos empresariales a las afueras de Mil\u00e1n y a 30km de la feria Rho-Pero.\",\"breadcrumb\":{\"@id\":\"https:\/\/www.ashotels.it\/es\/as-hotel-cambiago\/tu-negocio-a-pocos-minutos-de-milan#breadcrumb\"},\"inLanguage\":\"es\",\"potentialAction\":[{\"@type\":\"ReadAction\",\"target\":[\"https:\/\/www.ashotels.it\/es\/as-hotel-cambiago\/tu-negocio-a-pocos-minutos-de-milan\"]}]},{\"@type\":\"BreadcrumbList\",\"@id\":\"https:\/\/www.ashotels.it\/es\/as-hotel-cambiago\/tu-negocio-a-pocos-minutos-de-milan#breadcrumb\",\"itemListElement\":[{\"@type\":\"ListItem\",\"position\":1,\"name\":\"Home\",\"item\":\"https:\/\/www.ashotels.it\/es\"},{\"@type\":\"ListItem\",\"position\":2,\"name\":\"Un est\u00e1ndar de hotel cerca de Mil\u00e1n\",\"item\":\"https:\/\/www.ashotels.it\/es\/as-hotel-cambiago\"},{\"@type\":\"ListItem\",\"position\":3,\"name\":\"Tu negocio a pocos minutos de Mil\u00e1n\"}]},{\"@type\":\"WebSite\",\"@id\":\"https:\/\/www.ashotels.it\/es#website\",\"url\":\"https:\/\/www.ashotels.it\/es\",\"name\":\"AS Hotels\",\"description\":\"\",\"potentialAction\":[{\"@type\":\"SearchAction\",\"target\":{\"@type\":\"EntryPoint\",\"urlTemplate\":\"https:\/\/www.ashotels.it\/es?s={search_term_string}\"},\"query-input\":{\"@type\":\"PropertyValueSpecification\",\"valueRequired\":true,\"valueName\":\"search_term_string\"}}],\"inLanguage\":\"es\"}]}<\/script>\n<!-- \/ Yoast SEO plugin. -->","yoast_head_json":{"title":"Hotel business en Cambiago con sala conferencias y meetings","description":"AS Hotel Cambiago tiene espacios organizados para conferencias y eventos empresariales a las afueras de Mil\u00e1n y a 30km de la feria Rho-Pero.","robots":{"index":"index","follow":"follow","max-snippet":"max-snippet:-1","max-image-preview":"max-image-preview:large","max-video-preview":"max-video-preview:-1"},"canonical":"https:\/\/www.ashotels.it\/es\/as-hotel-cambiago\/tu-negocio-a-pocos-minutos-de-milan","og_locale":"es_ES","og_type":"article","og_title":"Hotel business en Cambiago con sala conferencias y meetings","og_description":"AS Hotel Cambiago tiene espacios organizados para conferencias y eventos empresariales a las afueras de Mil\u00e1n y a 30km de la feria Rho-Pero.","og_url":"https:\/\/www.ashotels.it\/es\/as-hotel-cambiago\/tu-negocio-a-pocos-minutos-de-milan","og_site_name":"AS Hotels","article_publisher":"https:\/\/www.facebook.com\/AsHotels","article_modified_time":"2018-05-04T12:10:17+00:00","twitter_card":"summary_large_image","twitter_site":"@ASHOTELS1","schema":{"@context":"https:\/\/schema.org","@graph":[{"@type":"WebPage","@id":"https:\/\/www.ashotels.it\/es\/as-hotel-cambiago\/tu-negocio-a-pocos-minutos-de-milan","url":"https:\/\/www.ashotels.it\/es\/as-hotel-cambiago\/tu-negocio-a-pocos-minutos-de-milan","name":"Hotel business en Cambiago con sala conferencias y meetings","isPartOf":{"@id":"https:\/\/www.ashotels.it\/es#website"},"datePublished":"2016-02-04T16:43:31+00:00","dateModified":"2018-05-04T12:10:17+00:00","description":"AS Hotel Cambiago tiene espacios organizados para conferencias y eventos empresariales a las afueras de Mil\u00e1n y a 30km de la feria Rho-Pero.","breadcrumb":{"@id":"https:\/\/www.ashotels.it\/es\/as-hotel-cambiago\/tu-negocio-a-pocos-minutos-de-milan#breadcrumb"},"inLanguage":"es","potentialAction":[{"@type":"ReadAction","target":["https:\/\/www.ashotels.it\/es\/as-hotel-cambiago\/tu-negocio-a-pocos-minutos-de-milan"]}]},{"@type":"BreadcrumbList","@id":"https:\/\/www.ashotels.it\/es\/as-hotel-cambiago\/tu-negocio-a-pocos-minutos-de-milan#breadcrumb","itemListElement":[{"@type":"ListItem","position":1,"name":"Home","item":"https:\/\/www.ashotels.it\/es"},{"@type":"ListItem","position":2,"name":"Un est\u00e1ndar de hotel cerca de Mil\u00e1n","item":"https:\/\/www.ashotels.it\/es\/as-hotel-cambiago"},{"@type":"ListItem","position":3,"name":"Tu negocio a pocos minutos de Mil\u00e1n"}]},{"@type":"WebSite","@id":"https:\/\/www.ashotels.it\/es#website","url":"https:\/\/www.ashotels.it\/es","name":"AS Hotels","description":"","potentialAction":[{"@type":"SearchAction","target":{"@type":"EntryPoint","urlTemplate":"https:\/\/www.ashotels.it\/es?s={search_term_string}"},"query-input":{"@type":"PropertyValueSpecification","valueRequired":true,"valueName":"search_term_string"}}],"inLanguage":"es"}]}},"_links":{"self":[{"href":"https:\/\/www.ashotels.it\/es\/wp-json\/wp\/v2\/pages\/691","targetHints":{"allow":["GET"]}}],"collection":[{"href":"https:\/\/www.ashotels.it\/es\/wp-json\/wp\/v2\/pages"}],"about":[{"href":"https:\/\/www.ashotels.it\/es\/wp-json\/wp\/v2\/types\/page"}],"author":[{"embeddable":true,"href":"https:\/\/www.ashotels.it\/es\/wp-json\/wp\/v2\/users\/2"}],"replies":[{"embeddable":true,"href":"https:\/\/www.ashotels.it\/es\/wp-json\/wp\/v2\/comments?post=691"}],"version-history":[{"count":1,"href":"https:\/\/www.ashotels.it\/es\/wp-json\/wp\/v2\/pages\/691\/revisions"}],"predecessor-version":[{"id":3940,"href":"https:\/\/www.ashotels.it\/es\/wp-json\/wp\/v2\/pages\/691\/revisions\/3940"}],"up":[{"embeddable":true,"href":"https:\/\/www.ashotels.it\/es\/wp-json\/wp\/v2\/pages\/687"}],"wp:attachment":[{"href":"https:\/\/www.ashotels.it\/es\/wp-json\/wp\/v2\/media?parent=691"}],"curies":[{"name":"wp","href":"https:\/\/api.w.org\/{rel}","templated":true}]}}