{"id":699,"date":"2016-02-04T17:59:54","date_gmt":"2016-02-04T16:59:54","guid":{"rendered":"http:\/\/www.ashotels.it\/es\/?page_id=699"},"modified":"2025-12-09T15:59:57","modified_gmt":"2025-12-09T14:59:57","slug":"armonia-bienestar-experience-nuestro-cuerpo-lo-agradece","status":"publish","type":"page","link":"https:\/\/www.ashotels.it\/es\/as-hotel-cambiago\/armonia-bienestar-experience-nuestro-cuerpo-lo-agradece","title":{"rendered":"Armon\u00eda Bienestar Experience, nuestro cuerpo lo agradece"},"content":{"rendered":"<p class=\"sottotitolo\" style=\"text-align: center;\">&nbsp;<\/p>\n<p class=\"sottotitolo\" style=\"text-align: center;\">\u00abArmon\u00eda\u00bb es un viaje de sensaciones y placeres, rodeado de una iluminaci\u00f3n suave y tonos de azul, un peque\u00f1o pedazo de la paz dedicado al bienestar y el cuidado de cada uno de ustedes.<\/p>\n","protected":false},"excerpt":{"rendered":"<p>&nbsp; \u00abArmon\u00eda\u00bb es un viaje de sensaciones y placeres, rodeado de una iluminaci\u00f3n suave y tonos de azul, un peque\u00f1o pedazo de la paz dedicado al bienestar y el cuidado de cada uno de ustedes.<\/p>\n","protected":false},"author":2,"featured_media":0,"parent":687,"menu_order":0,"comment_status":"closed","ping_status":"closed","template":"duecolonne-cambiago-page.php","meta":{"_acf_changed":false,"inline_featured_image":false,"ngg_post_thumbnail":0,"footnotes":""},"class_list":["post-699","page","type-page","status-publish","hentry"],"acf":[],"yoast_head":"<!-- This site is optimized with the Yoast SEO plugin v27.0 - https:\/\/yoast.com\/product\/yoast-seo-wordpress\/ -->\n<title>Hotel Spa cercano a Mil\u00e1n con \u00e1rea bienestar y sala de masajes<\/title>\n<meta name=\"description\" content=\"El Spa est\u00e1 dotado con: sauna, ba\u00f1o turco, sala de masajes, ducha sensorial, hidromasaje, piscina climatizada y gimnasio.\" \/>\n<meta name=\"robots\" content=\"index, follow, max-snippet:-1, max-image-preview:large, max-video-preview:-1\" \/>\n<link rel=\"canonical\" href=\"https:\/\/www.ashotels.it\/es\/as-hotel-cambiago\/armonia-bienestar-experience-nuestro-cuerpo-lo-agradece\" \/>\n<meta property=\"og:locale\" content=\"es_ES\" \/>\n<meta property=\"og:type\" content=\"article\" \/>\n<meta property=\"og:title\" content=\"Hotel Spa cercano a Mil\u00e1n con \u00e1rea bienestar y sala de masajes\" \/>\n<meta property=\"og:description\" content=\"El Spa est\u00e1 dotado con: sauna, ba\u00f1o turco, sala de masajes, ducha sensorial, hidromasaje, piscina climatizada y gimnasio.\" \/>\n<meta property=\"og:url\" content=\"https:\/\/www.ashotels.it\/es\/as-hotel-cambiago\/armonia-bienestar-experience-nuestro-cuerpo-lo-agradece\" \/>\n<meta property=\"og:site_name\" content=\"AS Hotels\" \/>\n<meta property=\"article:publisher\" content=\"https:\/\/www.facebook.com\/AsHotels\" \/>\n<meta property=\"article:modified_time\" content=\"2025-12-09T14:59:57+00:00\" \/>\n<meta name=\"twitter:card\" content=\"summary_large_image\" \/>\n<meta name=\"twitter:site\" content=\"@ASHOTELS1\" \/>\n<meta name=\"twitter:label1\" content=\"Tiempo de lectura\" \/>\n\t<meta name=\"twitter:data1\" content=\"2 minutos\" \/>\n<script type=\"application\/ld+json\" class=\"yoast-schema-graph\">{\"@context\":\"https:\/\/schema.org\",\"@graph\":[{\"@type\":\"WebPage\",\"@id\":\"https:\/\/www.ashotels.it\/es\/as-hotel-cambiago\/armonia-bienestar-experience-nuestro-cuerpo-lo-agradece\",\"url\":\"https:\/\/www.ashotels.it\/es\/as-hotel-cambiago\/armonia-bienestar-experience-nuestro-cuerpo-lo-agradece\",\"name\":\"Hotel Spa cercano a Mil\u00e1n con \u00e1rea bienestar y sala de masajes\",\"isPartOf\":{\"@id\":\"https:\/\/www.ashotels.it\/es#website\"},\"datePublished\":\"2016-02-04T16:59:54+00:00\",\"dateModified\":\"2025-12-09T14:59:57+00:00\",\"description\":\"El Spa est\u00e1 dotado con: sauna, ba\u00f1o turco, sala de masajes, ducha sensorial, hidromasaje, piscina climatizada y gimnasio.\",\"breadcrumb\":{\"@id\":\"https:\/\/www.ashotels.it\/es\/as-hotel-cambiago\/armonia-bienestar-experience-nuestro-cuerpo-lo-agradece#breadcrumb\"},\"inLanguage\":\"es\",\"potentialAction\":[{\"@type\":\"ReadAction\",\"target\":[\"https:\/\/www.ashotels.it\/es\/as-hotel-cambiago\/armonia-bienestar-experience-nuestro-cuerpo-lo-agradece\"]}]},{\"@type\":\"BreadcrumbList\",\"@id\":\"https:\/\/www.ashotels.it\/es\/as-hotel-cambiago\/armonia-bienestar-experience-nuestro-cuerpo-lo-agradece#breadcrumb\",\"itemListElement\":[{\"@type\":\"ListItem\",\"position\":1,\"name\":\"Home\",\"item\":\"https:\/\/www.ashotels.it\/es\"},{\"@type\":\"ListItem\",\"position\":2,\"name\":\"Un est\u00e1ndar de hotel cerca de Mil\u00e1n\",\"item\":\"https:\/\/www.ashotels.it\/es\/as-hotel-cambiago\"},{\"@type\":\"ListItem\",\"position\":3,\"name\":\"Armon\u00eda Bienestar Experience, nuestro cuerpo lo agradece\"}]},{\"@type\":\"WebSite\",\"@id\":\"https:\/\/www.ashotels.it\/es#website\",\"url\":\"https:\/\/www.ashotels.it\/es\",\"name\":\"AS Hotels\",\"description\":\"\",\"potentialAction\":[{\"@type\":\"SearchAction\",\"target\":{\"@type\":\"EntryPoint\",\"urlTemplate\":\"https:\/\/www.ashotels.it\/es?s={search_term_string}\"},\"query-input\":{\"@type\":\"PropertyValueSpecification\",\"valueRequired\":true,\"valueName\":\"search_term_string\"}}],\"inLanguage\":\"es\"}]}<\/script>\n<!-- \/ Yoast SEO plugin. -->","yoast_head_json":{"title":"Hotel Spa cercano a Mil\u00e1n con \u00e1rea bienestar y sala de masajes","description":"El Spa est\u00e1 dotado con: sauna, ba\u00f1o turco, sala de masajes, ducha sensorial, hidromasaje, piscina climatizada y gimnasio.","robots":{"index":"index","follow":"follow","max-snippet":"max-snippet:-1","max-image-preview":"max-image-preview:large","max-video-preview":"max-video-preview:-1"},"canonical":"https:\/\/www.ashotels.it\/es\/as-hotel-cambiago\/armonia-bienestar-experience-nuestro-cuerpo-lo-agradece","og_locale":"es_ES","og_type":"article","og_title":"Hotel Spa cercano a Mil\u00e1n con \u00e1rea bienestar y sala de masajes","og_description":"El Spa est\u00e1 dotado con: sauna, ba\u00f1o turco, sala de masajes, ducha sensorial, hidromasaje, piscina climatizada y gimnasio.","og_url":"https:\/\/www.ashotels.it\/es\/as-hotel-cambiago\/armonia-bienestar-experience-nuestro-cuerpo-lo-agradece","og_site_name":"AS Hotels","article_publisher":"https:\/\/www.facebook.com\/AsHotels","article_modified_time":"2025-12-09T14:59:57+00:00","twitter_card":"summary_large_image","twitter_site":"@ASHOTELS1","twitter_misc":{"Tiempo de lectura":"2 minutos"},"schema":{"@context":"https:\/\/schema.org","@graph":[{"@type":"WebPage","@id":"https:\/\/www.ashotels.it\/es\/as-hotel-cambiago\/armonia-bienestar-experience-nuestro-cuerpo-lo-agradece","url":"https:\/\/www.ashotels.it\/es\/as-hotel-cambiago\/armonia-bienestar-experience-nuestro-cuerpo-lo-agradece","name":"Hotel Spa cercano a Mil\u00e1n con \u00e1rea bienestar y sala de masajes","isPartOf":{"@id":"https:\/\/www.ashotels.it\/es#website"},"datePublished":"2016-02-04T16:59:54+00:00","dateModified":"2025-12-09T14:59:57+00:00","description":"El Spa est\u00e1 dotado con: sauna, ba\u00f1o turco, sala de masajes, ducha sensorial, hidromasaje, piscina climatizada y gimnasio.","breadcrumb":{"@id":"https:\/\/www.ashotels.it\/es\/as-hotel-cambiago\/armonia-bienestar-experience-nuestro-cuerpo-lo-agradece#breadcrumb"},"inLanguage":"es","potentialAction":[{"@type":"ReadAction","target":["https:\/\/www.ashotels.it\/es\/as-hotel-cambiago\/armonia-bienestar-experience-nuestro-cuerpo-lo-agradece"]}]},{"@type":"BreadcrumbList","@id":"https:\/\/www.ashotels.it\/es\/as-hotel-cambiago\/armonia-bienestar-experience-nuestro-cuerpo-lo-agradece#breadcrumb","itemListElement":[{"@type":"ListItem","position":1,"name":"Home","item":"https:\/\/www.ashotels.it\/es"},{"@type":"ListItem","position":2,"name":"Un est\u00e1ndar de hotel cerca de Mil\u00e1n","item":"https:\/\/www.ashotels.it\/es\/as-hotel-cambiago"},{"@type":"ListItem","position":3,"name":"Armon\u00eda Bienestar Experience, nuestro cuerpo lo agradece"}]},{"@type":"WebSite","@id":"https:\/\/www.ashotels.it\/es#website","url":"https:\/\/www.ashotels.it\/es","name":"AS Hotels","description":"","potentialAction":[{"@type":"SearchAction","target":{"@type":"EntryPoint","urlTemplate":"https:\/\/www.ashotels.it\/es?s={search_term_string}"},"query-input":{"@type":"PropertyValueSpecification","valueRequired":true,"valueName":"search_term_string"}}],"inLanguage":"es"}]}},"_links":{"self":[{"href":"https:\/\/www.ashotels.it\/es\/wp-json\/wp\/v2\/pages\/699","targetHints":{"allow":["GET"]}}],"collection":[{"href":"https:\/\/www.ashotels.it\/es\/wp-json\/wp\/v2\/pages"}],"about":[{"href":"https:\/\/www.ashotels.it\/es\/wp-json\/wp\/v2\/types\/page"}],"author":[{"embeddable":true,"href":"https:\/\/www.ashotels.it\/es\/wp-json\/wp\/v2\/users\/2"}],"replies":[{"embeddable":true,"href":"https:\/\/www.ashotels.it\/es\/wp-json\/wp\/v2\/comments?post=699"}],"version-history":[{"count":8,"href":"https:\/\/www.ashotels.it\/es\/wp-json\/wp\/v2\/pages\/699\/revisions"}],"predecessor-version":[{"id":23769,"href":"https:\/\/www.ashotels.it\/es\/wp-json\/wp\/v2\/pages\/699\/revisions\/23769"}],"up":[{"embeddable":true,"href":"https:\/\/www.ashotels.it\/es\/wp-json\/wp\/v2\/pages\/687"}],"wp:attachment":[{"href":"https:\/\/www.ashotels.it\/es\/wp-json\/wp\/v2\/media?parent=699"}],"curies":[{"name":"wp","href":"https:\/\/api.w.org\/{rel}","templated":true}]}}