{"id":701,"date":"2016-02-04T18:28:23","date_gmt":"2016-02-04T17:28:23","guid":{"rendered":"http:\/\/www.ashotels.it\/?page_id=701"},"modified":"2018-09-26T12:53:44","modified_gmt":"2018-09-26T10:53:44","slug":"excelente-posicion-para-llegar-milan-y-la-feria-en-cuestion-de-minutos","status":"publish","type":"page","link":"https:\/\/www.ashotels.it\/es\/as-hotel-cambiago\/excelente-posicion-para-llegar-milan-y-la-feria-en-cuestion-de-minutos","title":{"rendered":"Excelente posici\u00f3n para llegar a Mil\u00e1n y la feria en cuesti\u00f3n de minutos"},"content":{"rendered":"<p class=\"sottotitolo\" style=\"text-align: center;\">AS Hotel Cambiago es una nueva construcci\u00f3n, situada cerca de Mil\u00e1n, a pocos minutos de Monza y B\u00e9rgamo. El hotel es f\u00e1cilmente accesible desde la autopista A4 salida Cavenago\/Cambiago y se encuentra en una posici\u00f3n estrat\u00e9gica para llegar a los aeropuertos de Linate y Orio al Serio, as\u00ed como el recinto ferial de Mil\u00e1n Rho-Pero. Estamos a s\u00f3lo 15 minutos del Leolandia parque de diversiones.<\/p>\n","protected":false},"excerpt":{"rendered":"<p>AS Hotel Cambiago es una nueva construcci\u00f3n, situada cerca de Mil\u00e1n, a pocos minutos de Monza y B\u00e9rgamo. El hotel es f\u00e1cilmente accesible desde la autopista A4 salida Cavenago\/Cambiago y se encuentra en una posici\u00f3n estrat\u00e9gica para llegar a los<span class=\"ellipsis\">&hellip;<\/span><\/p>\n<div class=\"read-more\"><a href=\"https:\/\/www.ashotels.it\/es\/as-hotel-cambiago\/excelente-posicion-para-llegar-milan-y-la-feria-en-cuestion-de-minutos\">Leer todo &#8250;<\/a><\/div>\n<p><!-- end of .read-more --><\/p>\n","protected":false},"author":2,"featured_media":0,"parent":687,"menu_order":0,"comment_status":"closed","ping_status":"closed","template":"duecolonne-cambiago-page.php","meta":{"_acf_changed":false,"inline_featured_image":false,"ngg_post_thumbnail":0,"footnotes":""},"class_list":["post-701","page","type-page","status-publish","hentry"],"acf":[],"yoast_head":"<!-- This site is optimized with the Yoast SEO plugin v27.0 - https:\/\/yoast.com\/product\/yoast-seo-wordpress\/ -->\n<title>Hotel fuera de Mil\u00e1n, salida Cavenago\/Cambiago en la autopista A4<\/title>\n<meta name=\"description\" content=\"AS Hotel Cambiago, fuera de Mil\u00e1n y a pocos minutes de Monza y Bergamo. En una posici\u00f3n estrat\u00e9gica para llegar f\u00e1cilmente a los aeropuertos.\" \/>\n<meta name=\"robots\" content=\"index, follow, max-snippet:-1, max-image-preview:large, max-video-preview:-1\" \/>\n<link rel=\"canonical\" href=\"https:\/\/www.ashotels.it\/es\/as-hotel-cambiago\/excelente-posicion-para-llegar-milan-y-la-feria-en-cuestion-de-minutos\" \/>\n<meta property=\"og:locale\" content=\"es_ES\" \/>\n<meta property=\"og:type\" content=\"article\" \/>\n<meta property=\"og:title\" content=\"Hotel fuera de Mil\u00e1n, salida Cavenago\/Cambiago en la autopista A4\" \/>\n<meta property=\"og:description\" content=\"AS Hotel Cambiago, fuera de Mil\u00e1n y a pocos minutes de Monza y Bergamo. En una posici\u00f3n estrat\u00e9gica para llegar f\u00e1cilmente a los aeropuertos.\" \/>\n<meta property=\"og:url\" content=\"https:\/\/www.ashotels.it\/es\/as-hotel-cambiago\/excelente-posicion-para-llegar-milan-y-la-feria-en-cuestion-de-minutos\" \/>\n<meta property=\"og:site_name\" content=\"AS Hotels\" \/>\n<meta property=\"article:publisher\" content=\"https:\/\/www.facebook.com\/AsHotels\" \/>\n<meta property=\"article:modified_time\" content=\"2018-09-26T10:53:44+00:00\" \/>\n<meta name=\"twitter:card\" content=\"summary_large_image\" \/>\n<meta name=\"twitter:site\" content=\"@ASHOTELS1\" \/>\n<script type=\"application\/ld+json\" class=\"yoast-schema-graph\">{\"@context\":\"https:\/\/schema.org\",\"@graph\":[{\"@type\":\"WebPage\",\"@id\":\"https:\/\/www.ashotels.it\/es\/as-hotel-cambiago\/excelente-posicion-para-llegar-milan-y-la-feria-en-cuestion-de-minutos\",\"url\":\"https:\/\/www.ashotels.it\/es\/as-hotel-cambiago\/excelente-posicion-para-llegar-milan-y-la-feria-en-cuestion-de-minutos\",\"name\":\"Hotel fuera de Mil\u00e1n, salida Cavenago\/Cambiago en la autopista A4\",\"isPartOf\":{\"@id\":\"https:\/\/www.ashotels.it\/es#website\"},\"datePublished\":\"2016-02-04T17:28:23+00:00\",\"dateModified\":\"2018-09-26T10:53:44+00:00\",\"description\":\"AS Hotel Cambiago, fuera de Mil\u00e1n y a pocos minutes de Monza y Bergamo. En una posici\u00f3n estrat\u00e9gica para llegar f\u00e1cilmente a los aeropuertos.\",\"breadcrumb\":{\"@id\":\"https:\/\/www.ashotels.it\/es\/as-hotel-cambiago\/excelente-posicion-para-llegar-milan-y-la-feria-en-cuestion-de-minutos#breadcrumb\"},\"inLanguage\":\"es\",\"potentialAction\":[{\"@type\":\"ReadAction\",\"target\":[\"https:\/\/www.ashotels.it\/es\/as-hotel-cambiago\/excelente-posicion-para-llegar-milan-y-la-feria-en-cuestion-de-minutos\"]}]},{\"@type\":\"BreadcrumbList\",\"@id\":\"https:\/\/www.ashotels.it\/es\/as-hotel-cambiago\/excelente-posicion-para-llegar-milan-y-la-feria-en-cuestion-de-minutos#breadcrumb\",\"itemListElement\":[{\"@type\":\"ListItem\",\"position\":1,\"name\":\"Home\",\"item\":\"https:\/\/www.ashotels.it\/es\"},{\"@type\":\"ListItem\",\"position\":2,\"name\":\"Un est\u00e1ndar de hotel cerca de Mil\u00e1n\",\"item\":\"https:\/\/www.ashotels.it\/es\/as-hotel-cambiago\"},{\"@type\":\"ListItem\",\"position\":3,\"name\":\"Excelente posici\u00f3n para llegar a Mil\u00e1n y la feria en cuesti\u00f3n de minutos\"}]},{\"@type\":\"WebSite\",\"@id\":\"https:\/\/www.ashotels.it\/es#website\",\"url\":\"https:\/\/www.ashotels.it\/es\",\"name\":\"AS Hotels\",\"description\":\"\",\"potentialAction\":[{\"@type\":\"SearchAction\",\"target\":{\"@type\":\"EntryPoint\",\"urlTemplate\":\"https:\/\/www.ashotels.it\/es?s={search_term_string}\"},\"query-input\":{\"@type\":\"PropertyValueSpecification\",\"valueRequired\":true,\"valueName\":\"search_term_string\"}}],\"inLanguage\":\"es\"}]}<\/script>\n<!-- \/ Yoast SEO plugin. -->","yoast_head_json":{"title":"Hotel fuera de Mil\u00e1n, salida Cavenago\/Cambiago en la autopista A4","description":"AS Hotel Cambiago, fuera de Mil\u00e1n y a pocos minutes de Monza y Bergamo. En una posici\u00f3n estrat\u00e9gica para llegar f\u00e1cilmente a los aeropuertos.","robots":{"index":"index","follow":"follow","max-snippet":"max-snippet:-1","max-image-preview":"max-image-preview:large","max-video-preview":"max-video-preview:-1"},"canonical":"https:\/\/www.ashotels.it\/es\/as-hotel-cambiago\/excelente-posicion-para-llegar-milan-y-la-feria-en-cuestion-de-minutos","og_locale":"es_ES","og_type":"article","og_title":"Hotel fuera de Mil\u00e1n, salida Cavenago\/Cambiago en la autopista A4","og_description":"AS Hotel Cambiago, fuera de Mil\u00e1n y a pocos minutes de Monza y Bergamo. En una posici\u00f3n estrat\u00e9gica para llegar f\u00e1cilmente a los aeropuertos.","og_url":"https:\/\/www.ashotels.it\/es\/as-hotel-cambiago\/excelente-posicion-para-llegar-milan-y-la-feria-en-cuestion-de-minutos","og_site_name":"AS Hotels","article_publisher":"https:\/\/www.facebook.com\/AsHotels","article_modified_time":"2018-09-26T10:53:44+00:00","twitter_card":"summary_large_image","twitter_site":"@ASHOTELS1","schema":{"@context":"https:\/\/schema.org","@graph":[{"@type":"WebPage","@id":"https:\/\/www.ashotels.it\/es\/as-hotel-cambiago\/excelente-posicion-para-llegar-milan-y-la-feria-en-cuestion-de-minutos","url":"https:\/\/www.ashotels.it\/es\/as-hotel-cambiago\/excelente-posicion-para-llegar-milan-y-la-feria-en-cuestion-de-minutos","name":"Hotel fuera de Mil\u00e1n, salida Cavenago\/Cambiago en la autopista A4","isPartOf":{"@id":"https:\/\/www.ashotels.it\/es#website"},"datePublished":"2016-02-04T17:28:23+00:00","dateModified":"2018-09-26T10:53:44+00:00","description":"AS Hotel Cambiago, fuera de Mil\u00e1n y a pocos minutes de Monza y Bergamo. En una posici\u00f3n estrat\u00e9gica para llegar f\u00e1cilmente a los aeropuertos.","breadcrumb":{"@id":"https:\/\/www.ashotels.it\/es\/as-hotel-cambiago\/excelente-posicion-para-llegar-milan-y-la-feria-en-cuestion-de-minutos#breadcrumb"},"inLanguage":"es","potentialAction":[{"@type":"ReadAction","target":["https:\/\/www.ashotels.it\/es\/as-hotel-cambiago\/excelente-posicion-para-llegar-milan-y-la-feria-en-cuestion-de-minutos"]}]},{"@type":"BreadcrumbList","@id":"https:\/\/www.ashotels.it\/es\/as-hotel-cambiago\/excelente-posicion-para-llegar-milan-y-la-feria-en-cuestion-de-minutos#breadcrumb","itemListElement":[{"@type":"ListItem","position":1,"name":"Home","item":"https:\/\/www.ashotels.it\/es"},{"@type":"ListItem","position":2,"name":"Un est\u00e1ndar de hotel cerca de Mil\u00e1n","item":"https:\/\/www.ashotels.it\/es\/as-hotel-cambiago"},{"@type":"ListItem","position":3,"name":"Excelente posici\u00f3n para llegar a Mil\u00e1n y la feria en cuesti\u00f3n de minutos"}]},{"@type":"WebSite","@id":"https:\/\/www.ashotels.it\/es#website","url":"https:\/\/www.ashotels.it\/es","name":"AS Hotels","description":"","potentialAction":[{"@type":"SearchAction","target":{"@type":"EntryPoint","urlTemplate":"https:\/\/www.ashotels.it\/es?s={search_term_string}"},"query-input":{"@type":"PropertyValueSpecification","valueRequired":true,"valueName":"search_term_string"}}],"inLanguage":"es"}]}},"_links":{"self":[{"href":"https:\/\/www.ashotels.it\/es\/wp-json\/wp\/v2\/pages\/701","targetHints":{"allow":["GET"]}}],"collection":[{"href":"https:\/\/www.ashotels.it\/es\/wp-json\/wp\/v2\/pages"}],"about":[{"href":"https:\/\/www.ashotels.it\/es\/wp-json\/wp\/v2\/types\/page"}],"author":[{"embeddable":true,"href":"https:\/\/www.ashotels.it\/es\/wp-json\/wp\/v2\/users\/2"}],"replies":[{"embeddable":true,"href":"https:\/\/www.ashotels.it\/es\/wp-json\/wp\/v2\/comments?post=701"}],"version-history":[{"count":1,"href":"https:\/\/www.ashotels.it\/es\/wp-json\/wp\/v2\/pages\/701\/revisions"}],"predecessor-version":[{"id":3938,"href":"https:\/\/www.ashotels.it\/es\/wp-json\/wp\/v2\/pages\/701\/revisions\/3938"}],"up":[{"embeddable":true,"href":"https:\/\/www.ashotels.it\/es\/wp-json\/wp\/v2\/pages\/687"}],"wp:attachment":[{"href":"https:\/\/www.ashotels.it\/es\/wp-json\/wp\/v2\/media?parent=701"}],"curies":[{"name":"wp","href":"https:\/\/api.w.org\/{rel}","templated":true}]}}