{"id":713,"date":"2016-02-05T09:27:43","date_gmt":"2016-02-05T08:27:43","guid":{"rendered":"http:\/\/www.ashotels.it\/?page_id=713"},"modified":"2017-08-22T12:01:56","modified_gmt":"2017-08-22T10:01:56","slug":"as-hotel-monza","status":"publish","type":"page","link":"https:\/\/www.ashotels.it\/es\/as-hotel-monza","title":{"rendered":"Elegante hotel a pocos minutos del circuito de F1"},"content":{"rendered":"<p class=\"sottotitolo\" style=\"text-align: center;\">Hotel de estilo c\u00e1lido y cl\u00e1sico en el coraz\u00f3n de Brianza, a 4 km del autodromo, cerca de la autopista y a unos 10 minutos de Mil\u00e1n y de la Feria de Mil\u00e1n Rho-Pero. Usted puede contar con una elegante sala de reuniones para hasta 50 personas, un amplio aparcamiento en la habitaci\u00f3n que puede ser delante a la misma y nuestro restaurante de estilo r\u00fastico y un ambiente \u00edntimo. Opci\u00f3n para el check-in y check-out en cualquier momento.<\/p>\n","protected":false},"excerpt":{"rendered":"<p>Hotel de estilo c\u00e1lido y cl\u00e1sico en el coraz\u00f3n de Brianza, a 4 km del autodromo, cerca de la autopista y a unos 10 minutos de Mil\u00e1n y de la Feria de Mil\u00e1n Rho-Pero. Usted puede contar con una elegante<span class=\"ellipsis\">&hellip;<\/span><\/p>\n<div class=\"read-more\"><a href=\"https:\/\/www.ashotels.it\/es\/as-hotel-monza\">Leer todo &#8250;<\/a><\/div>\n<p><!-- end of .read-more --><\/p>\n","protected":false},"author":2,"featured_media":0,"parent":0,"menu_order":0,"comment_status":"closed","ping_status":"closed","template":"home-monza-page.php","meta":{"_acf_changed":false,"inline_featured_image":false,"ngg_post_thumbnail":0,"footnotes":""},"class_list":["post-713","page","type-page","status-publish","hentry"],"acf":[],"yoast_head":"<!-- This site is optimized with the Yoast SEO plugin v27.0 - https:\/\/yoast.com\/product\/yoast-seo-wordpress\/ -->\n<title>AS Hotel Monza: Hotel 4 estrellas cercano al circuito de Monza<\/title>\n<meta name=\"description\" content=\"Hotel a 4km del circuito, cercano a las salidas de la autopista y a 10 minutos de Mil\u00e1n y del recinto ferial de Milano Rho-Pero.\" \/>\n<meta name=\"robots\" content=\"index, follow, max-snippet:-1, max-image-preview:large, max-video-preview:-1\" \/>\n<link rel=\"canonical\" href=\"https:\/\/www.ashotels.it\/es\/as-hotel-monza\" \/>\n<meta property=\"og:locale\" content=\"es_ES\" \/>\n<meta property=\"og:type\" content=\"article\" \/>\n<meta property=\"og:title\" content=\"AS Hotel Monza: Hotel 4 estrellas cercano al circuito de Monza\" \/>\n<meta property=\"og:description\" content=\"Hotel a 4km del circuito, cercano a las salidas de la autopista y a 10 minutos de Mil\u00e1n y del recinto ferial de Milano Rho-Pero.\" \/>\n<meta property=\"og:url\" content=\"https:\/\/www.ashotels.it\/es\/as-hotel-monza\" \/>\n<meta property=\"og:site_name\" content=\"AS Hotels\" \/>\n<meta property=\"article:publisher\" content=\"https:\/\/www.facebook.com\/AsHotels\" \/>\n<meta property=\"article:modified_time\" content=\"2017-08-22T10:01:56+00:00\" \/>\n<meta name=\"twitter:card\" content=\"summary_large_image\" \/>\n<meta name=\"twitter:site\" content=\"@ASHOTELS1\" \/>\n<script type=\"application\/ld+json\" class=\"yoast-schema-graph\">{\"@context\":\"https:\/\/schema.org\",\"@graph\":[{\"@type\":\"WebPage\",\"@id\":\"https:\/\/www.ashotels.it\/es\/as-hotel-monza\",\"url\":\"https:\/\/www.ashotels.it\/es\/as-hotel-monza\",\"name\":\"AS Hotel Monza: Hotel 4 estrellas cercano al circuito de Monza\",\"isPartOf\":{\"@id\":\"https:\/\/www.ashotels.it\/es#website\"},\"datePublished\":\"2016-02-05T08:27:43+00:00\",\"dateModified\":\"2017-08-22T10:01:56+00:00\",\"description\":\"Hotel a 4km del circuito, cercano a las salidas de la autopista y a 10 minutos de Mil\u00e1n y del recinto ferial de Milano Rho-Pero.\",\"breadcrumb\":{\"@id\":\"https:\/\/www.ashotels.it\/es\/as-hotel-monza#breadcrumb\"},\"inLanguage\":\"es\",\"potentialAction\":[{\"@type\":\"ReadAction\",\"target\":[\"https:\/\/www.ashotels.it\/es\/as-hotel-monza\"]}]},{\"@type\":\"BreadcrumbList\",\"@id\":\"https:\/\/www.ashotels.it\/es\/as-hotel-monza#breadcrumb\",\"itemListElement\":[{\"@type\":\"ListItem\",\"position\":1,\"name\":\"Home\",\"item\":\"https:\/\/www.ashotels.it\/es\"},{\"@type\":\"ListItem\",\"position\":2,\"name\":\"Elegante hotel a pocos minutos del circuito de F1\"}]},{\"@type\":\"WebSite\",\"@id\":\"https:\/\/www.ashotels.it\/es#website\",\"url\":\"https:\/\/www.ashotels.it\/es\",\"name\":\"AS Hotels\",\"description\":\"\",\"potentialAction\":[{\"@type\":\"SearchAction\",\"target\":{\"@type\":\"EntryPoint\",\"urlTemplate\":\"https:\/\/www.ashotels.it\/es?s={search_term_string}\"},\"query-input\":{\"@type\":\"PropertyValueSpecification\",\"valueRequired\":true,\"valueName\":\"search_term_string\"}}],\"inLanguage\":\"es\"}]}<\/script>\n<!-- \/ Yoast SEO plugin. -->","yoast_head_json":{"title":"AS Hotel Monza: Hotel 4 estrellas cercano al circuito de Monza","description":"Hotel a 4km del circuito, cercano a las salidas de la autopista y a 10 minutos de Mil\u00e1n y del recinto ferial de Milano Rho-Pero.","robots":{"index":"index","follow":"follow","max-snippet":"max-snippet:-1","max-image-preview":"max-image-preview:large","max-video-preview":"max-video-preview:-1"},"canonical":"https:\/\/www.ashotels.it\/es\/as-hotel-monza","og_locale":"es_ES","og_type":"article","og_title":"AS Hotel Monza: Hotel 4 estrellas cercano al circuito de Monza","og_description":"Hotel a 4km del circuito, cercano a las salidas de la autopista y a 10 minutos de Mil\u00e1n y del recinto ferial de Milano Rho-Pero.","og_url":"https:\/\/www.ashotels.it\/es\/as-hotel-monza","og_site_name":"AS Hotels","article_publisher":"https:\/\/www.facebook.com\/AsHotels","article_modified_time":"2017-08-22T10:01:56+00:00","twitter_card":"summary_large_image","twitter_site":"@ASHOTELS1","schema":{"@context":"https:\/\/schema.org","@graph":[{"@type":"WebPage","@id":"https:\/\/www.ashotels.it\/es\/as-hotel-monza","url":"https:\/\/www.ashotels.it\/es\/as-hotel-monza","name":"AS Hotel Monza: Hotel 4 estrellas cercano al circuito de Monza","isPartOf":{"@id":"https:\/\/www.ashotels.it\/es#website"},"datePublished":"2016-02-05T08:27:43+00:00","dateModified":"2017-08-22T10:01:56+00:00","description":"Hotel a 4km del circuito, cercano a las salidas de la autopista y a 10 minutos de Mil\u00e1n y del recinto ferial de Milano Rho-Pero.","breadcrumb":{"@id":"https:\/\/www.ashotels.it\/es\/as-hotel-monza#breadcrumb"},"inLanguage":"es","potentialAction":[{"@type":"ReadAction","target":["https:\/\/www.ashotels.it\/es\/as-hotel-monza"]}]},{"@type":"BreadcrumbList","@id":"https:\/\/www.ashotels.it\/es\/as-hotel-monza#breadcrumb","itemListElement":[{"@type":"ListItem","position":1,"name":"Home","item":"https:\/\/www.ashotels.it\/es"},{"@type":"ListItem","position":2,"name":"Elegante hotel a pocos minutos del circuito de F1"}]},{"@type":"WebSite","@id":"https:\/\/www.ashotels.it\/es#website","url":"https:\/\/www.ashotels.it\/es","name":"AS Hotels","description":"","potentialAction":[{"@type":"SearchAction","target":{"@type":"EntryPoint","urlTemplate":"https:\/\/www.ashotels.it\/es?s={search_term_string}"},"query-input":{"@type":"PropertyValueSpecification","valueRequired":true,"valueName":"search_term_string"}}],"inLanguage":"es"}]}},"_links":{"self":[{"href":"https:\/\/www.ashotels.it\/es\/wp-json\/wp\/v2\/pages\/713","targetHints":{"allow":["GET"]}}],"collection":[{"href":"https:\/\/www.ashotels.it\/es\/wp-json\/wp\/v2\/pages"}],"about":[{"href":"https:\/\/www.ashotels.it\/es\/wp-json\/wp\/v2\/types\/page"}],"author":[{"embeddable":true,"href":"https:\/\/www.ashotels.it\/es\/wp-json\/wp\/v2\/users\/2"}],"replies":[{"embeddable":true,"href":"https:\/\/www.ashotels.it\/es\/wp-json\/wp\/v2\/comments?post=713"}],"version-history":[{"count":1,"href":"https:\/\/www.ashotels.it\/es\/wp-json\/wp\/v2\/pages\/713\/revisions"}],"predecessor-version":[{"id":3920,"href":"https:\/\/www.ashotels.it\/es\/wp-json\/wp\/v2\/pages\/713\/revisions\/3920"}],"wp:attachment":[{"href":"https:\/\/www.ashotels.it\/es\/wp-json\/wp\/v2\/media?parent=713"}],"curies":[{"name":"wp","href":"https:\/\/api.w.org\/{rel}","templated":true}]}}