{"id":717,"date":"2016-02-05T09:33:40","date_gmt":"2016-02-05T08:33:40","guid":{"rendered":"http:\/\/www.ashotels.it\/?page_id=717"},"modified":"2017-08-22T15:05:11","modified_gmt":"2017-08-22T13:05:11","slug":"para-aquellos-que-aman-el-estilo-clasico","status":"publish","type":"page","link":"https:\/\/www.ashotels.it\/es\/as-hotel-monza\/para-aquellos-que-aman-el-estilo-clasico","title":{"rendered":"Para aquellos que aman el estilo cl\u00e1sico"},"content":{"rendered":"<p class=\"sottotitolo\" style=\"text-align: center;\">66 habitaciones elegantemente decoradas con alfombras, cortinas y telas en colores c\u00e1lidos, de diversos tama\u00f1os y los servicios business, capaces de satisfacer al cliente de negocios o a la familia que desea pasar un fin de semana de compras y turismo.<\/p>\n<div class=\"container_slidercamere\">\r\n    <div class=\"sliderCamere\">\r\n        <div class=\"largeContainer\">\r\n            <div class=\"cycle-slideshow\" data-cycle-fx=\"carousel\" data-cycle-timeout=\"2000\" data-cycle-speed=\"1000\"\r\n                data-cycle-carousel-slide-dimension=\"1030\" data-cycle-carousel-offset=\"1030\"\r\n                data-cycle-pause-on-hover=\"true\" data-cycle-swipe=\"true\" >\r\n               \t<img loading=\"lazy\" decoding=\"async\" src=\"https:\/\/www.ashotels.it\/wp-content\/uploads\/2016\/02\/monza-standard1.jpg\" width=\"1030\" height=\"530\" \/><img loading=\"lazy\" decoding=\"async\" src=\"https:\/\/www.ashotels.it\/wp-content\/uploads\/2016\/02\/monza-standard2.jpg\" width=\"1030\" height=\"530\" \/><img loading=\"lazy\" decoding=\"async\" src=\"https:\/\/www.ashotels.it\/wp-content\/uploads\/2024\/04\/1080x530_Standard_Monza.jpg\" width=\"1030\" height=\"530\" \/><img loading=\"lazy\" decoding=\"async\" src=\"https:\/\/www.ashotels.it\/wp-content\/uploads\/2016\/02\/monza-standard4.jpg\" width=\"1030\" height=\"530\" \/><img loading=\"lazy\" decoding=\"async\" src=\"https:\/\/www.ashotels.it\/wp-content\/uploads\/2016\/02\/monza-standard5.jpg\" width=\"1030\" height=\"530\" \/>            <\/div>\r\n        <\/div>\r\n        <div class=\"corniceCamere_lato1\"><\/div>\r\n        <div class=\"corniceCamere_lato2\"><\/div>\r\n    <\/div>\r\n    <div class=\"sliderCamereMobile\">\r\n        <div class=\"largeContainer\">\r\n            <div class=\"cycle-slideshow\" data-cycle-fx=\"fade\" data-cycle-timeout=\"2000\" data-cycle-speed=\"1000\" data-cycle-swipe=\"true\" ><img loading=\"lazy\" decoding=\"async\" src=\"https:\/\/www.ashotels.it\/wp-content\/uploads\/2016\/02\/monza-standard1.jpg\" width=\"1030\" height=\"530\" \/><img loading=\"lazy\" decoding=\"async\" src=\"https:\/\/www.ashotels.it\/wp-content\/uploads\/2016\/02\/monza-standard2.jpg\" width=\"1030\" height=\"530\" \/><img loading=\"lazy\" decoding=\"async\" src=\"https:\/\/www.ashotels.it\/wp-content\/uploads\/2024\/04\/1080x530_Standard_Monza.jpg\" width=\"1030\" height=\"530\" \/><img loading=\"lazy\" decoding=\"async\" src=\"https:\/\/www.ashotels.it\/wp-content\/uploads\/2016\/02\/monza-standard4.jpg\" width=\"1030\" height=\"530\" \/><img loading=\"lazy\" decoding=\"async\" src=\"https:\/\/www.ashotels.it\/wp-content\/uploads\/2016\/02\/monza-standard5.jpg\" width=\"1030\" height=\"530\" \/><\/div>\r\n        <\/div>\r\n    <\/div>\r\n    <div class=\"nome_camera\">\r\n        <h3>Standard<\/h3>\r\n                <a class=\"bottoncino\" href=\"https:\/\/www.simplebooking.it\/ibe\/hotelbooking\/search?hid=3391&lang=ES&cur=EUR\" target=\"_blank\">Reserva esta habitaci\u00f3n<\/a>\r\n                    <\/div>\r\n<\/div>\r\n<div class=\"container_daticamere\">\r\n\t<table width=\"100%\" border=\"0\" cellpadding=\"0\" cellspacing=\"0\"><tr>\r\n    <td class=\"sinistra\"><p style=\"text-align: JUSTIFY;\"><strong>HABITACIONES STANDARD Y BUSINESS<\/strong><br \/>\nEntorno y accesorios cl\u00e1sicos, con alfombras y telas en colores c\u00e1lidos, compuesto de cama tama\u00f1o king size o dos camas individuales y un amplio escritorio, un cuarto de ba\u00f1o con una comoda ducha, servicio de cortes\u00eda completo y espejo de cortes\u00eda, aparcamiento frente a la habitaci\u00f3n y de doble entrada, fuera y dentro del hotel.<br \/>\nLa opci\u00f3n ideal para viajeros de negocios que desean una soluci\u00f3n m\u00e1s pr\u00e1ctica y econ\u00f3mica para desplazarse de manera independiente.<\/p>\n<hr \/><table class=\"dimensioni\"><tr><td><p><strong>SUPERFICIE DE LA HABITACI\u00d3N STANDARD:<\/strong> 22 m\u00b2<\/p>\n<\/td><\/tr><\/table><\/td>\r\n    <td class=\"destra\">\r\n        <p><strong>LOS SERVICIOS DE HABITACIONES STANDARD<\/strong><\/p>\n<ul>\n<li>Wi-Fi<\/li>\n<li>Escritorio o mesa y sillas<\/li>\n<li>Doble ducha o ba\u00f1era con cromoterapia<\/li>\n<li>Servicio de cortes\u00eda<\/li>\n<li>TV LCD con canales internacionales<\/li>\n<li>Enchufes para las computadoras port\u00e1tiles y tabletas<\/li>\n<li>Aparcamiento gratuito frente a la habitaci\u00f3n<\/li>\n<\/ul>\n   \t<\/td>\r\n    <\/tr><\/table>\r\n<\/div>\r\n\n<div class=\"container_slidercamere\">\r\n    <div class=\"sliderCamere\">\r\n        <div class=\"largeContainer\">\r\n            <div class=\"cycle-slideshow\" data-cycle-fx=\"carousel\" data-cycle-timeout=\"2000\" data-cycle-speed=\"1000\"\r\n                data-cycle-carousel-slide-dimension=\"1030\" data-cycle-carousel-offset=\"1030\"\r\n                data-cycle-pause-on-hover=\"true\" data-cycle-swipe=\"true\" >\r\n               \t<img loading=\"lazy\" decoding=\"async\" src=\"https:\/\/www.ashotels.it\/wp-content\/uploads\/2016\/02\/monza-suite1.jpg\" width=\"1030\" height=\"530\" \/><img loading=\"lazy\" decoding=\"async\" src=\"https:\/\/www.ashotels.it\/wp-content\/uploads\/2016\/02\/monza-suite2.jpg\" width=\"1030\" height=\"530\" \/><img loading=\"lazy\" decoding=\"async\" src=\"https:\/\/www.ashotels.it\/wp-content\/uploads\/2016\/02\/monza-suite3.jpg\" width=\"1030\" height=\"530\" \/><img loading=\"lazy\" decoding=\"async\" src=\"https:\/\/www.ashotels.it\/wp-content\/uploads\/2016\/02\/monza-suite4.jpg\" width=\"1030\" height=\"530\" \/>            <\/div>\r\n        <\/div>\r\n        <div class=\"corniceCamere_lato1\"><\/div>\r\n        <div class=\"corniceCamere_lato2\"><\/div>\r\n    <\/div>\r\n    <div class=\"sliderCamereMobile\">\r\n        <div class=\"largeContainer\">\r\n            <div class=\"cycle-slideshow\" data-cycle-fx=\"fade\" data-cycle-timeout=\"2000\" data-cycle-speed=\"1000\" data-cycle-swipe=\"true\" ><img loading=\"lazy\" decoding=\"async\" src=\"https:\/\/www.ashotels.it\/wp-content\/uploads\/2016\/02\/monza-suite1.jpg\" width=\"1030\" height=\"530\" \/><img loading=\"lazy\" decoding=\"async\" src=\"https:\/\/www.ashotels.it\/wp-content\/uploads\/2016\/02\/monza-suite2.jpg\" width=\"1030\" height=\"530\" \/><img loading=\"lazy\" decoding=\"async\" src=\"https:\/\/www.ashotels.it\/wp-content\/uploads\/2016\/02\/monza-suite3.jpg\" width=\"1030\" height=\"530\" \/><img loading=\"lazy\" decoding=\"async\" src=\"https:\/\/www.ashotels.it\/wp-content\/uploads\/2016\/02\/monza-suite4.jpg\" width=\"1030\" height=\"530\" \/><\/div>\r\n        <\/div>\r\n    <\/div>\r\n    <div class=\"nome_camera\">\r\n        <h3>Suite<\/h3>\r\n                <a class=\"bottoncino\" href=\"https:\/\/www.simplebooking.it\/ibe\/hotelbooking\/search?hid=3391&lang=ES&cur=EUR\" target=\"_blank\">Reserva esta habitaci\u00f3n<\/a>\r\n                    <\/div>\r\n<\/div>\r\n<div class=\"container_daticamere\">\r\n\t<table width=\"100%\" border=\"0\" cellpadding=\"0\" cellspacing=\"0\"><tr>\r\n    <td class=\"sinistra\"><p style=\"text-align: JUSTIFY;\"><strong>SUITE<\/strong><br \/>\nNuestras elegantes suites est\u00e1n cuidadosamente amuebladas y decoradas con tapices y cortinas en tonos c\u00e1lidos. Distribuidas en dos pisos, la planta baja consiste en un sal\u00f3n con sof\u00e1 cama y ba\u00f1o con doble ducha, mientras que la planta alta dormitorio con cama king size y grande\u00a0<span style=\"line-height: 1.5;\">ba\u00f1o\u00a0<\/span><span style=\"line-height: 1.5;\">con doble ba\u00f1era hidromasaje. Para aquellos que quieren\u00a0<\/span><span style=\"line-height: 1.5;\">elegir una experiencia \u00fanica en estilo cl\u00e1sico y ambiente envolvente y que\u00a0<\/span><span style=\"line-height: 1.5;\">buscan espacio y sobre todo comodidad.\u00a0<\/span><\/p>\n<hr \/><table class=\"dimensioni\"><tr><td><p><strong>SUPERFICIE DE LA HABITACI\u00d3N SUITE:<\/strong> 74 m\u00b2<\/p>\n<\/td><\/tr><\/table><\/td>\r\n    <td class=\"destra\">\r\n        <p><strong>LOS SERVICIOS DE HABITACIONES SUITE<\/strong><\/p>\n<ul>\n<li>Wi-fi<\/li>\n<li>Escritorio o mesa y sillas<\/li>\n<li>Doble ducha y jacuzzi<\/li>\n<li>Servicio de cortes\u00eda<\/li>\n<li>2 TV LCD con canales internacionales<\/li>\n<li>Enchufes para ordenadores port\u00e1tiles y tabletas<\/li>\n<li>Aparcamiento frente habitaci\u00f3n<\/li>\n<li>Cafetera con diferentes aromas de caf\u00e9 y t\u00e8<\/li>\n<\/ul>\n   \t<\/td>\r\n    <\/tr><\/table>\r\n<\/div>\r\n\n","protected":false},"excerpt":{"rendered":"<p>66 habitaciones elegantemente decoradas con alfombras, cortinas y telas en colores c\u00e1lidos, de diversos tama\u00f1os y los servicios business, capaces de satisfacer al cliente de negocios o a la familia que desea pasar un fin de semana de compras y<span class=\"ellipsis\">&hellip;<\/span><\/p>\n<div class=\"read-more\"><a href=\"https:\/\/www.ashotels.it\/es\/as-hotel-monza\/para-aquellos-que-aman-el-estilo-clasico\">Leer todo &#8250;<\/a><\/div>\n<p><!-- end of .read-more --><\/p>\n","protected":false},"author":2,"featured_media":0,"parent":713,"menu_order":0,"comment_status":"closed","ping_status":"closed","template":"camere-monza-page.php","meta":{"_acf_changed":false,"inline_featured_image":false,"ngg_post_thumbnail":0,"footnotes":""},"class_list":["post-717","page","type-page","status-publish","hentry"],"acf":[],"yoast_head":"<!-- This site is optimized with the Yoast SEO plugin v27.0 - https:\/\/yoast.com\/product\/yoast-seo-wordpress\/ -->\n<title>Hotel en Monza con suite business y habitaciones para familia<\/title>\n<meta name=\"description\" content=\"66 habitaciones elegantemente decoradas con distintos tama\u00f1os y servicios business.\" \/>\n<meta name=\"robots\" content=\"index, follow, max-snippet:-1, max-image-preview:large, max-video-preview:-1\" \/>\n<link rel=\"canonical\" href=\"https:\/\/www.ashotels.it\/es\/as-hotel-monza\/para-aquellos-que-aman-el-estilo-clasico\" \/>\n<meta property=\"og:locale\" content=\"es_ES\" \/>\n<meta property=\"og:type\" content=\"article\" \/>\n<meta property=\"og:title\" content=\"Hotel en Monza con suite business y habitaciones para familia\" \/>\n<meta property=\"og:description\" content=\"66 habitaciones elegantemente decoradas con distintos tama\u00f1os y servicios business.\" \/>\n<meta property=\"og:url\" content=\"https:\/\/www.ashotels.it\/es\/as-hotel-monza\/para-aquellos-que-aman-el-estilo-clasico\" \/>\n<meta property=\"og:site_name\" content=\"AS Hotels\" \/>\n<meta property=\"article:publisher\" content=\"https:\/\/www.facebook.com\/AsHotels\" \/>\n<meta property=\"article:modified_time\" content=\"2017-08-22T13:05:11+00:00\" \/>\n<meta name=\"twitter:card\" content=\"summary_large_image\" \/>\n<meta name=\"twitter:site\" content=\"@ASHOTELS1\" \/>\n<script type=\"application\/ld+json\" class=\"yoast-schema-graph\">{\"@context\":\"https:\/\/schema.org\",\"@graph\":[{\"@type\":\"WebPage\",\"@id\":\"https:\/\/www.ashotels.it\/es\/as-hotel-monza\/para-aquellos-que-aman-el-estilo-clasico\",\"url\":\"https:\/\/www.ashotels.it\/es\/as-hotel-monza\/para-aquellos-que-aman-el-estilo-clasico\",\"name\":\"Hotel en Monza con suite business y habitaciones para familia\",\"isPartOf\":{\"@id\":\"https:\/\/www.ashotels.it\/es#website\"},\"datePublished\":\"2016-02-05T08:33:40+00:00\",\"dateModified\":\"2017-08-22T13:05:11+00:00\",\"description\":\"66 habitaciones elegantemente decoradas con distintos tama\u00f1os y servicios business.\",\"breadcrumb\":{\"@id\":\"https:\/\/www.ashotels.it\/es\/as-hotel-monza\/para-aquellos-que-aman-el-estilo-clasico#breadcrumb\"},\"inLanguage\":\"es\",\"potentialAction\":[{\"@type\":\"ReadAction\",\"target\":[\"https:\/\/www.ashotels.it\/es\/as-hotel-monza\/para-aquellos-que-aman-el-estilo-clasico\"]}]},{\"@type\":\"BreadcrumbList\",\"@id\":\"https:\/\/www.ashotels.it\/es\/as-hotel-monza\/para-aquellos-que-aman-el-estilo-clasico#breadcrumb\",\"itemListElement\":[{\"@type\":\"ListItem\",\"position\":1,\"name\":\"Home\",\"item\":\"https:\/\/www.ashotels.it\/es\"},{\"@type\":\"ListItem\",\"position\":2,\"name\":\"Elegante hotel a pocos minutos del circuito de F1\",\"item\":\"https:\/\/www.ashotels.it\/es\/as-hotel-monza\"},{\"@type\":\"ListItem\",\"position\":3,\"name\":\"Para aquellos que aman el estilo cl\u00e1sico\"}]},{\"@type\":\"WebSite\",\"@id\":\"https:\/\/www.ashotels.it\/es#website\",\"url\":\"https:\/\/www.ashotels.it\/es\",\"name\":\"AS Hotels\",\"description\":\"\",\"potentialAction\":[{\"@type\":\"SearchAction\",\"target\":{\"@type\":\"EntryPoint\",\"urlTemplate\":\"https:\/\/www.ashotels.it\/es?s={search_term_string}\"},\"query-input\":{\"@type\":\"PropertyValueSpecification\",\"valueRequired\":true,\"valueName\":\"search_term_string\"}}],\"inLanguage\":\"es\"}]}<\/script>\n<!-- \/ Yoast SEO plugin. -->","yoast_head_json":{"title":"Hotel en Monza con suite business y habitaciones para familia","description":"66 habitaciones elegantemente decoradas con distintos tama\u00f1os y servicios business.","robots":{"index":"index","follow":"follow","max-snippet":"max-snippet:-1","max-image-preview":"max-image-preview:large","max-video-preview":"max-video-preview:-1"},"canonical":"https:\/\/www.ashotels.it\/es\/as-hotel-monza\/para-aquellos-que-aman-el-estilo-clasico","og_locale":"es_ES","og_type":"article","og_title":"Hotel en Monza con suite business y habitaciones para familia","og_description":"66 habitaciones elegantemente decoradas con distintos tama\u00f1os y servicios business.","og_url":"https:\/\/www.ashotels.it\/es\/as-hotel-monza\/para-aquellos-que-aman-el-estilo-clasico","og_site_name":"AS Hotels","article_publisher":"https:\/\/www.facebook.com\/AsHotels","article_modified_time":"2017-08-22T13:05:11+00:00","twitter_card":"summary_large_image","twitter_site":"@ASHOTELS1","schema":{"@context":"https:\/\/schema.org","@graph":[{"@type":"WebPage","@id":"https:\/\/www.ashotels.it\/es\/as-hotel-monza\/para-aquellos-que-aman-el-estilo-clasico","url":"https:\/\/www.ashotels.it\/es\/as-hotel-monza\/para-aquellos-que-aman-el-estilo-clasico","name":"Hotel en Monza con suite business y habitaciones para familia","isPartOf":{"@id":"https:\/\/www.ashotels.it\/es#website"},"datePublished":"2016-02-05T08:33:40+00:00","dateModified":"2017-08-22T13:05:11+00:00","description":"66 habitaciones elegantemente decoradas con distintos tama\u00f1os y servicios business.","breadcrumb":{"@id":"https:\/\/www.ashotels.it\/es\/as-hotel-monza\/para-aquellos-que-aman-el-estilo-clasico#breadcrumb"},"inLanguage":"es","potentialAction":[{"@type":"ReadAction","target":["https:\/\/www.ashotels.it\/es\/as-hotel-monza\/para-aquellos-que-aman-el-estilo-clasico"]}]},{"@type":"BreadcrumbList","@id":"https:\/\/www.ashotels.it\/es\/as-hotel-monza\/para-aquellos-que-aman-el-estilo-clasico#breadcrumb","itemListElement":[{"@type":"ListItem","position":1,"name":"Home","item":"https:\/\/www.ashotels.it\/es"},{"@type":"ListItem","position":2,"name":"Elegante hotel a pocos minutos del circuito de F1","item":"https:\/\/www.ashotels.it\/es\/as-hotel-monza"},{"@type":"ListItem","position":3,"name":"Para aquellos que aman el estilo cl\u00e1sico"}]},{"@type":"WebSite","@id":"https:\/\/www.ashotels.it\/es#website","url":"https:\/\/www.ashotels.it\/es","name":"AS Hotels","description":"","potentialAction":[{"@type":"SearchAction","target":{"@type":"EntryPoint","urlTemplate":"https:\/\/www.ashotels.it\/es?s={search_term_string}"},"query-input":{"@type":"PropertyValueSpecification","valueRequired":true,"valueName":"search_term_string"}}],"inLanguage":"es"}]}},"_links":{"self":[{"href":"https:\/\/www.ashotels.it\/es\/wp-json\/wp\/v2\/pages\/717","targetHints":{"allow":["GET"]}}],"collection":[{"href":"https:\/\/www.ashotels.it\/es\/wp-json\/wp\/v2\/pages"}],"about":[{"href":"https:\/\/www.ashotels.it\/es\/wp-json\/wp\/v2\/types\/page"}],"author":[{"embeddable":true,"href":"https:\/\/www.ashotels.it\/es\/wp-json\/wp\/v2\/users\/2"}],"replies":[{"embeddable":true,"href":"https:\/\/www.ashotels.it\/es\/wp-json\/wp\/v2\/comments?post=717"}],"version-history":[{"count":1,"href":"https:\/\/www.ashotels.it\/es\/wp-json\/wp\/v2\/pages\/717\/revisions"}],"predecessor-version":[{"id":3924,"href":"https:\/\/www.ashotels.it\/es\/wp-json\/wp\/v2\/pages\/717\/revisions\/3924"}],"up":[{"embeddable":true,"href":"https:\/\/www.ashotels.it\/es\/wp-json\/wp\/v2\/pages\/713"}],"wp:attachment":[{"href":"https:\/\/www.ashotels.it\/es\/wp-json\/wp\/v2\/media?parent=717"}],"curies":[{"name":"wp","href":"https:\/\/api.w.org\/{rel}","templated":true}]}}