{"id":727,"date":"2016-02-05T09:55:50","date_gmt":"2016-02-05T08:55:50","guid":{"rendered":"http:\/\/www.ashotels.it\/?page_id=727"},"modified":"2018-09-26T12:41:51","modified_gmt":"2018-09-26T10:41:51","slug":"cerca-del-circuito-de-monza-y-milan","status":"publish","type":"page","link":"https:\/\/www.ashotels.it\/es\/as-hotel-monza\/cerca-del-circuito-de-monza-y-milan","title":{"rendered":"Cerca del circuito de Monza y Mil\u00e1n"},"content":{"rendered":"<p class=\"sottotitolo\" style=\"text-align: center;\">AS Hotel Monza es una ubicaci\u00f3n ideal en el coraz\u00f3n de Brianza en la carretera SS36 Mil\u00e1n-Lecco, a s\u00f3lo 4 km del autodromo, cerca de la autopista y a pocos kil\u00f3metros de Mil\u00e1n y sus aeropuertos, as\u00ed como de la Feria de Mil\u00e1n Rho &#8211; Pero.<\/p>\n","protected":false},"excerpt":{"rendered":"<p>AS Hotel Monza es una ubicaci\u00f3n ideal en el coraz\u00f3n de Brianza en la carretera SS36 Mil\u00e1n-Lecco, a s\u00f3lo 4 km del autodromo, cerca de la autopista y a pocos kil\u00f3metros de Mil\u00e1n y sus aeropuertos, as\u00ed como de la<span class=\"ellipsis\">&hellip;<\/span><\/p>\n<div class=\"read-more\"><a href=\"https:\/\/www.ashotels.it\/es\/as-hotel-monza\/cerca-del-circuito-de-monza-y-milan\">Leer todo &#8250;<\/a><\/div>\n<p><!-- end of .read-more --><\/p>\n","protected":false},"author":2,"featured_media":0,"parent":713,"menu_order":0,"comment_status":"closed","ping_status":"closed","template":"duecolonne-monza-page.php","meta":{"_acf_changed":false,"inline_featured_image":false,"ngg_post_thumbnail":0,"footnotes":""},"class_list":["post-727","page","type-page","status-publish","hentry"],"acf":[],"yoast_head":"<!-- This site is optimized with the Yoast SEO plugin v27.0 - https:\/\/yoast.com\/product\/yoast-seo-wordpress\/ -->\n<title>Hotel cercano al circuito de Monza<\/title>\n<meta name=\"description\" content=\"AS Hotel Monza es una location situada en un posici\u00f3n ideal en el coraz\u00f3n de Brianza, a solo 4 km del circuito.\" \/>\n<meta name=\"robots\" content=\"index, follow, max-snippet:-1, max-image-preview:large, max-video-preview:-1\" \/>\n<link rel=\"canonical\" href=\"https:\/\/www.ashotels.it\/es\/as-hotel-monza\/cerca-del-circuito-de-monza-y-milan\" \/>\n<meta property=\"og:locale\" content=\"es_ES\" \/>\n<meta property=\"og:type\" content=\"article\" \/>\n<meta property=\"og:title\" content=\"Hotel cercano al circuito de Monza\" \/>\n<meta property=\"og:description\" content=\"AS Hotel Monza es una location situada en un posici\u00f3n ideal en el coraz\u00f3n de Brianza, a solo 4 km del circuito.\" \/>\n<meta property=\"og:url\" content=\"https:\/\/www.ashotels.it\/es\/as-hotel-monza\/cerca-del-circuito-de-monza-y-milan\" \/>\n<meta property=\"og:site_name\" content=\"AS Hotels\" \/>\n<meta property=\"article:publisher\" content=\"https:\/\/www.facebook.com\/AsHotels\" \/>\n<meta property=\"article:modified_time\" content=\"2018-09-26T10:41:51+00:00\" \/>\n<meta name=\"twitter:card\" content=\"summary_large_image\" \/>\n<meta name=\"twitter:site\" content=\"@ASHOTELS1\" \/>\n<script type=\"application\/ld+json\" class=\"yoast-schema-graph\">{\"@context\":\"https:\/\/schema.org\",\"@graph\":[{\"@type\":\"WebPage\",\"@id\":\"https:\/\/www.ashotels.it\/es\/as-hotel-monza\/cerca-del-circuito-de-monza-y-milan\",\"url\":\"https:\/\/www.ashotels.it\/es\/as-hotel-monza\/cerca-del-circuito-de-monza-y-milan\",\"name\":\"Hotel cercano al circuito de Monza\",\"isPartOf\":{\"@id\":\"https:\/\/www.ashotels.it\/es#website\"},\"datePublished\":\"2016-02-05T08:55:50+00:00\",\"dateModified\":\"2018-09-26T10:41:51+00:00\",\"description\":\"AS Hotel Monza es una location situada en un posici\u00f3n ideal en el coraz\u00f3n de Brianza, a solo 4 km del circuito.\",\"breadcrumb\":{\"@id\":\"https:\/\/www.ashotels.it\/es\/as-hotel-monza\/cerca-del-circuito-de-monza-y-milan#breadcrumb\"},\"inLanguage\":\"es\",\"potentialAction\":[{\"@type\":\"ReadAction\",\"target\":[\"https:\/\/www.ashotels.it\/es\/as-hotel-monza\/cerca-del-circuito-de-monza-y-milan\"]}]},{\"@type\":\"BreadcrumbList\",\"@id\":\"https:\/\/www.ashotels.it\/es\/as-hotel-monza\/cerca-del-circuito-de-monza-y-milan#breadcrumb\",\"itemListElement\":[{\"@type\":\"ListItem\",\"position\":1,\"name\":\"Home\",\"item\":\"https:\/\/www.ashotels.it\/es\"},{\"@type\":\"ListItem\",\"position\":2,\"name\":\"Elegante hotel a pocos minutos del circuito de F1\",\"item\":\"https:\/\/www.ashotels.it\/es\/as-hotel-monza\"},{\"@type\":\"ListItem\",\"position\":3,\"name\":\"Cerca del circuito de Monza y Mil\u00e1n\"}]},{\"@type\":\"WebSite\",\"@id\":\"https:\/\/www.ashotels.it\/es#website\",\"url\":\"https:\/\/www.ashotels.it\/es\",\"name\":\"AS Hotels\",\"description\":\"\",\"potentialAction\":[{\"@type\":\"SearchAction\",\"target\":{\"@type\":\"EntryPoint\",\"urlTemplate\":\"https:\/\/www.ashotels.it\/es?s={search_term_string}\"},\"query-input\":{\"@type\":\"PropertyValueSpecification\",\"valueRequired\":true,\"valueName\":\"search_term_string\"}}],\"inLanguage\":\"es\"}]}<\/script>\n<!-- \/ Yoast SEO plugin. -->","yoast_head_json":{"title":"Hotel cercano al circuito de Monza","description":"AS Hotel Monza es una location situada en un posici\u00f3n ideal en el coraz\u00f3n de Brianza, a solo 4 km del circuito.","robots":{"index":"index","follow":"follow","max-snippet":"max-snippet:-1","max-image-preview":"max-image-preview:large","max-video-preview":"max-video-preview:-1"},"canonical":"https:\/\/www.ashotels.it\/es\/as-hotel-monza\/cerca-del-circuito-de-monza-y-milan","og_locale":"es_ES","og_type":"article","og_title":"Hotel cercano al circuito de Monza","og_description":"AS Hotel Monza es una location situada en un posici\u00f3n ideal en el coraz\u00f3n de Brianza, a solo 4 km del circuito.","og_url":"https:\/\/www.ashotels.it\/es\/as-hotel-monza\/cerca-del-circuito-de-monza-y-milan","og_site_name":"AS Hotels","article_publisher":"https:\/\/www.facebook.com\/AsHotels","article_modified_time":"2018-09-26T10:41:51+00:00","twitter_card":"summary_large_image","twitter_site":"@ASHOTELS1","schema":{"@context":"https:\/\/schema.org","@graph":[{"@type":"WebPage","@id":"https:\/\/www.ashotels.it\/es\/as-hotel-monza\/cerca-del-circuito-de-monza-y-milan","url":"https:\/\/www.ashotels.it\/es\/as-hotel-monza\/cerca-del-circuito-de-monza-y-milan","name":"Hotel cercano al circuito de Monza","isPartOf":{"@id":"https:\/\/www.ashotels.it\/es#website"},"datePublished":"2016-02-05T08:55:50+00:00","dateModified":"2018-09-26T10:41:51+00:00","description":"AS Hotel Monza es una location situada en un posici\u00f3n ideal en el coraz\u00f3n de Brianza, a solo 4 km del circuito.","breadcrumb":{"@id":"https:\/\/www.ashotels.it\/es\/as-hotel-monza\/cerca-del-circuito-de-monza-y-milan#breadcrumb"},"inLanguage":"es","potentialAction":[{"@type":"ReadAction","target":["https:\/\/www.ashotels.it\/es\/as-hotel-monza\/cerca-del-circuito-de-monza-y-milan"]}]},{"@type":"BreadcrumbList","@id":"https:\/\/www.ashotels.it\/es\/as-hotel-monza\/cerca-del-circuito-de-monza-y-milan#breadcrumb","itemListElement":[{"@type":"ListItem","position":1,"name":"Home","item":"https:\/\/www.ashotels.it\/es"},{"@type":"ListItem","position":2,"name":"Elegante hotel a pocos minutos del circuito de F1","item":"https:\/\/www.ashotels.it\/es\/as-hotel-monza"},{"@type":"ListItem","position":3,"name":"Cerca del circuito de Monza y Mil\u00e1n"}]},{"@type":"WebSite","@id":"https:\/\/www.ashotels.it\/es#website","url":"https:\/\/www.ashotels.it\/es","name":"AS Hotels","description":"","potentialAction":[{"@type":"SearchAction","target":{"@type":"EntryPoint","urlTemplate":"https:\/\/www.ashotels.it\/es?s={search_term_string}"},"query-input":{"@type":"PropertyValueSpecification","valueRequired":true,"valueName":"search_term_string"}}],"inLanguage":"es"}]}},"_links":{"self":[{"href":"https:\/\/www.ashotels.it\/es\/wp-json\/wp\/v2\/pages\/727","targetHints":{"allow":["GET"]}}],"collection":[{"href":"https:\/\/www.ashotels.it\/es\/wp-json\/wp\/v2\/pages"}],"about":[{"href":"https:\/\/www.ashotels.it\/es\/wp-json\/wp\/v2\/types\/page"}],"author":[{"embeddable":true,"href":"https:\/\/www.ashotels.it\/es\/wp-json\/wp\/v2\/users\/2"}],"replies":[{"embeddable":true,"href":"https:\/\/www.ashotels.it\/es\/wp-json\/wp\/v2\/comments?post=727"}],"version-history":[{"count":1,"href":"https:\/\/www.ashotels.it\/es\/wp-json\/wp\/v2\/pages\/727\/revisions"}],"predecessor-version":[{"id":3922,"href":"https:\/\/www.ashotels.it\/es\/wp-json\/wp\/v2\/pages\/727\/revisions\/3922"}],"up":[{"embeddable":true,"href":"https:\/\/www.ashotels.it\/es\/wp-json\/wp\/v2\/pages\/713"}],"wp:attachment":[{"href":"https:\/\/www.ashotels.it\/es\/wp-json\/wp\/v2\/media?parent=727"}],"curies":[{"name":"wp","href":"https:\/\/api.w.org\/{rel}","templated":true}]}}