{"id":9140,"date":"2019-02-11T14:40:33","date_gmt":"2019-02-11T13:40:33","guid":{"rendered":"https:\/\/www.ashotels.it\/?page_id=9140"},"modified":"2019-02-11T15:27:08","modified_gmt":"2019-02-11T14:27:08","slug":"habitaciones-y-residencia","status":"publish","type":"page","link":"https:\/\/www.ashotels.it\/es\/as-hotel-cambiago\/habitaciones-y-residencia","title":{"rendered":"Comodidad y elegancia para los negocios y la familia"},"content":{"rendered":"<p class=\"sottotitolo\" style=\"text-align: center;\">El hotel ofrece 140 habitaciones y suites con pisos de madera, dise\u00f1adas para el hombre de negocios como para una familia de 4 personas. Estos se complementan con el hotel residencia f\u00f3rmula, para que los hu\u00e9spedes disfruten de unas vacaciones autonomia.<\/p>\n<div class=\"container_slidercamere\">\r\n    <div class=\"sliderCamere\">\r\n        <div class=\"largeContainer\">\r\n            <div class=\"cycle-slideshow\" data-cycle-fx=\"carousel\" data-cycle-timeout=\"2000\" data-cycle-speed=\"1000\"\r\n                data-cycle-carousel-slide-dimension=\"1030\" data-cycle-carousel-offset=\"1030\"\r\n                data-cycle-pause-on-hover=\"true\" data-cycle-swipe=\"true\" >\r\n               \t<img loading=\"lazy\" decoding=\"async\" src=\"https:\/\/www.ashotels.it\/wp-content\/uploads\/2019\/01\/1-1.jpg\" width=\"1030\" height=\"530\" \/><img loading=\"lazy\" decoding=\"async\" src=\"https:\/\/www.ashotels.it\/wp-content\/uploads\/2019\/01\/AS-CAM-182-2575-2.jpg\" width=\"1030\" height=\"530\" \/><img loading=\"lazy\" decoding=\"async\" src=\"https:\/\/www.ashotels.it\/wp-content\/uploads\/2019\/01\/AS-CAM-187-2581-2.jpg\" width=\"1030\" height=\"530\" \/><img loading=\"lazy\" decoding=\"async\" src=\"https:\/\/www.ashotels.it\/wp-content\/uploads\/2019\/01\/AS-CAM-282-2666-3.jpg\" width=\"1030\" height=\"530\" \/><img loading=\"lazy\" decoding=\"async\" src=\"https:\/\/www.ashotels.it\/wp-content\/uploads\/2019\/01\/4-1.jpg\" width=\"1030\" height=\"530\" \/><img loading=\"lazy\" decoding=\"async\" src=\"https:\/\/www.ashotels.it\/wp-content\/uploads\/2019\/01\/AS-CAM-391-2751.jpg\" width=\"1030\" height=\"530\" \/><img loading=\"lazy\" decoding=\"async\" src=\"https:\/\/www.ashotels.it\/wp-content\/uploads\/2019\/01\/AS-CAM-406-2765.jpg\" width=\"1030\" height=\"530\" \/>            <\/div>\r\n        <\/div>\r\n        <div class=\"corniceCamere_lato1\"><\/div>\r\n        <div class=\"corniceCamere_lato2\"><\/div>\r\n    <\/div>\r\n    <div class=\"sliderCamereMobile\">\r\n        <div class=\"largeContainer\">\r\n            <div class=\"cycle-slideshow\" data-cycle-fx=\"fade\" data-cycle-timeout=\"2000\" data-cycle-speed=\"1000\" data-cycle-swipe=\"true\" ><img loading=\"lazy\" decoding=\"async\" src=\"https:\/\/www.ashotels.it\/wp-content\/uploads\/2019\/01\/1-1.jpg\" width=\"1030\" height=\"530\" \/><img loading=\"lazy\" decoding=\"async\" src=\"https:\/\/www.ashotels.it\/wp-content\/uploads\/2019\/01\/AS-CAM-182-2575-2.jpg\" width=\"1030\" height=\"530\" \/><img loading=\"lazy\" decoding=\"async\" src=\"https:\/\/www.ashotels.it\/wp-content\/uploads\/2019\/01\/AS-CAM-187-2581-2.jpg\" width=\"1030\" height=\"530\" \/><img loading=\"lazy\" decoding=\"async\" src=\"https:\/\/www.ashotels.it\/wp-content\/uploads\/2019\/01\/AS-CAM-282-2666-3.jpg\" width=\"1030\" height=\"530\" \/><img loading=\"lazy\" decoding=\"async\" src=\"https:\/\/www.ashotels.it\/wp-content\/uploads\/2019\/01\/4-1.jpg\" width=\"1030\" height=\"530\" \/><img loading=\"lazy\" decoding=\"async\" src=\"https:\/\/www.ashotels.it\/wp-content\/uploads\/2019\/01\/AS-CAM-391-2751.jpg\" width=\"1030\" height=\"530\" \/><img loading=\"lazy\" decoding=\"async\" src=\"https:\/\/www.ashotels.it\/wp-content\/uploads\/2019\/01\/AS-CAM-406-2765.jpg\" width=\"1030\" height=\"530\" \/><\/div>\r\n        <\/div>\r\n    <\/div>\r\n    <div class=\"nome_camera\">\r\n        <h3>Standard y Business <br>con acceso al spa<\/h3>\r\n                <a class=\"bottoncino\" href=\"https:\/\/www.simplebooking.it\/ibe\/hotelbooking\/search?hid=3389&lang=ES&cur=EUR\" target=\"_blank\">Reserva esta habitaci\u00f3n<\/a>\r\n                    <\/div>\r\n<\/div>\r\n<div class=\"container_daticamere\">\r\n\t<table width=\"100%\" border=\"0\" cellpadding=\"0\" cellspacing=\"0\"><tr>\r\n    <td class=\"sinistra\"><p style=\"text-align: JUSTIFY;\"><b>HABITACIONES STANDARD<br \/>\nY BUSINESS CON ACCESO AL SPA<\/b><\/p>\n<p style=\"text-align: JUSTIFY;\">Estilo confortable y cl\u00e1sico, con cama matrimonial o 2 camas individuales, un escritorio o una mesa con smesa y sillas. Cuarto de ba\u00f1o con ducha o ba\u00f1era. Las habitaciones est\u00e1n situadas en los pisos superiores o en la planta baja, con c\u00f3modo estacionamiento frente a la habitaci\u00f3n. La elecci\u00f3n correcta para aquellos que quieren un confort b\u00e1sico y todo lo necesario para un viaje de negocios, con un ojo en el precio.<\/p>\n<p>&nbsp;<\/p>\n<hr \/><table class=\"dimensioni\"><tr><td><p><strong>SUPERFICIE DE LA HABITACI\u00d3N STANDARD:<\/strong>\u00a021-23 m\u00b2<\/p>\n<\/td><\/tr><\/table><table class=\"letti\"><tr><td><p><strong>SUPERFICIE DE LA HABITACI\u00d3N BUSINESS:<\/strong> 25 m\u00b2<\/p>\n<\/td><\/tr><\/table><\/td>\r\n    <td class=\"destra\">\r\n        <p><strong>LOS SERVICIOS DE HABITACIONES STANDARD<\/strong><\/p>\n<ul>\n<li>Wi-fi<\/li>\n<li>Ducha o ba\u00f1era<\/li>\n<li>SMART TV LCD con canales internacionales y listo para conectarse a su cuenta de Netfilx o You Tube<\/li>\n<li>Enchufes para ordenadores port\u00e1tiles y tabletas<\/li>\n<li>Aparcamiento gratuito tambi\u00e9n frente de la habitaci\u00f3n<\/li>\n<li>Acceso al\u00a0 gimnasio*<\/li>\n<\/ul>\n<p><strong>SERVICIOS DE LAS HABITACIONES BUSINESS\u00a0<\/strong><b style=\"text-align: justify;\">CON ACCESO AL SPA<\/b><strong>\u00a0(como la standard, con m\u00e1s)<\/strong><\/p>\n<ul>\n<li>Habitaci\u00f3n m\u00e1s espaciosa<\/li>\n<li>Cafetera con diferentes sabores de caf\u00e9 y t\u00e9<\/li>\n<li>Acceso al SPA\u00a0 (2 horas)<\/li>\n<\/ul>\n   \t<\/td>\r\n    <\/tr><\/table>\r\n<\/div>\r\n\n<div class=\"container_slidercamere\">\r\n    <div class=\"sliderCamere\">\r\n        <div class=\"largeContainer\">\r\n            <div class=\"cycle-slideshow\" data-cycle-fx=\"carousel\" data-cycle-timeout=\"2000\" data-cycle-speed=\"1000\"\r\n                data-cycle-carousel-slide-dimension=\"1030\" data-cycle-carousel-offset=\"1030\"\r\n                data-cycle-pause-on-hover=\"true\" data-cycle-swipe=\"true\" >\r\n               \t<img loading=\"lazy\" decoding=\"async\" src=\"https:\/\/www.ashotels.it\/wp-content\/uploads\/2016\/02\/cambiago-residence1.jpg\" width=\"1030\" height=\"530\" \/><img loading=\"lazy\" decoding=\"async\" src=\"https:\/\/www.ashotels.it\/wp-content\/uploads\/2016\/02\/cambiago-residence2.jpg\" width=\"1030\" height=\"530\" \/><img loading=\"lazy\" decoding=\"async\" src=\"https:\/\/www.ashotels.it\/wp-content\/uploads\/2016\/02\/cambiago-residence3.jpg\" width=\"1030\" height=\"530\" \/><img loading=\"lazy\" decoding=\"async\" src=\"https:\/\/www.ashotels.it\/wp-content\/uploads\/2016\/02\/cambiago-residence4.jpg\" width=\"1030\" height=\"530\" \/><img loading=\"lazy\" decoding=\"async\" src=\"https:\/\/www.ashotels.it\/wp-content\/uploads\/2016\/02\/cambiago-residence5.jpg\" width=\"1030\" height=\"530\" \/><img loading=\"lazy\" decoding=\"async\" src=\"https:\/\/www.ashotels.it\/wp-content\/uploads\/2016\/02\/cambiago-residence6.jpg\" width=\"1030\" height=\"530\" \/>            <\/div>\r\n        <\/div>\r\n        <div class=\"corniceCamere_lato1\"><\/div>\r\n        <div class=\"corniceCamere_lato2\"><\/div>\r\n    <\/div>\r\n    <div class=\"sliderCamereMobile\">\r\n        <div class=\"largeContainer\">\r\n            <div class=\"cycle-slideshow\" data-cycle-fx=\"fade\" data-cycle-timeout=\"2000\" data-cycle-speed=\"1000\" data-cycle-swipe=\"true\" ><img loading=\"lazy\" decoding=\"async\" src=\"https:\/\/www.ashotels.it\/wp-content\/uploads\/2016\/02\/cambiago-residence1.jpg\" width=\"1030\" height=\"530\" \/><img loading=\"lazy\" decoding=\"async\" src=\"https:\/\/www.ashotels.it\/wp-content\/uploads\/2016\/02\/cambiago-residence2.jpg\" width=\"1030\" height=\"530\" \/><img loading=\"lazy\" decoding=\"async\" src=\"https:\/\/www.ashotels.it\/wp-content\/uploads\/2016\/02\/cambiago-residence3.jpg\" width=\"1030\" height=\"530\" \/><img loading=\"lazy\" decoding=\"async\" src=\"https:\/\/www.ashotels.it\/wp-content\/uploads\/2016\/02\/cambiago-residence4.jpg\" width=\"1030\" height=\"530\" \/><img loading=\"lazy\" decoding=\"async\" src=\"https:\/\/www.ashotels.it\/wp-content\/uploads\/2016\/02\/cambiago-residence5.jpg\" width=\"1030\" height=\"530\" \/><img loading=\"lazy\" decoding=\"async\" src=\"https:\/\/www.ashotels.it\/wp-content\/uploads\/2016\/02\/cambiago-residence6.jpg\" width=\"1030\" height=\"530\" \/><\/div>\r\n        <\/div>\r\n    <\/div>\r\n    <div class=\"nome_camera\">\r\n        <h3>Residencia<\/h3>\r\n                <a class=\"bottoncino\" href=\"https:\/\/www.simplebooking.it\/ibe\/hotelbooking\/search?hid=3389&lang=ES&cur=EUR\" target=\"_blank\">Reserva esta habitaci\u00f3n<\/a>\r\n                    <\/div>\r\n<\/div>\r\n<div class=\"container_daticamere\">\r\n\t<table width=\"100%\" border=\"0\" cellpadding=\"0\" cellspacing=\"0\"><tr>\r\n    <td class=\"sinistra\"><p style=\"text-align: JUSTIFY;\"><strong>RESIDENCIA<\/strong><br \/>\nDentro de nuestro hotel se puede optar por alojarse en nuestros apartamentos, decorados con elegancia y en dos niveles, con capacidad para 4 personas.<br \/>\nLos peque\u00f1os apartamentos se componen de sal\u00f3n con cocina americana con dos anillos electricos y nevera, sof\u00e1 cama, ba\u00f1o con ducha doble o ba\u00f1era hidromasaje y balc\u00f3n, mientras que arriba, zona de dormitorio.<\/p>\n<hr \/><table class=\"dimensioni\"><tr><td><p><strong>SUPERFICIE DE LA HABITACI\u00d3N RESIDENCIA:<\/strong> 36 m\u00b2<\/p>\n<\/td><\/tr><\/table><\/td>\r\n    <td class=\"destra\">\r\n        <p><strong>LOS SERVICIOS DE HABITACIONES RESIDENCIA<\/strong><\/p>\n<ul>\n<li>Wi-fi<\/li>\n<li>Ducha o\u00a0hidro<\/li>\n<li>Servicio de cortes\u00eda<\/li>\n<li>SMART TV LCD con canales internacionales y listo para conectarse a su cuenta de Netfilx o You Tube<\/li>\n<li>Aire acondicionado<\/li>\n<li>Aparcamiento gratuito en frente del apartamento<\/li>\n<li>Utensilios de cocina incluidos<\/li>\n<li>Acceso al\u00a0 gimnasio*<\/li>\n<li>Posibilidad de elegir un todo incluido, con acceso gratuito al centro de spa y con desayuno buffet completo<\/li>\n<\/ul>\n<p><strong>SERVICIO DE LIMPIEZA<\/strong><\/p>\n<p style=\"text-align: JUSTIFY;\">La limpieza diaria del apartamento, excepto dias festivos. Adem\u00e1s, una limpieza a fondo con el cambio de s\u00e1banas y toallas dos veces por semana. A su disposici\u00f3n, servicio de lavander\u00eda Express.<\/p>\n<p><em>*<\/em><i>temporalmente no disponible<\/i><\/p>\n<p>&nbsp;<\/p>\n   \t<\/td>\r\n    <\/tr><\/table>\r\n<\/div>\r\n\n<div class=\"container_slidercamere\">\r\n    <div class=\"sliderCamere\">\r\n        <div class=\"largeContainer\">\r\n            <div class=\"cycle-slideshow\" data-cycle-fx=\"carousel\" data-cycle-timeout=\"2000\" data-cycle-speed=\"1000\"\r\n                data-cycle-carousel-slide-dimension=\"1030\" data-cycle-carousel-offset=\"1030\"\r\n                data-cycle-pause-on-hover=\"true\" data-cycle-swipe=\"true\" >\r\n               \t<img loading=\"lazy\" decoding=\"async\" src=\"https:\/\/www.ashotels.it\/wp-content\/uploads\/2019\/01\/AS-CAM-222-2616_1030x530.jpg\" width=\"1030\" height=\"530\" \/><img loading=\"lazy\" decoding=\"async\" src=\"https:\/\/www.ashotels.it\/wp-content\/uploads\/2019\/01\/AS-CAM-221-2614_1030x530.jpg\" width=\"1030\" height=\"530\" \/><img loading=\"lazy\" decoding=\"async\" src=\"https:\/\/www.ashotels.it\/wp-content\/uploads\/2019\/01\/AS-CAM-282-2666_1030x530.jpg\" width=\"1030\" height=\"530\" \/><img loading=\"lazy\" decoding=\"async\" src=\"https:\/\/www.ashotels.it\/wp-content\/uploads\/2019\/01\/AS-CAM-284-0401_1030x530.jpg\" width=\"1030\" height=\"530\" \/>            <\/div>\r\n        <\/div>\r\n        <div class=\"corniceCamere_lato1\"><\/div>\r\n        <div class=\"corniceCamere_lato2\"><\/div>\r\n    <\/div>\r\n    <div class=\"sliderCamereMobile\">\r\n        <div class=\"largeContainer\">\r\n            <div class=\"cycle-slideshow\" data-cycle-fx=\"fade\" data-cycle-timeout=\"2000\" data-cycle-speed=\"1000\" data-cycle-swipe=\"true\" ><img loading=\"lazy\" decoding=\"async\" src=\"https:\/\/www.ashotels.it\/wp-content\/uploads\/2019\/01\/AS-CAM-222-2616_1030x530.jpg\" width=\"1030\" height=\"530\" \/><img loading=\"lazy\" decoding=\"async\" src=\"https:\/\/www.ashotels.it\/wp-content\/uploads\/2019\/01\/AS-CAM-221-2614_1030x530.jpg\" width=\"1030\" height=\"530\" \/><img loading=\"lazy\" decoding=\"async\" src=\"https:\/\/www.ashotels.it\/wp-content\/uploads\/2019\/01\/AS-CAM-282-2666_1030x530.jpg\" width=\"1030\" height=\"530\" \/><img loading=\"lazy\" decoding=\"async\" src=\"https:\/\/www.ashotels.it\/wp-content\/uploads\/2019\/01\/AS-CAM-284-0401_1030x530.jpg\" width=\"1030\" height=\"530\" \/><\/div>\r\n        <\/div>\r\n    <\/div>\r\n    <div class=\"nome_camera\">\r\n        <h3>Smart<\/h3>\r\n                <a class=\"bottoncino\" href=\"https:\/\/www.simplebooking.it\/ibe\/hotelbooking\/search?hid=3389&lang=ES&cur=EUR\" target=\"_blank\">Reserva esta habitaci\u00f3n<\/a>\r\n                    <\/div>\r\n<\/div>\r\n<div class=\"container_daticamere\">\r\n\t<table width=\"100%\" border=\"0\" cellpadding=\"0\" cellspacing=\"0\"><tr>\r\n    <td class=\"sinistra\"><p><strong style=\"text-align: justify;\">HABITACI\u00d3N SMART <\/strong><br style=\"text-align: justify;\" \/><span style=\"text-align: justify;\">Habitaci\u00f3n individual en estilo confortable y cl\u00e1sico, cama francesa, mesa y sillas. Cuarto de ba\u00f1o con ducha o ba\u00f1era. La elecci\u00f3n correcta para aquellos que quieren un confort b\u00e1sico y todo lo necesario para un viaje de negocios, con un ojo en el precio.<\/span><\/p>\n<hr \/><table class=\"dimensioni\"><tr><td><p><strong>SUPERFICIE DE LA HABITACI\u00d3N SMART:<\/strong> 19 m\u00b2<\/p>\n<\/td><\/tr><\/table><\/td>\r\n    <td class=\"destra\">\r\n        <p><strong>LOS SERVICIOS DE HABITACIONES SMART<\/strong><\/p>\n<ul>\n<li>Wi-Fi<\/li>\n<li>Escritorio o mesa y sillas<\/li>\n<li>Ducha y\/o ba\u00f1era<\/li>\n<li>Servicio de cortes\u00eda<\/li>\n<li>SMART TV LCD con canales internacionales y listo para conectarse a su cuenta de Netfilx o You Tube<\/li>\n<li>Enchufes para las computadoras port\u00e1tiles y tabletas<\/li>\n<li>Acceso al\u00a0 gimnasio*<\/li>\n<\/ul>\n<p><em>*<\/em><i>temporalmente no disponible<\/i><\/p>\n   \t<\/td>\r\n    <\/tr><\/table>\r\n<\/div>\r\n\n<div class=\"container_slidercamere\">\r\n    <div class=\"sliderCamere\">\r\n        <div class=\"largeContainer\">\r\n            <div class=\"cycle-slideshow\" data-cycle-fx=\"carousel\" data-cycle-timeout=\"2000\" data-cycle-speed=\"1000\"\r\n                data-cycle-carousel-slide-dimension=\"1030\" data-cycle-carousel-offset=\"1030\"\r\n                data-cycle-pause-on-hover=\"true\" data-cycle-swipe=\"true\" >\r\n               \t<img loading=\"lazy\" decoding=\"async\" src=\"https:\/\/www.ashotels.it\/wp-content\/uploads\/2016\/02\/cambiago-family1.jpg\" width=\"1030\" height=\"530\" \/><img loading=\"lazy\" decoding=\"async\" src=\"https:\/\/www.ashotels.it\/wp-content\/uploads\/2016\/02\/cambiago-family2.jpg\" width=\"1030\" height=\"530\" \/><img loading=\"lazy\" decoding=\"async\" src=\"https:\/\/www.ashotels.it\/wp-content\/uploads\/2016\/02\/cambiago-family3.jpg\" width=\"1030\" height=\"530\" \/><img loading=\"lazy\" decoding=\"async\" src=\"https:\/\/www.ashotels.it\/wp-content\/uploads\/2016\/02\/cambiago-family4.jpg\" width=\"1030\" height=\"530\" \/>            <\/div>\r\n        <\/div>\r\n        <div class=\"corniceCamere_lato1\"><\/div>\r\n        <div class=\"corniceCamere_lato2\"><\/div>\r\n    <\/div>\r\n    <div class=\"sliderCamereMobile\">\r\n        <div class=\"largeContainer\">\r\n            <div class=\"cycle-slideshow\" data-cycle-fx=\"fade\" data-cycle-timeout=\"2000\" data-cycle-speed=\"1000\" data-cycle-swipe=\"true\" ><img loading=\"lazy\" decoding=\"async\" src=\"https:\/\/www.ashotels.it\/wp-content\/uploads\/2016\/02\/cambiago-family1.jpg\" width=\"1030\" height=\"530\" \/><img loading=\"lazy\" decoding=\"async\" src=\"https:\/\/www.ashotels.it\/wp-content\/uploads\/2016\/02\/cambiago-family2.jpg\" width=\"1030\" height=\"530\" \/><img loading=\"lazy\" decoding=\"async\" src=\"https:\/\/www.ashotels.it\/wp-content\/uploads\/2016\/02\/cambiago-family3.jpg\" width=\"1030\" height=\"530\" \/><img loading=\"lazy\" decoding=\"async\" src=\"https:\/\/www.ashotels.it\/wp-content\/uploads\/2016\/02\/cambiago-family4.jpg\" width=\"1030\" height=\"530\" \/><\/div>\r\n        <\/div>\r\n    <\/div>\r\n    <div class=\"nome_camera\">\r\n        <h3>Family<\/h3>\r\n                <a class=\"bottoncino\" href=\"https:\/\/www.simplebooking.it\/ibe\/hotelbooking\/search?hid=3389&lang=ES&cur=EUR\" target=\"_blank\">Reserva esta habitaci\u00f3n<\/a>\r\n                    <\/div>\r\n<\/div>\r\n<div class=\"container_daticamere\">\r\n\t<table width=\"100%\" border=\"0\" cellpadding=\"0\" cellspacing=\"0\"><tr>\r\n    <td class=\"sinistra\"><p style=\"text-align: JUSTIFY;\"><strong>HABITACI\u00d3N FAMILY<\/strong><br \/>\nAmplias habitaciones con estilo cl\u00e1sico, pr\u00e1ctico y funcional, que consta de cama matrimonial, sala de estar con sof\u00e1 que se puede convertir en una cama doble, mesa y sillas. Cuarto de ba\u00f1o con ducha o ba\u00f1era. Esta habitaci\u00f3n est\u00e1 dise\u00f1ado para familias que quieren que el justo equilibrio entre el confort y el espacio y un buen descanso para descubrir en los alrededores de Mil\u00e1n.<\/p>\n<hr \/><table class=\"dimensioni\"><tr><td><p><strong>SUPERFICIE DE LA HABITACI\u00d3N FAMILY:<\/strong> de 28 hasta 35 m\u00b2<\/p>\n<\/td><\/tr><\/table><\/td>\r\n    <td class=\"destra\">\r\n        <p><strong>LOS SERVICIOS DE HABITACIONES FAMILY<\/strong><\/p>\n<ul>\n<li>Wi-Fi<\/li>\n<li>Escritorio o mesa y sillas<\/li>\n<li>Ducha o ba\u00f1era<\/li>\n<li>Servicio de cortes\u00eda<\/li>\n<li>SMART TV LCD con canales internacionales y listo para conectarse a su cuenta de Netfilx o You Tube<\/li>\n<li>Enchufes para las computadoras port\u00e1tiles y tabletas<\/li>\n<li>Aparcamiento gratuito habitaci\u00f3n tambi\u00e9n frente a la habitacion<\/li>\n<li>Acceso al\u00a0gimnasio<\/li>\n<\/ul>\n   \t<\/td>\r\n    <\/tr><\/table>\r\n<\/div>\r\n\n","protected":false},"excerpt":{"rendered":"<p>El hotel ofrece 140 habitaciones y suites con pisos de madera, dise\u00f1adas para el hombre de negocios como para una familia de 4 personas. Estos se complementan con el hotel residencia f\u00f3rmula, para que los hu\u00e9spedes disfruten de unas vacaciones<span class=\"ellipsis\">&hellip;<\/span><\/p>\n<div class=\"read-more\"><a href=\"https:\/\/www.ashotels.it\/es\/as-hotel-cambiago\/habitaciones-y-residencia\">Leer todo &#8250;<\/a><\/div>\n<p><!-- end of .read-more --><\/p>\n","protected":false},"author":12,"featured_media":0,"parent":687,"menu_order":0,"comment_status":"closed","ping_status":"closed","template":"camere-cambiago-page.php","meta":{"_acf_changed":false,"inline_featured_image":false,"ngg_post_thumbnail":0,"footnotes":""},"class_list":["post-9140","page","type-page","status-publish","hentry"],"acf":[],"yoast_head":"<!-- This site is optimized with the Yoast SEO plugin v27.0 - https:\/\/yoast.com\/product\/yoast-seo-wordpress\/ -->\n<title>Hotel en Cambiago con Suite business y habitaciones para familias<\/title>\n<meta name=\"description\" content=\"AS Hotel Cambiago ofrece 140 habitaciones y suite con parquet, pensadas tanto para hombre de negocios como para familias de hasta 4 miembros y residencias\" \/>\n<meta name=\"robots\" content=\"index, follow, max-snippet:-1, max-image-preview:large, max-video-preview:-1\" \/>\n<link rel=\"canonical\" href=\"https:\/\/www.ashotels.it\/es\/as-hotel-cambiago\/habitaciones-y-residencia\" \/>\n<meta property=\"og:locale\" content=\"es_ES\" \/>\n<meta property=\"og:type\" content=\"article\" \/>\n<meta property=\"og:title\" content=\"Hotel en Cambiago con Suite business y habitaciones para familias\" \/>\n<meta property=\"og:description\" content=\"AS Hotel Cambiago ofrece 140 habitaciones y suite con parquet, pensadas tanto para hombre de negocios como para familias de hasta 4 miembros y residencias\" \/>\n<meta property=\"og:url\" content=\"https:\/\/www.ashotels.it\/es\/as-hotel-cambiago\/habitaciones-y-residencia\" \/>\n<meta property=\"og:site_name\" content=\"AS Hotels\" \/>\n<meta property=\"article:publisher\" content=\"https:\/\/www.facebook.com\/AsHotels\" \/>\n<meta property=\"article:modified_time\" content=\"2019-02-11T14:27:08+00:00\" \/>\n<meta name=\"twitter:card\" content=\"summary_large_image\" \/>\n<meta name=\"twitter:site\" content=\"@ASHOTELS1\" \/>\n<script type=\"application\/ld+json\" class=\"yoast-schema-graph\">{\"@context\":\"https:\/\/schema.org\",\"@graph\":[{\"@type\":\"WebPage\",\"@id\":\"https:\/\/www.ashotels.it\/es\/as-hotel-cambiago\/habitaciones-y-residencia\",\"url\":\"https:\/\/www.ashotels.it\/es\/as-hotel-cambiago\/habitaciones-y-residencia\",\"name\":\"Hotel en Cambiago con Suite business y habitaciones para familias\",\"isPartOf\":{\"@id\":\"https:\/\/www.ashotels.it\/es#website\"},\"datePublished\":\"2019-02-11T13:40:33+00:00\",\"dateModified\":\"2019-02-11T14:27:08+00:00\",\"description\":\"AS Hotel Cambiago ofrece 140 habitaciones y suite con parquet, pensadas tanto para hombre de negocios como para familias de hasta 4 miembros y residencias\",\"breadcrumb\":{\"@id\":\"https:\/\/www.ashotels.it\/es\/as-hotel-cambiago\/habitaciones-y-residencia#breadcrumb\"},\"inLanguage\":\"es\",\"potentialAction\":[{\"@type\":\"ReadAction\",\"target\":[\"https:\/\/www.ashotels.it\/es\/as-hotel-cambiago\/habitaciones-y-residencia\"]}]},{\"@type\":\"BreadcrumbList\",\"@id\":\"https:\/\/www.ashotels.it\/es\/as-hotel-cambiago\/habitaciones-y-residencia#breadcrumb\",\"itemListElement\":[{\"@type\":\"ListItem\",\"position\":1,\"name\":\"Home\",\"item\":\"https:\/\/www.ashotels.it\/es\"},{\"@type\":\"ListItem\",\"position\":2,\"name\":\"Un est\u00e1ndar de hotel cerca de Mil\u00e1n\",\"item\":\"https:\/\/www.ashotels.it\/es\/as-hotel-cambiago\"},{\"@type\":\"ListItem\",\"position\":3,\"name\":\"Comodidad y elegancia para los negocios y la familia\"}]},{\"@type\":\"WebSite\",\"@id\":\"https:\/\/www.ashotels.it\/es#website\",\"url\":\"https:\/\/www.ashotels.it\/es\",\"name\":\"AS Hotels\",\"description\":\"\",\"potentialAction\":[{\"@type\":\"SearchAction\",\"target\":{\"@type\":\"EntryPoint\",\"urlTemplate\":\"https:\/\/www.ashotels.it\/es?s={search_term_string}\"},\"query-input\":{\"@type\":\"PropertyValueSpecification\",\"valueRequired\":true,\"valueName\":\"search_term_string\"}}],\"inLanguage\":\"es\"}]}<\/script>\n<!-- \/ Yoast SEO plugin. -->","yoast_head_json":{"title":"Hotel en Cambiago con Suite business y habitaciones para familias","description":"AS Hotel Cambiago ofrece 140 habitaciones y suite con parquet, pensadas tanto para hombre de negocios como para familias de hasta 4 miembros y residencias","robots":{"index":"index","follow":"follow","max-snippet":"max-snippet:-1","max-image-preview":"max-image-preview:large","max-video-preview":"max-video-preview:-1"},"canonical":"https:\/\/www.ashotels.it\/es\/as-hotel-cambiago\/habitaciones-y-residencia","og_locale":"es_ES","og_type":"article","og_title":"Hotel en Cambiago con Suite business y habitaciones para familias","og_description":"AS Hotel Cambiago ofrece 140 habitaciones y suite con parquet, pensadas tanto para hombre de negocios como para familias de hasta 4 miembros y residencias","og_url":"https:\/\/www.ashotels.it\/es\/as-hotel-cambiago\/habitaciones-y-residencia","og_site_name":"AS Hotels","article_publisher":"https:\/\/www.facebook.com\/AsHotels","article_modified_time":"2019-02-11T14:27:08+00:00","twitter_card":"summary_large_image","twitter_site":"@ASHOTELS1","schema":{"@context":"https:\/\/schema.org","@graph":[{"@type":"WebPage","@id":"https:\/\/www.ashotels.it\/es\/as-hotel-cambiago\/habitaciones-y-residencia","url":"https:\/\/www.ashotels.it\/es\/as-hotel-cambiago\/habitaciones-y-residencia","name":"Hotel en Cambiago con Suite business y habitaciones para familias","isPartOf":{"@id":"https:\/\/www.ashotels.it\/es#website"},"datePublished":"2019-02-11T13:40:33+00:00","dateModified":"2019-02-11T14:27:08+00:00","description":"AS Hotel Cambiago ofrece 140 habitaciones y suite con parquet, pensadas tanto para hombre de negocios como para familias de hasta 4 miembros y residencias","breadcrumb":{"@id":"https:\/\/www.ashotels.it\/es\/as-hotel-cambiago\/habitaciones-y-residencia#breadcrumb"},"inLanguage":"es","potentialAction":[{"@type":"ReadAction","target":["https:\/\/www.ashotels.it\/es\/as-hotel-cambiago\/habitaciones-y-residencia"]}]},{"@type":"BreadcrumbList","@id":"https:\/\/www.ashotels.it\/es\/as-hotel-cambiago\/habitaciones-y-residencia#breadcrumb","itemListElement":[{"@type":"ListItem","position":1,"name":"Home","item":"https:\/\/www.ashotels.it\/es"},{"@type":"ListItem","position":2,"name":"Un est\u00e1ndar de hotel cerca de Mil\u00e1n","item":"https:\/\/www.ashotels.it\/es\/as-hotel-cambiago"},{"@type":"ListItem","position":3,"name":"Comodidad y elegancia para los negocios y la familia"}]},{"@type":"WebSite","@id":"https:\/\/www.ashotels.it\/es#website","url":"https:\/\/www.ashotels.it\/es","name":"AS Hotels","description":"","potentialAction":[{"@type":"SearchAction","target":{"@type":"EntryPoint","urlTemplate":"https:\/\/www.ashotels.it\/es?s={search_term_string}"},"query-input":{"@type":"PropertyValueSpecification","valueRequired":true,"valueName":"search_term_string"}}],"inLanguage":"es"}]}},"_links":{"self":[{"href":"https:\/\/www.ashotels.it\/es\/wp-json\/wp\/v2\/pages\/9140","targetHints":{"allow":["GET"]}}],"collection":[{"href":"https:\/\/www.ashotels.it\/es\/wp-json\/wp\/v2\/pages"}],"about":[{"href":"https:\/\/www.ashotels.it\/es\/wp-json\/wp\/v2\/types\/page"}],"author":[{"embeddable":true,"href":"https:\/\/www.ashotels.it\/es\/wp-json\/wp\/v2\/users\/12"}],"replies":[{"embeddable":true,"href":"https:\/\/www.ashotels.it\/es\/wp-json\/wp\/v2\/comments?post=9140"}],"version-history":[{"count":1,"href":"https:\/\/www.ashotels.it\/es\/wp-json\/wp\/v2\/pages\/9140\/revisions"}],"predecessor-version":[{"id":9374,"href":"https:\/\/www.ashotels.it\/es\/wp-json\/wp\/v2\/pages\/9140\/revisions\/9374"}],"up":[{"embeddable":true,"href":"https:\/\/www.ashotels.it\/es\/wp-json\/wp\/v2\/pages\/687"}],"wp:attachment":[{"href":"https:\/\/www.ashotels.it\/es\/wp-json\/wp\/v2\/media?parent=9140"}],"curies":[{"name":"wp","href":"https:\/\/api.w.org\/{rel}","templated":true}]}}