{"id":9159,"date":"2019-01-10T16:15:21","date_gmt":"2019-01-10T15:15:21","guid":{"rendered":"https:\/\/www.ashotels.it\/?page_id=9159"},"modified":"2019-02-11T12:13:27","modified_gmt":"2019-02-11T11:13:27","slug":"habitaciones-y-suites","status":"publish","type":"page","link":"https:\/\/www.ashotels.it\/es\/as-hotel-limbiate-fiera\/habitaciones-y-suites","title":{"rendered":"El confort y los mejores servicios como estar en el centro de Mil\u00e1n"},"content":{"rendered":"<p class=\"sottotitolo\" style=\"text-align: center;\">183 habitaciones y suites de dise\u00f1o ofrecen 3 colores diferentes, p\u00farpura, verde y burdeaux, de estilo moderno y ambientes funcionales. Diversas soluciones para los clientes de negocios, para los que viajan los fines de semana para el descanso y el ocio y el placer para aquellos que quieren celebrar un aniversario viviendo una noche especial.<\/p>\n<div class=\"container_slidercamere\">\r\n    <div class=\"sliderCamere\">\r\n        <div class=\"largeContainer\">\r\n            <div class=\"cycle-slideshow\" data-cycle-fx=\"carousel\" data-cycle-timeout=\"2000\" data-cycle-speed=\"1000\"\r\n                data-cycle-carousel-slide-dimension=\"1030\" data-cycle-carousel-offset=\"1030\"\r\n                data-cycle-pause-on-hover=\"true\" data-cycle-swipe=\"true\" >\r\n               \t<img loading=\"lazy\" decoding=\"async\" src=\"https:\/\/www.ashotels.it\/wp-content\/uploads\/2016\/02\/limbiate-standard1.jpg\" width=\"1030\" height=\"530\" \/><img loading=\"lazy\" decoding=\"async\" src=\"https:\/\/www.ashotels.it\/wp-content\/uploads\/2016\/02\/limbiate-standard2.jpg\" width=\"1030\" height=\"530\" \/><img loading=\"lazy\" decoding=\"async\" src=\"https:\/\/www.ashotels.it\/wp-content\/uploads\/2016\/02\/limbiate-standard3.jpg\" width=\"1030\" height=\"530\" \/><img loading=\"lazy\" decoding=\"async\" src=\"https:\/\/www.ashotels.it\/wp-content\/uploads\/2016\/02\/limbiate-standard4.jpg\" width=\"1030\" height=\"530\" \/><img loading=\"lazy\" decoding=\"async\" src=\"https:\/\/www.ashotels.it\/wp-content\/uploads\/2016\/02\/limbiate-standard6.jpg\" width=\"1030\" height=\"530\" \/><img loading=\"lazy\" decoding=\"async\" src=\"https:\/\/www.ashotels.it\/wp-content\/uploads\/2016\/02\/limbiate-standard7.jpg\" width=\"1030\" height=\"530\" \/>            <\/div>\r\n        <\/div>\r\n        <div class=\"corniceCamere_lato1\"><\/div>\r\n        <div class=\"corniceCamere_lato2\"><\/div>\r\n    <\/div>\r\n    <div class=\"sliderCamereMobile\">\r\n        <div class=\"largeContainer\">\r\n            <div class=\"cycle-slideshow\" data-cycle-fx=\"fade\" data-cycle-timeout=\"2000\" data-cycle-speed=\"1000\" data-cycle-swipe=\"true\" ><img loading=\"lazy\" decoding=\"async\" src=\"https:\/\/www.ashotels.it\/wp-content\/uploads\/2016\/02\/limbiate-standard1.jpg\" width=\"1030\" height=\"530\" \/><img loading=\"lazy\" decoding=\"async\" src=\"https:\/\/www.ashotels.it\/wp-content\/uploads\/2016\/02\/limbiate-standard2.jpg\" width=\"1030\" height=\"530\" \/><img loading=\"lazy\" decoding=\"async\" src=\"https:\/\/www.ashotels.it\/wp-content\/uploads\/2016\/02\/limbiate-standard3.jpg\" width=\"1030\" height=\"530\" \/><img loading=\"lazy\" decoding=\"async\" src=\"https:\/\/www.ashotels.it\/wp-content\/uploads\/2016\/02\/limbiate-standard4.jpg\" width=\"1030\" height=\"530\" \/><img loading=\"lazy\" decoding=\"async\" src=\"https:\/\/www.ashotels.it\/wp-content\/uploads\/2016\/02\/limbiate-standard6.jpg\" width=\"1030\" height=\"530\" \/><img loading=\"lazy\" decoding=\"async\" src=\"https:\/\/www.ashotels.it\/wp-content\/uploads\/2016\/02\/limbiate-standard7.jpg\" width=\"1030\" height=\"530\" \/><\/div>\r\n        <\/div>\r\n    <\/div>\r\n    <div class=\"nome_camera\">\r\n        <h3>Standard y Business<\/h3>\r\n                <a class=\"bottoncino\" href=\"https:\/\/www.simplebooking.it\/ibe\/hotelbooking\/search?hid=3392&lang=ES&cur=EUR\" target=\"_blank\">Reserva esta habitaci\u00f3n<\/a>\r\n                    <\/div>\r\n<\/div>\r\n<div class=\"container_daticamere\">\r\n\t<table width=\"100%\" border=\"0\" cellpadding=\"0\" cellspacing=\"0\"><tr>\r\n    <td class=\"sinistra\"><p style=\"text-align: JUSTIFY;\"><strong>HABITACIONES STANDARD Y BUSINESS<\/strong><br \/>\nElegante y refinado, con suelos de madera y muebles de madera c\u00e1lida y moderna en colores naturales, perfectamente insonorizadas y con todo lo necesario para trabajar y relajarse, que consta de una cama extra grande o dos camas individuales o una cama doble y un sof\u00e1 cama para las familias que desean un confort b\u00e1sico.<\/p>\n<hr \/><table class=\"dimensioni\"><tr><td><p><strong>SUPERFICIE DE LA HABITACI\u00d3N STANDARD:<\/strong> 23 m\u00b2<\/p>\n<\/td><\/tr><\/table><table class=\"letti\"><tr><td><p><strong>SUPERFICIE DE LA HABITACI\u00d3N BUSINESS:<\/strong> 30 m\u00b2<\/p>\n<\/td><\/tr><\/table><\/td>\r\n    <td class=\"destra\">\r\n        <p><strong>LOS SERVICIOS DE HABITACIONES STANDARD<\/strong><\/p>\n<ul>\n<li>Wi-Fi<\/li>\n<li>Doble ducha o ba\u00f1era con cromoterapia<\/li>\n<li>TV LCD con canales internacionales<\/li>\n<li>SKY con canales internacionales<\/li>\n<li>Enchufes para las computadoras port\u00e1tiles y tabletas<\/li>\n<li>Aparcamiento gratuito<\/li>\n<\/ul>\n<p><strong>SERVICIOS DE LAS HABITACIONES BUSINESS (como la standard, con m\u00e1s)<\/strong><\/p>\n<ul>\n<li>Alojamiento en una habitaci\u00f3n m\u00e1s espaciosa<\/li>\n<li>Cafetera con diferentes sabores de caf\u00e9 y t\u00e9<\/li>\n<\/ul>\n   \t<\/td>\r\n    <\/tr><\/table>\r\n<\/div>\r\n\n<div class=\"container_slidercamere\">\r\n    <div class=\"sliderCamere\">\r\n        <div class=\"largeContainer\">\r\n            <div class=\"cycle-slideshow\" data-cycle-fx=\"carousel\" data-cycle-timeout=\"2000\" data-cycle-speed=\"1000\"\r\n                data-cycle-carousel-slide-dimension=\"1030\" data-cycle-carousel-offset=\"1030\"\r\n                data-cycle-pause-on-hover=\"true\" data-cycle-swipe=\"true\" >\r\n               \t<img loading=\"lazy\" decoding=\"async\" src=\"https:\/\/www.ashotels.it\/wp-content\/uploads\/2016\/02\/limbiate-junior1.jpg\" width=\"1030\" height=\"530\" \/><img loading=\"lazy\" decoding=\"async\" src=\"https:\/\/www.ashotels.it\/wp-content\/uploads\/2016\/02\/limbiate-junior2.jpg\" width=\"1030\" height=\"530\" \/><img loading=\"lazy\" decoding=\"async\" src=\"https:\/\/www.ashotels.it\/wp-content\/uploads\/2016\/02\/limbiate-junior3.jpg\" width=\"1030\" height=\"530\" \/><img loading=\"lazy\" decoding=\"async\" src=\"https:\/\/www.ashotels.it\/wp-content\/uploads\/2016\/02\/limbiate-junior4.jpg\" width=\"1030\" height=\"530\" \/><img loading=\"lazy\" decoding=\"async\" src=\"https:\/\/www.ashotels.it\/wp-content\/uploads\/2016\/02\/limbiate-junior5.jpg\" width=\"1030\" height=\"530\" \/><img loading=\"lazy\" decoding=\"async\" src=\"https:\/\/www.ashotels.it\/wp-content\/uploads\/2016\/02\/limbiate-junior6.jpg\" width=\"1030\" height=\"530\" \/><img loading=\"lazy\" decoding=\"async\" src=\"https:\/\/www.ashotels.it\/wp-content\/uploads\/2016\/02\/limbiate-junior7.jpg\" width=\"1030\" height=\"530\" \/>            <\/div>\r\n        <\/div>\r\n        <div class=\"corniceCamere_lato1\"><\/div>\r\n        <div class=\"corniceCamere_lato2\"><\/div>\r\n    <\/div>\r\n    <div class=\"sliderCamereMobile\">\r\n        <div class=\"largeContainer\">\r\n            <div class=\"cycle-slideshow\" data-cycle-fx=\"fade\" data-cycle-timeout=\"2000\" data-cycle-speed=\"1000\" data-cycle-swipe=\"true\" ><img loading=\"lazy\" decoding=\"async\" src=\"https:\/\/www.ashotels.it\/wp-content\/uploads\/2016\/02\/limbiate-junior1.jpg\" width=\"1030\" height=\"530\" \/><img loading=\"lazy\" decoding=\"async\" src=\"https:\/\/www.ashotels.it\/wp-content\/uploads\/2016\/02\/limbiate-junior2.jpg\" width=\"1030\" height=\"530\" \/><img loading=\"lazy\" decoding=\"async\" src=\"https:\/\/www.ashotels.it\/wp-content\/uploads\/2016\/02\/limbiate-junior3.jpg\" width=\"1030\" height=\"530\" \/><img loading=\"lazy\" decoding=\"async\" src=\"https:\/\/www.ashotels.it\/wp-content\/uploads\/2016\/02\/limbiate-junior4.jpg\" width=\"1030\" height=\"530\" \/><img loading=\"lazy\" decoding=\"async\" src=\"https:\/\/www.ashotels.it\/wp-content\/uploads\/2016\/02\/limbiate-junior5.jpg\" width=\"1030\" height=\"530\" \/><img loading=\"lazy\" decoding=\"async\" src=\"https:\/\/www.ashotels.it\/wp-content\/uploads\/2016\/02\/limbiate-junior6.jpg\" width=\"1030\" height=\"530\" \/><img loading=\"lazy\" decoding=\"async\" src=\"https:\/\/www.ashotels.it\/wp-content\/uploads\/2016\/02\/limbiate-junior7.jpg\" width=\"1030\" height=\"530\" \/><\/div>\r\n        <\/div>\r\n    <\/div>\r\n    <div class=\"nome_camera\">\r\n        <h3>Junior y Suite<\/h3>\r\n                <a class=\"bottoncino\" href=\"https:\/\/www.simplebooking.it\/ibe\/hotelbooking\/search?hid=3392&lang=ES&cur=EUR\" target=\"_blank\">Reserva esta habitaci\u00f3n<\/a>\r\n                    <\/div>\r\n<\/div>\r\n<div class=\"container_daticamere\">\r\n\t<table width=\"100%\" border=\"0\" cellpadding=\"0\" cellspacing=\"0\"><tr>\r\n    <td class=\"sinistra\"><p style=\"text-align: JUSTIFY;\"><b>JUNIOR SUITE<\/b><br \/>\nHabitaciones a\u00fan m\u00e1s amplias, con pisos de madera y una decoraci\u00f3n refinada de dise\u00f1o, muy funcionales porque caracterizada por dos \u00e1reas separadas, la sala de estar con sof\u00e1 y mesa de caf\u00e9, y la zona de dormitorio con una cama king size o dos camas individuales.<br \/>\nPerfectamente insonorizadas y algunas con balc\u00f3n, que son la opci\u00f3n ideal para aquellos que buscan comodidad, para los gerentes y las empresas que quieren mimar a sus clientes.<\/p>\n<p style=\"text-align: JUSTIFY;\"><b>SUITE<\/b><br \/>\nEl espacio, la elegancia y el lujo, para los gerentes, clientes VIP o parejas que quieren los mejores eventos especiales.<br \/>\nLas suites cuentan con un dormitorio con cama king-size o dos camas individuales, armario empotrado y ella de \u00e9l, y sala de estar con sof\u00e1 cama. Ba\u00f1o doble, uno m\u00e1s peque\u00f1o en la entrada y uno mas amplio con ducha visible y ba\u00f1era de hidromasaje doble.<\/p>\n<hr \/><table class=\"dimensioni\"><tr><td><p><strong>SUPERFICIE DE LA HABITACI\u00d3N JUNIOR SUITE:<\/strong> 32 m\u00b2<\/p>\n<\/td><\/tr><\/table><table class=\"letti\"><tr><td><p><strong>SUPERFICIE DE LA HABITACI\u00d3N SUITE:<\/strong> 55 m\u00b2<\/p>\n<\/td><\/tr><\/table><\/td>\r\n    <td class=\"destra\">\r\n        <p><strong>SERVICIOS\u00a0JUNIOR Y SUITE<\/strong><\/p>\n<ul>\n<li>Wi-fi<\/li>\n<li>Escritorio o mesa y sillas<\/li>\n<li>Doble ducha con cromoterapia o ba\u00f1era<\/li>\n<li>Servicio de cortes\u00eda<\/li>\n<li>2 TV LCD con canales internacionales construidos<\/li>\n<li><span lang=\"ES-EC\" style=\"font-size: 12.0pt; mso-ansi-language: ES-EC;\">SKY con canales internacionales<\/span><\/li>\n<li>Enchufes para ordenadores port\u00e1tiles y tabletas<\/li>\n<li>La tecnolog\u00eda moderna para el encendido y apagado de las luces<\/li>\n<li>Aparcamiento gratuito<\/li>\n<li>Cafetera con diferentes aromas de caf\u00e9 y t\u00e8<\/li>\n<\/ul>\n   \t<\/td>\r\n    <\/tr><\/table>\r\n<\/div>\r\n\n<h2 class=\"titolo\" style=\"text-align: center;\">Buscas una&nbsp;soluci\u00f3n inteligente y barata?<\/h2>\n<p class=\"sottotitolo\" style=\"text-align: center;\">Tenemos la soluci\u00f3n para usted: nuestras habitaciones smart con una plaza de aparcamiento privado situado en frente de su alojamiento. Todo a un precio fant\u00e1stico.<\/p>\n<div class=\"container_slidercamere\">\r\n    <div class=\"sliderCamere\">\r\n        <div class=\"largeContainer\">\r\n            <div class=\"cycle-slideshow\" data-cycle-fx=\"carousel\" data-cycle-timeout=\"2000\" data-cycle-speed=\"1000\"\r\n                data-cycle-carousel-slide-dimension=\"1030\" data-cycle-carousel-offset=\"1030\"\r\n                data-cycle-pause-on-hover=\"true\" data-cycle-swipe=\"true\" >\r\n               \t<img loading=\"lazy\" decoding=\"async\" src=\"https:\/\/www.ashotels.it\/wp-content\/uploads\/2016\/02\/limbiate-economy1.jpg\" width=\"1030\" height=\"530\" \/><img loading=\"lazy\" decoding=\"async\" src=\"https:\/\/www.ashotels.it\/wp-content\/uploads\/2016\/02\/limbiate-economy2.jpg\" width=\"1030\" height=\"530\" \/><img loading=\"lazy\" decoding=\"async\" src=\"https:\/\/www.ashotels.it\/wp-content\/uploads\/2016\/02\/limbiate-economy3.jpg\" width=\"1030\" height=\"530\" \/><img loading=\"lazy\" decoding=\"async\" src=\"https:\/\/www.ashotels.it\/wp-content\/uploads\/2016\/02\/limbiate-economy4.jpg\" width=\"1030\" height=\"530\" \/><img loading=\"lazy\" decoding=\"async\" src=\"https:\/\/www.ashotels.it\/wp-content\/uploads\/2016\/02\/limbiate-economy5.jpg\" width=\"1030\" height=\"530\" \/>            <\/div>\r\n        <\/div>\r\n        <div class=\"corniceCamere_lato1\"><\/div>\r\n        <div class=\"corniceCamere_lato2\"><\/div>\r\n    <\/div>\r\n    <div class=\"sliderCamereMobile\">\r\n        <div class=\"largeContainer\">\r\n            <div class=\"cycle-slideshow\" data-cycle-fx=\"fade\" data-cycle-timeout=\"2000\" data-cycle-speed=\"1000\" data-cycle-swipe=\"true\" ><img loading=\"lazy\" decoding=\"async\" src=\"https:\/\/www.ashotels.it\/wp-content\/uploads\/2016\/02\/limbiate-economy1.jpg\" width=\"1030\" height=\"530\" \/><img loading=\"lazy\" decoding=\"async\" src=\"https:\/\/www.ashotels.it\/wp-content\/uploads\/2016\/02\/limbiate-economy2.jpg\" width=\"1030\" height=\"530\" \/><img loading=\"lazy\" decoding=\"async\" src=\"https:\/\/www.ashotels.it\/wp-content\/uploads\/2016\/02\/limbiate-economy3.jpg\" width=\"1030\" height=\"530\" \/><img loading=\"lazy\" decoding=\"async\" src=\"https:\/\/www.ashotels.it\/wp-content\/uploads\/2016\/02\/limbiate-economy4.jpg\" width=\"1030\" height=\"530\" \/><img loading=\"lazy\" decoding=\"async\" src=\"https:\/\/www.ashotels.it\/wp-content\/uploads\/2016\/02\/limbiate-economy5.jpg\" width=\"1030\" height=\"530\" \/><\/div>\r\n        <\/div>\r\n    <\/div>\r\n    <div class=\"nome_camera\">\r\n        <h3>Smart<\/h3>\r\n                <a class=\"bottoncino\" href=\"https:\/\/www.simplebooking.it\/ibe\/hotelbooking\/search?hid=3392&lang=ES&cur=EUR\" target=\"_blank\">Reserva esta habitaci\u00f3n<\/a>\r\n                    <\/div>\r\n<\/div>\r\n<div class=\"container_daticamere\">\r\n\t<table width=\"100%\" border=\"0\" cellpadding=\"0\" cellspacing=\"0\"><tr>\r\n    <td class=\"sinistra\"><p style=\"text-align: JUSTIFY;\"><b>HABITACI\u00d3N SMART<\/b><br \/>\nLas habitaciones est\u00e1n decoradas en estilo cl\u00e1sico y un ambiente envolvente, situado en una estructura adyacente adyacente y de f\u00e1cil acceso desde el exterior, constan de cama doble o dos camas individuales, un escritorio o una mesa con sillas, con un c\u00f3modo aparcamiento en la habitaci\u00f3n principal.<br \/>\nLa opci\u00f3n ideal para aquellos que quieren la comodidad, la libertad y la m\u00e1s pr\u00e1ctica y econ\u00f3mica. Probabilidad para realizar c\u00f3modamente el check-in y check-out ademas de la salida directamente de con su coche.<\/p>\n<hr \/><table class=\"dimensioni\"><tr><td><p><strong>SUPERFICIE DE LA HABITACI\u00d3N SMART:<\/strong> de 22 hasta 26 m\u00b2<\/p>\n<\/td><\/tr><\/table><\/td>\r\n    <td class=\"destra\">\r\n        <p><b>SERVICIOS HABITACI\u00d3N SMART<\/b><\/p>\n<ul>\n<li>Wi-fi<\/li>\n<li>Escritorio o mesa y sillas<\/li>\n<li>Doble ducha o ba\u00f1era con cromoterapia<\/li>\n<li>Servicio de cortes\u00eda<\/li>\n<li>TV LCD con canales internacionales<\/li>\n<li>Enchufes para ordenadores port\u00e1tiles y tabletas<\/li>\n<li>Aparcamiento cubierto gratuito en la habitaci\u00f3n delantera<\/li>\n<\/ul>\n   \t<\/td>\r\n    <\/tr><\/table>\r\n<\/div>\r\n\n","protected":false},"excerpt":{"rendered":"<p>183 habitaciones y suites de dise\u00f1o ofrecen 3 colores diferentes, p\u00farpura, verde y burdeaux, de estilo moderno y ambientes funcionales. Diversas soluciones para los clientes de negocios, para los que viajan los fines de semana para el descanso y el<span class=\"ellipsis\">&hellip;<\/span><\/p>\n<div class=\"read-more\"><a href=\"https:\/\/www.ashotels.it\/es\/as-hotel-limbiate-fiera\/habitaciones-y-suites\">Leer todo &#8250;<\/a><\/div>\n<p><!-- end of .read-more --><\/p>\n","protected":false},"author":12,"featured_media":0,"parent":561,"menu_order":0,"comment_status":"closed","ping_status":"closed","template":"camere-limbiate-page.php","meta":{"_acf_changed":false,"inline_featured_image":false,"ngg_post_thumbnail":0,"footnotes":""},"class_list":["post-9159","page","type-page","status-publish","hentry"],"acf":[],"yoast_head":"<!-- This site is optimized with the Yoast SEO plugin v27.0 - https:\/\/yoast.com\/product\/yoast-seo-wordpress\/ -->\n<title>Hotel en Limbiate, cercano a Mil\u00e1n con habitaciones y suites de dise\u00f1o.<\/title>\n<meta name=\"description\" content=\"Habitaciones ideales para clientes de negocios, para el que viaja y para quien desea celebrar un aniversario pasando una noche especial.\" \/>\n<meta name=\"robots\" content=\"index, follow, max-snippet:-1, max-image-preview:large, max-video-preview:-1\" \/>\n<link rel=\"canonical\" href=\"https:\/\/www.ashotels.it\/es\/as-hotel-limbiate-fiera\/habitaciones-y-suites\" \/>\n<meta property=\"og:locale\" content=\"es_ES\" \/>\n<meta property=\"og:type\" content=\"article\" \/>\n<meta property=\"og:title\" content=\"Hotel en Limbiate, cercano a Mil\u00e1n con habitaciones y suites de dise\u00f1o.\" \/>\n<meta property=\"og:description\" content=\"Habitaciones ideales para clientes de negocios, para el que viaja y para quien desea celebrar un aniversario pasando una noche especial.\" \/>\n<meta property=\"og:url\" content=\"https:\/\/www.ashotels.it\/es\/as-hotel-limbiate-fiera\/habitaciones-y-suites\" \/>\n<meta property=\"og:site_name\" content=\"AS Hotels\" \/>\n<meta property=\"article:publisher\" content=\"https:\/\/www.facebook.com\/AsHotels\" \/>\n<meta property=\"article:modified_time\" content=\"2019-02-11T11:13:27+00:00\" \/>\n<meta name=\"twitter:card\" content=\"summary_large_image\" \/>\n<meta name=\"twitter:site\" content=\"@ASHOTELS1\" \/>\n<script type=\"application\/ld+json\" class=\"yoast-schema-graph\">{\"@context\":\"https:\/\/schema.org\",\"@graph\":[{\"@type\":\"WebPage\",\"@id\":\"https:\/\/www.ashotels.it\/es\/as-hotel-limbiate-fiera\/habitaciones-y-suites\",\"url\":\"https:\/\/www.ashotels.it\/es\/as-hotel-limbiate-fiera\/habitaciones-y-suites\",\"name\":\"Hotel en Limbiate, cercano a Mil\u00e1n con habitaciones y suites de dise\u00f1o.\",\"isPartOf\":{\"@id\":\"https:\/\/www.ashotels.it\/es#website\"},\"datePublished\":\"2019-01-10T15:15:21+00:00\",\"dateModified\":\"2019-02-11T11:13:27+00:00\",\"description\":\"Habitaciones ideales para clientes de negocios, para el que viaja y para quien desea celebrar un aniversario pasando una noche especial.\",\"breadcrumb\":{\"@id\":\"https:\/\/www.ashotels.it\/es\/as-hotel-limbiate-fiera\/habitaciones-y-suites#breadcrumb\"},\"inLanguage\":\"es\",\"potentialAction\":[{\"@type\":\"ReadAction\",\"target\":[\"https:\/\/www.ashotels.it\/es\/as-hotel-limbiate-fiera\/habitaciones-y-suites\"]}]},{\"@type\":\"BreadcrumbList\",\"@id\":\"https:\/\/www.ashotels.it\/es\/as-hotel-limbiate-fiera\/habitaciones-y-suites#breadcrumb\",\"itemListElement\":[{\"@type\":\"ListItem\",\"position\":1,\"name\":\"Home\",\"item\":\"https:\/\/www.ashotels.it\/es\"},{\"@type\":\"ListItem\",\"position\":2,\"name\":\"Un moderno hotel de 4 estrellas a s\u00f3lo 10 minutos de Mil\u00e1n\",\"item\":\"https:\/\/www.ashotels.it\/es\/as-hotel-limbiate-fiera\"},{\"@type\":\"ListItem\",\"position\":3,\"name\":\"El confort y los mejores servicios como estar en el centro de Mil\u00e1n\"}]},{\"@type\":\"WebSite\",\"@id\":\"https:\/\/www.ashotels.it\/es#website\",\"url\":\"https:\/\/www.ashotels.it\/es\",\"name\":\"AS Hotels\",\"description\":\"\",\"potentialAction\":[{\"@type\":\"SearchAction\",\"target\":{\"@type\":\"EntryPoint\",\"urlTemplate\":\"https:\/\/www.ashotels.it\/es?s={search_term_string}\"},\"query-input\":{\"@type\":\"PropertyValueSpecification\",\"valueRequired\":true,\"valueName\":\"search_term_string\"}}],\"inLanguage\":\"es\"}]}<\/script>\n<!-- \/ Yoast SEO plugin. -->","yoast_head_json":{"title":"Hotel en Limbiate, cercano a Mil\u00e1n con habitaciones y suites de dise\u00f1o.","description":"Habitaciones ideales para clientes de negocios, para el que viaja y para quien desea celebrar un aniversario pasando una noche especial.","robots":{"index":"index","follow":"follow","max-snippet":"max-snippet:-1","max-image-preview":"max-image-preview:large","max-video-preview":"max-video-preview:-1"},"canonical":"https:\/\/www.ashotels.it\/es\/as-hotel-limbiate-fiera\/habitaciones-y-suites","og_locale":"es_ES","og_type":"article","og_title":"Hotel en Limbiate, cercano a Mil\u00e1n con habitaciones y suites de dise\u00f1o.","og_description":"Habitaciones ideales para clientes de negocios, para el que viaja y para quien desea celebrar un aniversario pasando una noche especial.","og_url":"https:\/\/www.ashotels.it\/es\/as-hotel-limbiate-fiera\/habitaciones-y-suites","og_site_name":"AS Hotels","article_publisher":"https:\/\/www.facebook.com\/AsHotels","article_modified_time":"2019-02-11T11:13:27+00:00","twitter_card":"summary_large_image","twitter_site":"@ASHOTELS1","schema":{"@context":"https:\/\/schema.org","@graph":[{"@type":"WebPage","@id":"https:\/\/www.ashotels.it\/es\/as-hotel-limbiate-fiera\/habitaciones-y-suites","url":"https:\/\/www.ashotels.it\/es\/as-hotel-limbiate-fiera\/habitaciones-y-suites","name":"Hotel en Limbiate, cercano a Mil\u00e1n con habitaciones y suites de dise\u00f1o.","isPartOf":{"@id":"https:\/\/www.ashotels.it\/es#website"},"datePublished":"2019-01-10T15:15:21+00:00","dateModified":"2019-02-11T11:13:27+00:00","description":"Habitaciones ideales para clientes de negocios, para el que viaja y para quien desea celebrar un aniversario pasando una noche especial.","breadcrumb":{"@id":"https:\/\/www.ashotels.it\/es\/as-hotel-limbiate-fiera\/habitaciones-y-suites#breadcrumb"},"inLanguage":"es","potentialAction":[{"@type":"ReadAction","target":["https:\/\/www.ashotels.it\/es\/as-hotel-limbiate-fiera\/habitaciones-y-suites"]}]},{"@type":"BreadcrumbList","@id":"https:\/\/www.ashotels.it\/es\/as-hotel-limbiate-fiera\/habitaciones-y-suites#breadcrumb","itemListElement":[{"@type":"ListItem","position":1,"name":"Home","item":"https:\/\/www.ashotels.it\/es"},{"@type":"ListItem","position":2,"name":"Un moderno hotel de 4 estrellas a s\u00f3lo 10 minutos de Mil\u00e1n","item":"https:\/\/www.ashotels.it\/es\/as-hotel-limbiate-fiera"},{"@type":"ListItem","position":3,"name":"El confort y los mejores servicios como estar en el centro de Mil\u00e1n"}]},{"@type":"WebSite","@id":"https:\/\/www.ashotels.it\/es#website","url":"https:\/\/www.ashotels.it\/es","name":"AS Hotels","description":"","potentialAction":[{"@type":"SearchAction","target":{"@type":"EntryPoint","urlTemplate":"https:\/\/www.ashotels.it\/es?s={search_term_string}"},"query-input":{"@type":"PropertyValueSpecification","valueRequired":true,"valueName":"search_term_string"}}],"inLanguage":"es"}]}},"_links":{"self":[{"href":"https:\/\/www.ashotels.it\/es\/wp-json\/wp\/v2\/pages\/9159","targetHints":{"allow":["GET"]}}],"collection":[{"href":"https:\/\/www.ashotels.it\/es\/wp-json\/wp\/v2\/pages"}],"about":[{"href":"https:\/\/www.ashotels.it\/es\/wp-json\/wp\/v2\/types\/page"}],"author":[{"embeddable":true,"href":"https:\/\/www.ashotels.it\/es\/wp-json\/wp\/v2\/users\/12"}],"replies":[{"embeddable":true,"href":"https:\/\/www.ashotels.it\/es\/wp-json\/wp\/v2\/comments?post=9159"}],"version-history":[{"count":3,"href":"https:\/\/www.ashotels.it\/es\/wp-json\/wp\/v2\/pages\/9159\/revisions"}],"predecessor-version":[{"id":9356,"href":"https:\/\/www.ashotels.it\/es\/wp-json\/wp\/v2\/pages\/9159\/revisions\/9356"}],"up":[{"embeddable":true,"href":"https:\/\/www.ashotels.it\/es\/wp-json\/wp\/v2\/pages\/561"}],"wp:attachment":[{"href":"https:\/\/www.ashotels.it\/es\/wp-json\/wp\/v2\/media?parent=9159"}],"curies":[{"name":"wp","href":"https:\/\/api.w.org\/{rel}","templated":true}]}}