{"id":9170,"date":"2019-01-10T16:45:38","date_gmt":"2019-01-10T15:45:38","guid":{"rendered":"https:\/\/www.ashotels.it\/?page_id=9170"},"modified":"2019-02-11T12:32:11","modified_gmt":"2019-02-11T11:32:11","slug":"habitaciones-suites","status":"publish","type":"page","link":"https:\/\/www.ashotels.it\/es\/as-hotel-dei-giovi\/habitaciones-suites","title":{"rendered":"Soluciones pr\u00e1cticas adaptadas"},"content":{"rendered":"<p class=\"sottotitolo\" style=\"text-align: center;\">Las modernas habitaciones y suites, recientemente renovadas, de 3 plantas, cada una caracterizada por colores c\u00e1lidos, tonos arena, en l\u00ednea con el mobiliario. Todo perfectamente insonorizado, sala elegante, con estacionamiento tambi\u00e9n frente a la habitacion. Usted puede elegir entre varias soluciones de alojamiento, incluso con presupuestos limitados.<\/p>\n<p><div class=\"container_slidercamere\">\r\n    <div class=\"sliderCamere\">\r\n        <div class=\"largeContainer\">\r\n            <div class=\"cycle-slideshow\" data-cycle-fx=\"carousel\" data-cycle-timeout=\"2000\" data-cycle-speed=\"1000\"\r\n                data-cycle-carousel-slide-dimension=\"1030\" data-cycle-carousel-offset=\"1030\"\r\n                data-cycle-pause-on-hover=\"true\" data-cycle-swipe=\"true\" >\r\n               \t<img loading=\"lazy\" decoding=\"async\" src=\"https:\/\/www.ashotels.it\/wp-content\/uploads\/2016\/02\/giovi-standard1.jpg\" width=\"1030\" height=\"530\" \/><img loading=\"lazy\" decoding=\"async\" src=\"https:\/\/www.ashotels.it\/wp-content\/uploads\/2016\/02\/giovi-standard2.jpg\" width=\"1030\" height=\"530\" \/><img loading=\"lazy\" decoding=\"async\" src=\"https:\/\/www.ashotels.it\/wp-content\/uploads\/2016\/02\/giovi-standard4.jpg\" width=\"1030\" height=\"530\" \/><img loading=\"lazy\" decoding=\"async\" src=\"https:\/\/www.ashotels.it\/wp-content\/uploads\/2016\/02\/giovi-standard5.jpg\" width=\"1030\" height=\"530\" \/><img loading=\"lazy\" decoding=\"async\" src=\"https:\/\/www.ashotels.it\/wp-content\/uploads\/2016\/02\/giovi-standard6.jpg\" width=\"1030\" height=\"530\" \/>            <\/div>\r\n        <\/div>\r\n        <div class=\"corniceCamere_lato1\"><\/div>\r\n        <div class=\"corniceCamere_lato2\"><\/div>\r\n    <\/div>\r\n    <div class=\"sliderCamereMobile\">\r\n        <div class=\"largeContainer\">\r\n            <div class=\"cycle-slideshow\" data-cycle-fx=\"fade\" data-cycle-timeout=\"2000\" data-cycle-speed=\"1000\" data-cycle-swipe=\"true\" ><img loading=\"lazy\" decoding=\"async\" src=\"https:\/\/www.ashotels.it\/wp-content\/uploads\/2016\/02\/giovi-standard1.jpg\" width=\"1030\" height=\"530\" \/><img loading=\"lazy\" decoding=\"async\" src=\"https:\/\/www.ashotels.it\/wp-content\/uploads\/2016\/02\/giovi-standard2.jpg\" width=\"1030\" height=\"530\" \/><img loading=\"lazy\" decoding=\"async\" src=\"https:\/\/www.ashotels.it\/wp-content\/uploads\/2016\/02\/giovi-standard4.jpg\" width=\"1030\" height=\"530\" \/><img loading=\"lazy\" decoding=\"async\" src=\"https:\/\/www.ashotels.it\/wp-content\/uploads\/2016\/02\/giovi-standard5.jpg\" width=\"1030\" height=\"530\" \/><img loading=\"lazy\" decoding=\"async\" src=\"https:\/\/www.ashotels.it\/wp-content\/uploads\/2016\/02\/giovi-standard6.jpg\" width=\"1030\" height=\"530\" \/><\/div>\r\n        <\/div>\r\n    <\/div>\r\n    <div class=\"nome_camera\">\r\n        <h3>Standard<\/h3>\r\n                <a class=\"bottoncino\" href=\"https:\/\/www.simplebooking.it\/ibe\/hotelbooking\/search?hid=3390&lang=ES&cur=EUR\" target=\"_blank\">Reserva esta habitaci\u00f3n<\/a>\r\n                    <\/div>\r\n<\/div>\r\n<div class=\"container_daticamere\">\r\n\t<table width=\"100%\" border=\"0\" cellpadding=\"0\" cellspacing=\"0\"><tr>\r\n    <td class=\"sinistra\"><p style=\"text-align: JUSTIFY;\"><strong>HABITACIONES STANDARD Y BUSINESS<\/strong><br \/>\nElegante y refinado, con suelos de madera y muebles de madera c\u00e1lida y moderna en colores naturales, perfectamente insonorizadas y con todo lo necesario para trabajar y relajarse, que consta de una cama extra grande o dos camas individuales o una cama doble y un sof\u00e1 cama para las familias que desean un confort b\u00e1sico.<\/p>\n<hr \/><table class=\"dimensioni\"><tr><td><p><strong>SUPERFICIE DE LA HABITACI\u00d3N STANDARD:<\/strong> 22 m\u00b2<\/p>\n<\/td><\/tr><\/table><\/td>\r\n    <td class=\"destra\">\r\n        <p><strong>LOS SERVICIOS DE HABITACIONES STANDARD<\/strong><\/p>\n<ul>\n<li>Wi-Fi<\/li>\n<li>Doble ducha<\/li>\n<li>TV LCD con canales internacionales<\/li>\n<li>Enchufes para las computadoras port\u00e1tiles y tabletas<\/li>\n<li>Aparcamiento gratuito<\/li>\n<\/ul>\n   \t<\/td>\r\n    <\/tr><\/table>\r\n<\/div>\r\n<br \/>\n<div class=\"container_slidercamere\">\r\n    <div class=\"sliderCamere\">\r\n        <div class=\"largeContainer\">\r\n            <div class=\"cycle-slideshow\" data-cycle-fx=\"carousel\" data-cycle-timeout=\"2000\" data-cycle-speed=\"1000\"\r\n                data-cycle-carousel-slide-dimension=\"1030\" data-cycle-carousel-offset=\"1030\"\r\n                data-cycle-pause-on-hover=\"true\" data-cycle-swipe=\"true\" >\r\n               \t<img loading=\"lazy\" decoding=\"async\" src=\"https:\/\/www.ashotels.it\/wp-content\/uploads\/2016\/02\/giovi-suite1.jpg\" width=\"1030\" height=\"530\" \/><img loading=\"lazy\" decoding=\"async\" src=\"https:\/\/www.ashotels.it\/wp-content\/uploads\/2016\/02\/giovi-suite2.jpg\" width=\"1030\" height=\"530\" \/><img loading=\"lazy\" decoding=\"async\" src=\"https:\/\/www.ashotels.it\/wp-content\/uploads\/2016\/02\/giovi-suite3.jpg\" width=\"1030\" height=\"530\" \/><img loading=\"lazy\" decoding=\"async\" src=\"https:\/\/www.ashotels.it\/wp-content\/uploads\/2016\/02\/giovi-suite4.jpg\" width=\"1030\" height=\"530\" \/><img loading=\"lazy\" decoding=\"async\" src=\"https:\/\/www.ashotels.it\/wp-content\/uploads\/2016\/02\/giovi-suite5.jpg\" width=\"1030\" height=\"530\" \/>            <\/div>\r\n        <\/div>\r\n        <div class=\"corniceCamere_lato1\"><\/div>\r\n        <div class=\"corniceCamere_lato2\"><\/div>\r\n    <\/div>\r\n    <div class=\"sliderCamereMobile\">\r\n        <div class=\"largeContainer\">\r\n            <div class=\"cycle-slideshow\" data-cycle-fx=\"fade\" data-cycle-timeout=\"2000\" data-cycle-speed=\"1000\" data-cycle-swipe=\"true\" ><img loading=\"lazy\" decoding=\"async\" src=\"https:\/\/www.ashotels.it\/wp-content\/uploads\/2016\/02\/giovi-suite1.jpg\" width=\"1030\" height=\"530\" \/><img loading=\"lazy\" decoding=\"async\" src=\"https:\/\/www.ashotels.it\/wp-content\/uploads\/2016\/02\/giovi-suite2.jpg\" width=\"1030\" height=\"530\" \/><img loading=\"lazy\" decoding=\"async\" src=\"https:\/\/www.ashotels.it\/wp-content\/uploads\/2016\/02\/giovi-suite3.jpg\" width=\"1030\" height=\"530\" \/><img loading=\"lazy\" decoding=\"async\" src=\"https:\/\/www.ashotels.it\/wp-content\/uploads\/2016\/02\/giovi-suite4.jpg\" width=\"1030\" height=\"530\" \/><img loading=\"lazy\" decoding=\"async\" src=\"https:\/\/www.ashotels.it\/wp-content\/uploads\/2016\/02\/giovi-suite5.jpg\" width=\"1030\" height=\"530\" \/><\/div>\r\n        <\/div>\r\n    <\/div>\r\n    <div class=\"nome_camera\">\r\n        <h3>Suite<\/h3>\r\n                <a class=\"bottoncino\" href=\"https:\/\/www.simplebooking.it\/ibe\/hotelbooking\/search?hid=3390&lang=ES&cur=EUR\" target=\"_blank\">Reserva esta habitaci\u00f3n<\/a>\r\n                    <\/div>\r\n<\/div>\r\n<div class=\"container_daticamere\">\r\n\t<table width=\"100%\" border=\"0\" cellpadding=\"0\" cellspacing=\"0\"><tr>\r\n    <td class=\"sinistra\"><p style=\"text-align: JUSTIFY;\"><strong>SUITE<\/strong><br \/>\nLa altura de la elegancia y el espacio, detalles refinados y un mont\u00f3n de brillo para estas suites con zona de estar independiente con sof\u00e1 cama y ba\u00f1o con ducha doble, elegante cama king size y un amplio ba\u00f1o con hidromasaje.<br \/>\nLa soluci\u00f3n ideal para los clientes VIPs que quieren celebrar una ocasi\u00f3n especial como el D\u00eda de San Valent\u00edn o un aniversario.<\/p>\n<hr \/><table class=\"dimensioni\"><tr><td><p><strong>SUPERFICIE DE LA HABITACI\u00d3N SUITE:<\/strong> 26 m\u00b2<\/p>\n<\/td><\/tr><\/table><\/td>\r\n    <td class=\"destra\">\r\n        <p><strong>LOS SERVICIOS DE HABITACIONES SUITE<\/strong><\/p>\n<ul>\n<li>Wi-Fi<\/li>\n<li>Escritorio o mesa y sillas<\/li>\n<li>Doble ducha y jacuzzi<\/li>\n<li>Servicio de cortes\u00eda<\/li>\n<li>2 TV LCD con canales internacionales<\/li>\n<li>Enchufes para las computadoras port\u00e1tiles y tabletas<\/li>\n<li>Aparcamiento gratuito<\/li>\n<li>Cafetera con diferentes sabores de caf\u00e9 y t\u00e9<\/li>\n<\/ul>\n   \t<\/td>\r\n    <\/tr><\/table>\r\n<\/div>\r\n<br \/>\n<div class=\"container_slidercamere\">\r\n    <div class=\"sliderCamere\">\r\n        <div class=\"largeContainer\">\r\n            <div class=\"cycle-slideshow\" data-cycle-fx=\"carousel\" data-cycle-timeout=\"2000\" data-cycle-speed=\"1000\"\r\n                data-cycle-carousel-slide-dimension=\"1030\" data-cycle-carousel-offset=\"1030\"\r\n                data-cycle-pause-on-hover=\"true\" data-cycle-swipe=\"true\" >\r\n               \t<img loading=\"lazy\" decoding=\"async\" src=\"https:\/\/www.ashotels.it\/wp-content\/uploads\/2016\/02\/giovi-economy1.jpg\" width=\"1030\" height=\"530\" \/><img loading=\"lazy\" decoding=\"async\" src=\"https:\/\/www.ashotels.it\/wp-content\/uploads\/2016\/02\/giovi-economy2.jpg\" width=\"1030\" height=\"530\" \/><img loading=\"lazy\" decoding=\"async\" src=\"https:\/\/www.ashotels.it\/wp-content\/uploads\/2016\/02\/giovi-economy3.jpg\" width=\"1030\" height=\"530\" \/><img loading=\"lazy\" decoding=\"async\" src=\"https:\/\/www.ashotels.it\/wp-content\/uploads\/2016\/02\/giovi-economy4.jpg\" width=\"1030\" height=\"530\" \/><img loading=\"lazy\" decoding=\"async\" src=\"https:\/\/www.ashotels.it\/wp-content\/uploads\/2016\/02\/giovi-economy5.jpg\" width=\"1030\" height=\"530\" \/>            <\/div>\r\n        <\/div>\r\n        <div class=\"corniceCamere_lato1\"><\/div>\r\n        <div class=\"corniceCamere_lato2\"><\/div>\r\n    <\/div>\r\n    <div class=\"sliderCamereMobile\">\r\n        <div class=\"largeContainer\">\r\n            <div class=\"cycle-slideshow\" data-cycle-fx=\"fade\" data-cycle-timeout=\"2000\" data-cycle-speed=\"1000\" data-cycle-swipe=\"true\" ><img loading=\"lazy\" decoding=\"async\" src=\"https:\/\/www.ashotels.it\/wp-content\/uploads\/2016\/02\/giovi-economy1.jpg\" width=\"1030\" height=\"530\" \/><img loading=\"lazy\" decoding=\"async\" src=\"https:\/\/www.ashotels.it\/wp-content\/uploads\/2016\/02\/giovi-economy2.jpg\" width=\"1030\" height=\"530\" \/><img loading=\"lazy\" decoding=\"async\" src=\"https:\/\/www.ashotels.it\/wp-content\/uploads\/2016\/02\/giovi-economy3.jpg\" width=\"1030\" height=\"530\" \/><img loading=\"lazy\" decoding=\"async\" src=\"https:\/\/www.ashotels.it\/wp-content\/uploads\/2016\/02\/giovi-economy4.jpg\" width=\"1030\" height=\"530\" \/><img loading=\"lazy\" decoding=\"async\" src=\"https:\/\/www.ashotels.it\/wp-content\/uploads\/2016\/02\/giovi-economy5.jpg\" width=\"1030\" height=\"530\" \/><\/div>\r\n        <\/div>\r\n    <\/div>\r\n    <div class=\"nome_camera\">\r\n        <h3>Smart<\/h3>\r\n                <a class=\"bottoncino\" href=\"https:\/\/www.simplebooking.it\/ibe\/hotelbooking\/search?hid=3390&lang=ES&cur=EUR\" target=\"_blank\">Reserva esta habitaci\u00f3n<\/a>\r\n                    <\/div>\r\n<\/div>\r\n<div class=\"container_daticamere\">\r\n\t<table width=\"100%\" border=\"0\" cellpadding=\"0\" cellspacing=\"0\"><tr>\r\n    <td class=\"sinistra\"><p style=\"text-align: JUSTIFY;\"><strong>HABITACION SMART<\/strong><br \/>\nHabitaciones colocadas en el edificio adiacente con un c\u00f3modo acceso desde el exterior y equipadas con parking delantero. Todas matrimoniales con la posibilidad de una cama adicional, totalmente reformado y amueblado en estilo moderno, dise\u00f1ado para los viajeros de negocios que quieren la m\u00e1xima libertad de movimiento y de una manera m\u00e1s pr\u00e1ctica y econ\u00f3mica.<\/p>\n<hr \/><table class=\"dimensioni\"><tr><td><p><strong>SUPERFICIE DE LA HABITACI\u00d3N SMART:<\/strong> 21 m\u00b2<\/p>\n<\/td><\/tr><\/table><\/td>\r\n    <td class=\"destra\">\r\n        <p><strong>LOS SERVICIOS DE HABITACIONES SMART<\/strong><\/p>\n<ul>\n<li>Wi-Fi<\/li>\n<li>Escritorio o mesa y sillas<\/li>\n<li>Doble ducha<\/li>\n<li>Servicio de cortes\u00eda<\/li>\n<li>TV LCD con canales internacionales<\/li>\n<li>Enchufes para las computadoras port\u00e1tiles y tabletas<\/li>\n<li>Aparcamiento gratuito<\/li>\n<\/ul>\n   \t<\/td>\r\n    <\/tr><\/table>\r\n<\/div>\r\n<\/p>\n","protected":false},"excerpt":{"rendered":"<p>Las modernas habitaciones y suites, recientemente renovadas, de 3 plantas, cada una caracterizada por colores c\u00e1lidos, tonos arena, en l\u00ednea con el mobiliario. Todo perfectamente insonorizado, sala elegante, con estacionamiento tambi\u00e9n frente a la habitacion. Usted puede elegir entre varias<span class=\"ellipsis\">&hellip;<\/span><\/p>\n<div class=\"read-more\"><a href=\"https:\/\/www.ashotels.it\/es\/as-hotel-dei-giovi\/habitaciones-suites\">Leer todo &#8250;<\/a><\/div>\n<p><!-- end of .read-more --><\/p>\n","protected":false},"author":12,"featured_media":0,"parent":732,"menu_order":0,"comment_status":"closed","ping_status":"closed","template":"camere-deigiovi-page.php","meta":{"_acf_changed":false,"inline_featured_image":false,"ngg_post_thumbnail":0,"footnotes":""},"class_list":["post-9170","page","type-page","status-publish","hentry"],"acf":[],"yoast_head":"<!-- This site is optimized with the Yoast SEO plugin v27.0 - https:\/\/yoast.com\/product\/yoast-seo-wordpress\/ -->\n<title>Habitaciones y Suites | AS Hotel dei Giovi<\/title>\n<meta name=\"description\" content=\"La descripci\u00f3n y fotos de las habitaciones y suites de AS Hotel dei Giovi, Todo insonorizado, con estacionamiento tambi\u00e9n frente a la habitacion.\" \/>\n<meta name=\"robots\" content=\"index, follow, max-snippet:-1, max-image-preview:large, max-video-preview:-1\" \/>\n<link rel=\"canonical\" href=\"https:\/\/www.ashotels.it\/es\/as-hotel-dei-giovi\/habitaciones-suites\" \/>\n<meta property=\"og:locale\" content=\"es_ES\" \/>\n<meta property=\"og:type\" content=\"article\" \/>\n<meta property=\"og:title\" content=\"Habitaciones y Suites | AS Hotel dei Giovi\" \/>\n<meta property=\"og:description\" content=\"La descripci\u00f3n y fotos de las habitaciones y suites de AS Hotel dei Giovi, Todo insonorizado, con estacionamiento tambi\u00e9n frente a la habitacion.\" \/>\n<meta property=\"og:url\" content=\"https:\/\/www.ashotels.it\/es\/as-hotel-dei-giovi\/habitaciones-suites\" \/>\n<meta property=\"og:site_name\" content=\"AS Hotels\" \/>\n<meta property=\"article:publisher\" content=\"https:\/\/www.facebook.com\/AsHotels\" \/>\n<meta property=\"article:modified_time\" content=\"2019-02-11T11:32:11+00:00\" \/>\n<meta name=\"twitter:card\" content=\"summary_large_image\" \/>\n<meta name=\"twitter:site\" content=\"@ASHOTELS1\" \/>\n<script type=\"application\/ld+json\" class=\"yoast-schema-graph\">{\"@context\":\"https:\/\/schema.org\",\"@graph\":[{\"@type\":\"WebPage\",\"@id\":\"https:\/\/www.ashotels.it\/es\/as-hotel-dei-giovi\/habitaciones-suites\",\"url\":\"https:\/\/www.ashotels.it\/es\/as-hotel-dei-giovi\/habitaciones-suites\",\"name\":\"Habitaciones y Suites | AS Hotel dei Giovi\",\"isPartOf\":{\"@id\":\"https:\/\/www.ashotels.it\/es#website\"},\"datePublished\":\"2019-01-10T15:45:38+00:00\",\"dateModified\":\"2019-02-11T11:32:11+00:00\",\"description\":\"La descripci\u00f3n y fotos de las habitaciones y suites de AS Hotel dei Giovi, Todo insonorizado, con estacionamiento tambi\u00e9n frente a la habitacion.\",\"breadcrumb\":{\"@id\":\"https:\/\/www.ashotels.it\/es\/as-hotel-dei-giovi\/habitaciones-suites#breadcrumb\"},\"inLanguage\":\"es\",\"potentialAction\":[{\"@type\":\"ReadAction\",\"target\":[\"https:\/\/www.ashotels.it\/es\/as-hotel-dei-giovi\/habitaciones-suites\"]}]},{\"@type\":\"BreadcrumbList\",\"@id\":\"https:\/\/www.ashotels.it\/es\/as-hotel-dei-giovi\/habitaciones-suites#breadcrumb\",\"itemListElement\":[{\"@type\":\"ListItem\",\"position\":1,\"name\":\"Home\",\"item\":\"https:\/\/www.ashotels.it\/es\"},{\"@type\":\"ListItem\",\"position\":2,\"name\":\"Un moderno hotel al norte de Mil\u00e1n\",\"item\":\"https:\/\/www.ashotels.it\/es\/as-hotel-dei-giovi\"},{\"@type\":\"ListItem\",\"position\":3,\"name\":\"Soluciones pr\u00e1cticas adaptadas\"}]},{\"@type\":\"WebSite\",\"@id\":\"https:\/\/www.ashotels.it\/es#website\",\"url\":\"https:\/\/www.ashotels.it\/es\",\"name\":\"AS Hotels\",\"description\":\"\",\"potentialAction\":[{\"@type\":\"SearchAction\",\"target\":{\"@type\":\"EntryPoint\",\"urlTemplate\":\"https:\/\/www.ashotels.it\/es?s={search_term_string}\"},\"query-input\":{\"@type\":\"PropertyValueSpecification\",\"valueRequired\":true,\"valueName\":\"search_term_string\"}}],\"inLanguage\":\"es\"}]}<\/script>\n<!-- \/ Yoast SEO plugin. -->","yoast_head_json":{"title":"Habitaciones y Suites | AS Hotel dei Giovi","description":"La descripci\u00f3n y fotos de las habitaciones y suites de AS Hotel dei Giovi, Todo insonorizado, con estacionamiento tambi\u00e9n frente a la habitacion.","robots":{"index":"index","follow":"follow","max-snippet":"max-snippet:-1","max-image-preview":"max-image-preview:large","max-video-preview":"max-video-preview:-1"},"canonical":"https:\/\/www.ashotels.it\/es\/as-hotel-dei-giovi\/habitaciones-suites","og_locale":"es_ES","og_type":"article","og_title":"Habitaciones y Suites | AS Hotel dei Giovi","og_description":"La descripci\u00f3n y fotos de las habitaciones y suites de AS Hotel dei Giovi, Todo insonorizado, con estacionamiento tambi\u00e9n frente a la habitacion.","og_url":"https:\/\/www.ashotels.it\/es\/as-hotel-dei-giovi\/habitaciones-suites","og_site_name":"AS Hotels","article_publisher":"https:\/\/www.facebook.com\/AsHotels","article_modified_time":"2019-02-11T11:32:11+00:00","twitter_card":"summary_large_image","twitter_site":"@ASHOTELS1","schema":{"@context":"https:\/\/schema.org","@graph":[{"@type":"WebPage","@id":"https:\/\/www.ashotels.it\/es\/as-hotel-dei-giovi\/habitaciones-suites","url":"https:\/\/www.ashotels.it\/es\/as-hotel-dei-giovi\/habitaciones-suites","name":"Habitaciones y Suites | AS Hotel dei Giovi","isPartOf":{"@id":"https:\/\/www.ashotels.it\/es#website"},"datePublished":"2019-01-10T15:45:38+00:00","dateModified":"2019-02-11T11:32:11+00:00","description":"La descripci\u00f3n y fotos de las habitaciones y suites de AS Hotel dei Giovi, Todo insonorizado, con estacionamiento tambi\u00e9n frente a la habitacion.","breadcrumb":{"@id":"https:\/\/www.ashotels.it\/es\/as-hotel-dei-giovi\/habitaciones-suites#breadcrumb"},"inLanguage":"es","potentialAction":[{"@type":"ReadAction","target":["https:\/\/www.ashotels.it\/es\/as-hotel-dei-giovi\/habitaciones-suites"]}]},{"@type":"BreadcrumbList","@id":"https:\/\/www.ashotels.it\/es\/as-hotel-dei-giovi\/habitaciones-suites#breadcrumb","itemListElement":[{"@type":"ListItem","position":1,"name":"Home","item":"https:\/\/www.ashotels.it\/es"},{"@type":"ListItem","position":2,"name":"Un moderno hotel al norte de Mil\u00e1n","item":"https:\/\/www.ashotels.it\/es\/as-hotel-dei-giovi"},{"@type":"ListItem","position":3,"name":"Soluciones pr\u00e1cticas adaptadas"}]},{"@type":"WebSite","@id":"https:\/\/www.ashotels.it\/es#website","url":"https:\/\/www.ashotels.it\/es","name":"AS Hotels","description":"","potentialAction":[{"@type":"SearchAction","target":{"@type":"EntryPoint","urlTemplate":"https:\/\/www.ashotels.it\/es?s={search_term_string}"},"query-input":{"@type":"PropertyValueSpecification","valueRequired":true,"valueName":"search_term_string"}}],"inLanguage":"es"}]}},"_links":{"self":[{"href":"https:\/\/www.ashotels.it\/es\/wp-json\/wp\/v2\/pages\/9170","targetHints":{"allow":["GET"]}}],"collection":[{"href":"https:\/\/www.ashotels.it\/es\/wp-json\/wp\/v2\/pages"}],"about":[{"href":"https:\/\/www.ashotels.it\/es\/wp-json\/wp\/v2\/types\/page"}],"author":[{"embeddable":true,"href":"https:\/\/www.ashotels.it\/es\/wp-json\/wp\/v2\/users\/12"}],"replies":[{"embeddable":true,"href":"https:\/\/www.ashotels.it\/es\/wp-json\/wp\/v2\/comments?post=9170"}],"version-history":[{"count":1,"href":"https:\/\/www.ashotels.it\/es\/wp-json\/wp\/v2\/pages\/9170\/revisions"}],"predecessor-version":[{"id":9177,"href":"https:\/\/www.ashotels.it\/es\/wp-json\/wp\/v2\/pages\/9170\/revisions\/9177"}],"up":[{"embeddable":true,"href":"https:\/\/www.ashotels.it\/es\/wp-json\/wp\/v2\/pages\/732"}],"wp:attachment":[{"href":"https:\/\/www.ashotels.it\/es\/wp-json\/wp\/v2\/media?parent=9170"}],"curies":[{"name":"wp","href":"https:\/\/api.w.org\/{rel}","templated":true}]}}